{"id":64,"date":"2013-12-20T11:11:34","date_gmt":"2013-12-20T09:11:34","guid":{"rendered":"http:\/\/cadredidactice.ub.ro\/vasilepostolica\/?page_id=64"},"modified":"2018-10-31T14:07:58","modified_gmt":"2018-10-31T12:07:58","slug":"teme-gradul-i","status":"publish","type":"page","link":"https:\/\/cadredidactice.ub.ro\/vasilepostolica\/teme-gradul-i\/","title":{"rendered":"Teme gradul I 2019"},"content":{"rendered":"<h3>TEME PROPUSE PENTRU LUCR\u0102RILE METODICO-\u015eTIIN\u0162IFICE AFERENTE GRADULUI DIDACTIC I, 2018-2019<\/h3>\n<ol>\n<li>Cultur\u0103 \u015fi matematic\u0103.<\/li>\n<li>Educa\u0163ia prin matematic\u0103.<\/li>\n<li>Matematic\u0103 \u015fi informatizare (pre\u015fcolari; \u00eenv\u0103\u0163\u0103m\u00e2ntul primar; gimnaziu; colegiu).<\/li>\n<li>Comunicare prin matematic\u0103.<\/li>\n<li>Fundamentele matematicii \u00een lec\u0163iile curente.<\/li>\n<li>Activit\u0103\u0163i diferen\u0163iate \u00een lec\u0163iile curente de matematic\u0103.<\/li>\n<li>Lec\u0163ii de matematic\u0103 centrate pe activit\u0103\u0163i de grup.<\/li>\n<li>Ponderea computerelor \u00een lec\u0163ii.<\/li>\n<li>Creativitate \u015fi joc \u00een activit\u0103\u0163ile cu con\u0163inut matematic.<\/li>\n<li>Rolul materialului didactic \u00een lec\u0163iile de matematic\u0103<\/li>\n<li>Rolul matematicii \u00een dezvoltarea personalit\u0103\u0163ii copilului.<\/li>\n<li>Asupra cercurilor de matematic\u0103 ale elevilor.<\/li>\n<li>Consilierea \u015fcolar\u0103 a elevilor prin matematic\u0103.<\/li>\n<li>Jocurile cu con\u0163inut matematic \u00een dezvoltarea g\u00e2ndirii.<\/li>\n<li>Interdisciplinaritatea proiectat\u0103 gradual \u00een \u00eenv\u0103\u0163\u0103m\u00e2ntul cu con\u0163inut matematic rom\u00e2nesc.<\/li>\n<li>Erori, gre\u015feli \u015fi solu\u0163ii diferen\u0163iate pentru \u00eenv\u0103\u0163\u0103m\u00e2ntul cu con\u0163inut matematic actual \u015fi de perspectiv\u0103.<\/li>\n<li>Inegalit\u0103\u0163i \u015fi probleme de extrem.<\/li>\n<li>Profilul instructiv \u2013 educativ actual al profesorilor de matematic\u0103.<\/li>\n<li>Performan\u0163e prin matematic\u0103.<\/li>\n<li>\u00cenv\u0103\u0163\u0103m\u00e2ntul cu con\u0163inut matematic la distan\u0163\u0103: constat\u0103ri, chestiuni actuale \u015fi de perspectiv\u0103, propuneri.<\/li>\n<li>Probleme actuale privind predarea\/\u00eenv\u0103\u0163area algebrei, analizei matematice, geometriei, informaticii, teoriei probabilit\u0103\u0163ilor \u015fi statistica matematic\u0103.<\/li>\n<li>Simul\u0103ri \u015fi model\u0103ri prin \u00eenv\u0103\u0163\u0103m\u00e2ntul cu con\u0163inut matematic.<\/li>\n<li>Optimiz\u0103ri prin matematic\u0103 \u015fi aplica\u0163ii.<\/li>\n<li>Tehnici inovatoare pentru \u00eenv\u0103\u0163\u0103m\u00e2ntul cu con\u0163inut matematic.<\/li>\n<\/ol>\n<h3>Bibliografie selectiv\u0103<\/h3>\n<ol>\n<li>Dumitriu, Gh.- Sistemul cognitiv \u015fi dezvoltarea competen\u0163elor. Editura Didactic\u0103 \u015fi Pedagogic\u0103, Bucure\u015fti, 2004.<\/li>\n<li>Dumitriu, Gh., Dumitriu, C.- Psihopedagogie. Editura Didactic\u0103 \u015fi Pedagogic\u0103, Bucure\u015fti, 2004.<\/li>\n<li>Guran, E. \u2013 Matematic\u0103 recreativ\u0103. Editura Junimea, Ia\u015fi, 1985.<\/li>\n<li>Lupu, C.- Didactica matematicii pentru \u00eenv\u0103\u0163\u0103m\u00e2ntul pre\u015fcolar \u015fi primar. Editura Caba, Bucure\u015fti, 2006.<\/li>\n<li>Maftei, I. V., Piticari, M.- Inegalit\u0103\u0163i alese \u00een matematic\u0103. Editura Niculescu, Bucure\u015fti, 2005.<\/li>\n<li>Marcus, S. \u2013 \u015eocul matematicii. Editura Albatros, Bucure\u015fti, 1987.<\/li>\n<li>Neagu, Gh., Neagu Narcisa-Maria \u2013 Teme alese de metodica pred\u0103rii matematicii. Editura Plumb, Bac\u0103u, 2003.<\/li>\n<li>Postolic\u0103, V.- Baze ale matematicii actualizate prin eficien\u0163\u0103. Editura Matrix Rom, Bucure\u015fti, 2008.<\/li>\n<li>Postolic\u0103, V.- Optimizare \u015fi aplica\u0163ii: spa\u0163ii abstracte, eficien\u0163\u0103, proiec\u0163ii immediate \u015fi de perspectiv\u0103. Editura Matrix Rom, Bucure\u015fti, 2009.<\/li>\n<li>Preda, V.- Educa\u0163ia pentru \u015ftiin\u0163\u0103 \u00een gr\u0103dini\u0163\u0103. Editura Compania, 2000.<\/li>\n<li>Tom\u015fa, G., Oprescu, N.- Bazele teoretice ale psihopedagogiei pre\u015fcolare. Editura V&amp;I Integral, Bucure\u015fti, 2007.<\/li>\n<li>Voiculescu, E.- Factorii subiectivi ai evalu\u0103rii \u015fcolare. Editura Aramis, Bucure\u015fti, 2002.<\/li>\n<\/ol>\n<p><strong>01 Octombrie 2018,<\/strong><br \/>\n<strong>Prof. Univ. Dr. Vasile Postolic\u0103.<\/strong><\/p>\n","protected":false},"excerpt":{"rendered":"<p>TEME PROPUSE PENTRU LUCR\u0102RILE METODICO-\u015eTIIN\u0162IFICE AFERENTE GRADULUI DIDACTIC I, 2018-2019 Cultur\u0103 \u015fi matematic\u0103. Educa\u0163ia prin matematic\u0103. Matematic\u0103 \u015fi informatizare (pre\u015fcolari; \u00eenv\u0103\u0163\u0103m\u00e2ntul primar; gimnaziu; colegiu). Comunicare prin matematic\u0103. Fundamentele matematicii \u00een lec\u0163iile curente. Activit\u0103\u0163i diferen\u0163iate \u00een lec\u0163iile curente de matematic\u0103. Lec\u0163ii &hellip;<\/p>\n<p class=\"read-more\"><a href=\"https:\/\/cadredidactice.ub.ro\/vasilepostolica\/teme-gradul-i\/\">Continue reading<\/a><\/p>\n","protected":false},"author":1,"featured_media":0,"parent":0,"menu_order":0,"comment_status":"closed","ping_status":"closed","template":"","meta":{"footnotes":""},"class_list":["post-64","page","type-page","status-publish","hentry"],"_links":{"self":[{"href":"https:\/\/cadredidactice.ub.ro\/vasilepostolica\/wp-json\/wp\/v2\/pages\/64","targetHints":{"allow":["GET"]}}],"collection":[{"href":"https:\/\/cadredidactice.ub.ro\/vasilepostolica\/wp-json\/wp\/v2\/pages"}],"about":[{"href":"https:\/\/cadredidactice.ub.ro\/vasilepostolica\/wp-json\/wp\/v2\/types\/page"}],"author":[{"embeddable":true,"href":"https:\/\/cadredidactice.ub.ro\/vasilepostolica\/wp-json\/wp\/v2\/users\/1"}],"replies":[{"embeddable":true,"href":"https:\/\/cadredidactice.ub.ro\/vasilepostolica\/wp-json\/wp\/v2\/comments?post=64"}],"version-history":[{"count":7,"href":"https:\/\/cadredidactice.ub.ro\/vasilepostolica\/wp-json\/wp\/v2\/pages\/64\/revisions"}],"predecessor-version":[{"id":202,"href":"https:\/\/cadredidactice.ub.ro\/vasilepostolica\/wp-json\/wp\/v2\/pages\/64\/revisions\/202"}],"wp:attachment":[{"href":"https:\/\/cadredidactice.ub.ro\/vasilepostolica\/wp-json\/wp\/v2\/media?parent=64"}],"curies":[{"name":"wp","href":"https:\/\/api.w.org\/{rel}","templated":true}]}}