{"id":58,"date":"2013-12-20T11:07:30","date_gmt":"2013-12-20T09:07:30","guid":{"rendered":"http:\/\/cadredidactice.ub.ro\/vasilepostolica\/?page_id=58"},"modified":"2018-10-31T14:07:18","modified_gmt":"2018-10-31T12:07:18","slug":"teme-propuse-pentru-disertatie-mm-2014","status":"publish","type":"page","link":"https:\/\/cadredidactice.ub.ro\/vasilepostolica\/teme-propuse-pentru-disertatie-mm-2014\/","title":{"rendered":"Teme propuse pentru diserta\u0163ie MM 2019"},"content":{"rendered":"<ol>\n<li>Sisteme fundamentale de axiome din Matematica actual\u0103 \u015fi implica\u0163iile\/aplica\u0163iile mediate aferente.<\/li>\n<li>Topologii \u015fi aplicabilit\u0103\u0163i.<\/li>\n<li>\u015eiruri generalizate implicate \u00een diverse structuri.<\/li>\n<li>Completitudine \u015fi compactitate \u00een diferite spa\u0163ii topologice: caracteriz\u0103ri, exemple, aplica\u0163ii.<\/li>\n<li>Metrizabilitate. Spa\u0163ii metrice concrete: R, Rn, R-. Extensii. Aplica\u0163ii.<\/li>\n<li>Topologii slabe \u015fi aplica\u0163ii.<\/li>\n<li>Func\u0163ii spline \u015fi aplica\u0163ii<\/li>\n<li>Structuri de ordine.<\/li>\n<li>Conuri Isac (supernormale) \u015fi aplica\u0163ii.<\/li>\n<li>Clase de operatori implica\u0163i \u00een programele de optimizare.<\/li>\n<li>Optimizare tare ; aplica\u0163ii.<\/li>\n<li>Optimizare vectorial\u0103 ; aplica\u0163ii.<\/li>\n<li>Eficien\u0163\u0103 \u015fi optimizare.<\/li>\n<li>Programe de optimizare cu multifunc\u0163ii.<\/li>\n<\/ol>\n<h3>Bibliografie Selectiv\u0103<\/h3>\n<ol>\n<li>Maruyama Toru, Takahashi Wataru &#8211; Nonlinear and Convex Analysis in Economic Theory. Springer-Verlag Berlin Heidelberg, 1995.<\/li>\n<li>Postolic\u0103, V. &#8211; Eficien\u0163\u0103 prin Matematic\u0103 Aplicat\u0103*: Analiz\u0103 Matematic\u0103. Aplica\u0163ii Imediate. Eficien\u0163\u0103 Actual\u0103 \u015fi de Perspectiv\u0103. Editura Matrix Rom, Bucure\u015fti, 2006, ISBN (10) 973-755-108-7,ISBN (13) 978-973-755-108-5.<\/li>\n<li>Postolic\u0103, V. &#8211; Eficien\u0163\u0103 prin Matematic\u0103 Aplicat\u0103**: Analiz\u0103 Matematic\u0103. Aplica\u0163ii Multiple. Eficien\u0163\u0103 \u015fi Optimizare. Editura Matrix Rom, Bucure\u015fti, 2007, ISBN 978-973-755-274-7.<\/li>\n<li>Postolic\u0103, V., Garrido, A. \u2013 Modern Optimization. Editura Matrix Rom, Bucure\u015fti, 2011, ISBN 978-973-755-697-4<\/li>\n<\/ol>\n<p><strong>01 Octombrie 2018,<\/strong><br \/>\n<strong> Prof. Univ. Dr. Vasile Postolic\u0103.<\/strong><\/p>\n","protected":false},"excerpt":{"rendered":"<p>Sisteme fundamentale de axiome din Matematica actual\u0103 \u015fi implica\u0163iile\/aplica\u0163iile mediate aferente. Topologii \u015fi aplicabilit\u0103\u0163i. \u015eiruri generalizate implicate \u00een diverse structuri. Completitudine \u015fi compactitate \u00een diferite spa\u0163ii topologice: caracteriz\u0103ri, exemple, aplica\u0163ii. Metrizabilitate. Spa\u0163ii metrice concrete: R, Rn, R-. Extensii. Aplica\u0163ii. Topologii &hellip;<\/p>\n<p class=\"read-more\"><a href=\"https:\/\/cadredidactice.ub.ro\/vasilepostolica\/teme-propuse-pentru-disertatie-mm-2014\/\">Continue reading<\/a><\/p>\n","protected":false},"author":1,"featured_media":0,"parent":0,"menu_order":0,"comment_status":"closed","ping_status":"closed","template":"","meta":{"footnotes":""},"class_list":["post-58","page","type-page","status-publish","hentry"],"_links":{"self":[{"href":"https:\/\/cadredidactice.ub.ro\/vasilepostolica\/wp-json\/wp\/v2\/pages\/58","targetHints":{"allow":["GET"]}}],"collection":[{"href":"https:\/\/cadredidactice.ub.ro\/vasilepostolica\/wp-json\/wp\/v2\/pages"}],"about":[{"href":"https:\/\/cadredidactice.ub.ro\/vasilepostolica\/wp-json\/wp\/v2\/types\/page"}],"author":[{"embeddable":true,"href":"https:\/\/cadredidactice.ub.ro\/vasilepostolica\/wp-json\/wp\/v2\/users\/1"}],"replies":[{"embeddable":true,"href":"https:\/\/cadredidactice.ub.ro\/vasilepostolica\/wp-json\/wp\/v2\/comments?post=58"}],"version-history":[{"count":6,"href":"https:\/\/cadredidactice.ub.ro\/vasilepostolica\/wp-json\/wp\/v2\/pages\/58\/revisions"}],"predecessor-version":[{"id":200,"href":"https:\/\/cadredidactice.ub.ro\/vasilepostolica\/wp-json\/wp\/v2\/pages\/58\/revisions\/200"}],"wp:attachment":[{"href":"https:\/\/cadredidactice.ub.ro\/vasilepostolica\/wp-json\/wp\/v2\/media?parent=58"}],"curies":[{"name":"wp","href":"https:\/\/api.w.org\/{rel}","templated":true}]}}