{"id":130,"date":"2016-11-02T15:04:04","date_gmt":"2016-11-02T13:04:04","guid":{"rendered":"http:\/\/cadredidactice.ub.ro\/vasilepostolica\/?page_id=130"},"modified":"2018-10-31T14:07:04","modified_gmt":"2018-10-31T12:07:04","slug":"teme-de-disertatie-md1-2017","status":"publish","type":"page","link":"https:\/\/cadredidactice.ub.ro\/vasilepostolica\/teme-de-disertatie-md1-2017\/","title":{"rendered":"Teme propuse pentru diserta\u021bie MD1 2019"},"content":{"rendered":"<ol>\n<li>Spa\u0163ii topologice. \u015eiruri generalizate. Caracteriz\u0103ri aferente.<\/li>\n<li>Spa\u0163ii metrice. Propriet\u0103\u0163i caracteristice.<\/li>\n<li>Spa\u0163ii liniare normate. Spa\u0163ii Hilbert.<\/li>\n<li>Structurile uzuale de spa\u0163ii metrice pentru R, , R<sup>n<\/sup>.<\/li>\n<li>Fundamente ale Analizei matematice \u00een lec\u0163iile curente.<\/li>\n<li>Func\u0163iile cu varia\u0163ie m\u0103rginit\u0103 implicate \u00een rectificabilitatea Jordan.<\/li>\n<li>Serii Fourier \u015fi aplica\u0163ii \u00een studiul semnalelor.<\/li>\n<li>Lec\u0163ii de Analiz\u0103 matematic\u0103 realizate folosind computerele.<\/li>\n<li>Integrale de tip Riemann \u2013 Stieltjes \u015fi importan\u0163a lor.<\/li>\n<li>Convergen\u0163\u0103\/Divergen\u0163\u0103 \u00een spa\u0163ii Euclidiene.<\/li>\n<li>Limit\u0103, continuitate \u015fi diferen\u0163iabilitate pentru func\u0163ii vectoriale.<\/li>\n<li>Integrale Riemann \u015fi generaliz\u0103ri imediate.<\/li>\n<li>Inegalit\u0103\u0163i clasice solu\u0163ionate prin Analiz\u0103 matematic\u0103 \u015fi probleme de extrem.<\/li>\n<li>Analiza matematic\u0103 \u00een cercurile de matematic\u0103 ale elevilor.<\/li>\n<li>Erori, gre\u015feli \u015fi solu\u0163ii diferen\u0163iate pentru lec\u0163iile de Analiz\u0103 matematic\u0103.<\/li>\n<li>Performan\u0163e prin Analiza matematic\u0103.<\/li>\n<\/ol>\n<h2>Bibliografie selectiv\u0103<\/h2>\n<ol>\n<li>\u00a0Barry Simon \u2013 A Comprehensive Course in Analysis (<a href=\"http:\/\/www.facebook.com\/simon.analysis\">www.facebook.com\/simon.analysis<\/a>; <a href=\"http:\/\/www.ams.org\/simon-set\">www.ams.org\/simon-set<\/a>)<\/li>\n<li>Dic\u0163ionar de Analiz\u0103 matematic\u0103 (coord. Acad. Romulus Cristescu) \u2013 Editura \u015etiin\u0163ific\u0103 \u015fi Enciclopedic\u0103, Bucure\u015fti, 1989.<\/li>\n<li>Postolic\u0103, V.- Eficien\u0163\u01ce prin Matematic\u01ce Aplicat\u01ce**: Analiz\u0103 Matematic\u0103. Aplica\u0163ii multiple. Eficien\u0163a \u015fi Optimizare. Editura Matrix Rom, Bucure\u015fti, 2007.<\/li>\n<li>Postolic\u0103, V. &#8211; Baze ale matematicii actualizate prin Eficien\u0163\u0103. Editura Matrix Rom, Bucure\u015fti, 2008.<\/li>\n<li>Postolic\u0103, V.- Optimizare \u015fi aplica\u0163ii: spa\u0163ii abstracte, eficien\u0163\u0103, proiec\u0163ii immediate \u015fi de perspectiv\u0103. Editura Matrix Rom, Bucure\u015fti, 2009.<\/li>\n<li>Postolic\u0103, V. \u2013 Incursiuni necesare Matematicii Didactice. Editura Matrix Rom, Bucure\u015fti, 2013.<\/li>\n<li>Precupanu Anca \u2013 Bazele Analizei Matematice. Editura Canova, Ia\u015fi, 1993.<\/li>\n<li>St\u0103n\u0103\u015fil\u0103 Octavian \u2013 Analiz\u0103 Matematic\u0103. Editura Didactic\u0103 \u015fi Pedagogic\u0103, Bucure\u015fti, 1979.<\/li>\n<li>St\u0103n\u0103\u015fil\u0103 Octavian \u2013 Analiza Matematic\u0103 a Semnalelor \u015fi Ondinelor. Editura Matrix Rom, Bucure\u015fti, 1997.<\/li>\n<\/ol>\n<p>01 Octombrie 2018,<br \/>\nProf. Univ. Dr. Vasile Postolic\u0103.<\/p>\n","protected":false},"excerpt":{"rendered":"<p>Spa\u0163ii topologice. \u015eiruri generalizate. Caracteriz\u0103ri aferente. Spa\u0163ii metrice. Propriet\u0103\u0163i caracteristice. Spa\u0163ii liniare normate. Spa\u0163ii Hilbert. Structurile uzuale de spa\u0163ii metrice pentru R, , Rn. Fundamente ale Analizei matematice \u00een lec\u0163iile curente. Func\u0163iile cu varia\u0163ie m\u0103rginit\u0103 implicate \u00een rectificabilitatea Jordan. Serii &hellip;<\/p>\n<p class=\"read-more\"><a href=\"https:\/\/cadredidactice.ub.ro\/vasilepostolica\/teme-de-disertatie-md1-2017\/\">Continue reading<\/a><\/p>\n","protected":false},"author":1,"featured_media":0,"parent":0,"menu_order":0,"comment_status":"closed","ping_status":"closed","template":"","meta":{"footnotes":""},"class_list":["post-130","page","type-page","status-publish","hentry"],"_links":{"self":[{"href":"https:\/\/cadredidactice.ub.ro\/vasilepostolica\/wp-json\/wp\/v2\/pages\/130","targetHints":{"allow":["GET"]}}],"collection":[{"href":"https:\/\/cadredidactice.ub.ro\/vasilepostolica\/wp-json\/wp\/v2\/pages"}],"about":[{"href":"https:\/\/cadredidactice.ub.ro\/vasilepostolica\/wp-json\/wp\/v2\/types\/page"}],"author":[{"embeddable":true,"href":"https:\/\/cadredidactice.ub.ro\/vasilepostolica\/wp-json\/wp\/v2\/users\/1"}],"replies":[{"embeddable":true,"href":"https:\/\/cadredidactice.ub.ro\/vasilepostolica\/wp-json\/wp\/v2\/comments?post=130"}],"version-history":[{"count":9,"href":"https:\/\/cadredidactice.ub.ro\/vasilepostolica\/wp-json\/wp\/v2\/pages\/130\/revisions"}],"predecessor-version":[{"id":199,"href":"https:\/\/cadredidactice.ub.ro\/vasilepostolica\/wp-json\/wp\/v2\/pages\/130\/revisions\/199"}],"wp:attachment":[{"href":"https:\/\/cadredidactice.ub.ro\/vasilepostolica\/wp-json\/wp\/v2\/media?parent=130"}],"curies":[{"name":"wp","href":"https:\/\/api.w.org\/{rel}","templated":true}]}}