{"id":12,"date":"2011-03-12T18:43:29","date_gmt":"2011-03-12T16:43:29","guid":{"rendered":"http:\/\/cadredidactice.ub.ro\/vasilepostolica\/?page_id=12"},"modified":"2018-10-31T14:07:33","modified_gmt":"2018-10-31T12:07:33","slug":"teme-de-licenta","status":"publish","type":"page","link":"https:\/\/cadredidactice.ub.ro\/vasilepostolica\/teme-de-licenta\/","title":{"rendered":"Teme propuse pentru licen\u0163\u0103 2019"},"content":{"rendered":"<ol>\n<li>Sisteme fundamentale de axiome din Matematic\u0103 \u015fi implica\u0163iile lor.<\/li>\n<li>Func\u0163ii convexe \u015fi aplica\u0163ii.<\/li>\n<li>Limit\u0103 \u015fi continuitate \u00een spa\u0163ii topologice arbitrare. Aplica\u0163ii.<\/li>\n<li>Rolul \u015firurilor generalizate \u00een diverse structuri.<\/li>\n<li>Metrizabilitate. Spa\u0163ii metrice concrete: R, Rn, R-. Extensii. Aplica\u0163ii.<\/li>\n<li>Func\u0163ii spline \u015fi aplica\u0163ii curente imediate.<\/li>\n<li>Topologii compatibile cu structurile de spa\u0163ii liniare.<\/li>\n<li>Completitudine \u015fi compactitate \u00een spa\u0163ii liniare topologice: caracteriz\u0103ri, exemple, aplica\u0163ii.<\/li>\n<li>Aproximare \u015fi interpolare optimal\u0103 pentru func\u0163iile reale de argument real.<\/li>\n<li>Clase de operatori pe spa\u0163ii liniare. Aplica\u0163ii.<\/li>\n<li>Cardinale \u015fi aplica\u0163ii imediate.<\/li>\n<li>Diferen\u0163iabilitatea func\u0163iilor reale. Aplica\u0163ii.<\/li>\n<li>Integrale multiple \u00een spa\u0163ii Euclidiene. Aplica\u0163ii.<\/li>\n<li>Problema general\u0103 a celei mai bune aproxim\u0103ri. Interpret\u0103ri, proiec\u0163ii \u015fi aplica\u0163ii.<\/li>\n<\/ol>\n<h3>Bibliografie Selectiv\u0103<\/h3>\n<ol>\n<li>Costinescu Olga \u2013 Elemente de topologie general\u0103. Editura Tehnic\u0103, Bucure\u015fti, 1969.<\/li>\n<li>Lang Serge &#8211; Undergraduate Analysis. Springer-Verlag, New York, Berlin, Heidelberg, Tokyo, 1989.<\/li>\n<li>Postolic\u0103 V. &#8211; Spline functions in H-locally convex spaces. Ann. St. Univ. \u201eAl. I. Cuza\u201d Ia\u015fi, Rom\u00e2nia, 27, 1981, p. 333-338.<\/li>\n<li>Postolic\u0103, V. &#8211; Sinteze din Fundamentele Matematicii \u015fi Aplica\u0163ii. Editura Matrix Rom, Bucure\u015fti, 2007, ISBN 978-973-755-132-0.<\/li>\n<li>Postolic\u0103 V. &#8211; Matematici Aplicate. Analiz\u0103 Matematic\u0103. Aplica\u0163ii imediate \u015fi de perspectiv\u0103. Editura Alma Mater, Bac\u0103u, 2011, ISBN 978-606-527-157-9.<\/li>\n<\/ol>\n<p><strong>01 Octombrie 2018,<\/strong><br \/>\n<strong>Prof. Univ. Dr. Vasile Postolic\u0103.<\/strong><\/p>\n","protected":false},"excerpt":{"rendered":"<p>Sisteme fundamentale de axiome din Matematic\u0103 \u015fi implica\u0163iile lor. Func\u0163ii convexe \u015fi aplica\u0163ii. Limit\u0103 \u015fi continuitate \u00een spa\u0163ii topologice arbitrare. Aplica\u0163ii. Rolul \u015firurilor generalizate \u00een diverse structuri. Metrizabilitate. Spa\u0163ii metrice concrete: R, Rn, R-. Extensii. Aplica\u0163ii. Func\u0163ii spline \u015fi aplica\u0163ii &hellip;<\/p>\n<p class=\"read-more\"><a href=\"https:\/\/cadredidactice.ub.ro\/vasilepostolica\/teme-de-licenta\/\">Continue reading<\/a><\/p>\n","protected":false},"author":171,"featured_media":0,"parent":0,"menu_order":0,"comment_status":"closed","ping_status":"closed","template":"","meta":{"footnotes":""},"class_list":["post-12","page","type-page","status-publish","hentry"],"_links":{"self":[{"href":"https:\/\/cadredidactice.ub.ro\/vasilepostolica\/wp-json\/wp\/v2\/pages\/12","targetHints":{"allow":["GET"]}}],"collection":[{"href":"https:\/\/cadredidactice.ub.ro\/vasilepostolica\/wp-json\/wp\/v2\/pages"}],"about":[{"href":"https:\/\/cadredidactice.ub.ro\/vasilepostolica\/wp-json\/wp\/v2\/types\/page"}],"author":[{"embeddable":true,"href":"https:\/\/cadredidactice.ub.ro\/vasilepostolica\/wp-json\/wp\/v2\/users\/171"}],"replies":[{"embeddable":true,"href":"https:\/\/cadredidactice.ub.ro\/vasilepostolica\/wp-json\/wp\/v2\/comments?post=12"}],"version-history":[{"count":4,"href":"https:\/\/cadredidactice.ub.ro\/vasilepostolica\/wp-json\/wp\/v2\/pages\/12\/revisions"}],"predecessor-version":[{"id":201,"href":"https:\/\/cadredidactice.ub.ro\/vasilepostolica\/wp-json\/wp\/v2\/pages\/12\/revisions\/201"}],"wp:attachment":[{"href":"https:\/\/cadredidactice.ub.ro\/vasilepostolica\/wp-json\/wp\/v2\/media?parent=12"}],"curies":[{"name":"wp","href":"https:\/\/api.w.org\/{rel}","templated":true}]}}