{"id":18,"date":"2011-03-12T18:55:06","date_gmt":"2011-03-12T16:55:06","guid":{"rendered":"http:\/\/cadredidactice.ub.ro\/valerniminet\/?page_id=18"},"modified":"2025-04-26T14:07:44","modified_gmt":"2025-04-26T12:07:44","slug":"teme-de-licenta","status":"publish","type":"page","link":"https:\/\/cadredidactice.ub.ro\/valerniminet\/teme-de-licenta\/","title":{"rendered":"Teme de licenta"},"content":{"rendered":"<p>Lista temelor de licen\u0163\u0103 pentru anul universitar 2025-2026, specializarea Matematic\u0103, se g\u0103se\u015fte pe pagina facult\u0103\u021bii https:\/\/www.ub.ro\/stiinte\/studenti\/finalizare-studii sau la avizierul Facult\u0103\u0163ii de \u015etiin\u0163e, corpul D, etajul II.<\/p>\n","protected":false},"excerpt":{"rendered":"<p>Lista temelor de licen\u0163\u0103 pentru anul universitar 2025-2026, specializarea Matematic\u0103, se g\u0103se\u015fte pe pagina facult\u0103\u021bii https:\/\/www.ub.ro\/stiinte\/studenti\/finalizare-studii sau la avizierul Facult\u0103\u0163ii de \u015etiin\u0163e, corpul D, etajul II.<\/p>\n","protected":false},"author":174,"featured_media":0,"parent":0,"menu_order":0,"comment_status":"closed","ping_status":"closed","template":"","meta":{"footnotes":""},"class_list":["post-18","page","type-page","status-publish","hentry"],"_links":{"self":[{"href":"https:\/\/cadredidactice.ub.ro\/valerniminet\/wp-json\/wp\/v2\/pages\/18","targetHints":{"allow":["GET"]}}],"collection":[{"href":"https:\/\/cadredidactice.ub.ro\/valerniminet\/wp-json\/wp\/v2\/pages"}],"about":[{"href":"https:\/\/cadredidactice.ub.ro\/valerniminet\/wp-json\/wp\/v2\/types\/page"}],"author":[{"embeddable":true,"href":"https:\/\/cadredidactice.ub.ro\/valerniminet\/wp-json\/wp\/v2\/users\/174"}],"replies":[{"embeddable":true,"href":"https:\/\/cadredidactice.ub.ro\/valerniminet\/wp-json\/wp\/v2\/comments?post=18"}],"version-history":[{"count":2,"href":"https:\/\/cadredidactice.ub.ro\/valerniminet\/wp-json\/wp\/v2\/pages\/18\/revisions"}],"predecessor-version":[{"id":33,"href":"https:\/\/cadredidactice.ub.ro\/valerniminet\/wp-json\/wp\/v2\/pages\/18\/revisions\/33"}],"wp:attachment":[{"href":"https:\/\/cadredidactice.ub.ro\/valerniminet\/wp-json\/wp\/v2\/media?parent=18"}],"curies":[{"name":"wp","href":"https:\/\/api.w.org\/{rel}","templated":true}]}}