{"id":14,"date":"2011-03-12T18:53:34","date_gmt":"2011-03-12T16:53:34","guid":{"rendered":"http:\/\/cadredidactice.ub.ro\/valerniminet\/?page_id=14"},"modified":"2025-04-26T14:29:19","modified_gmt":"2025-04-26T12:29:19","slug":"despre","status":"publish","type":"page","link":"https:\/\/cadredidactice.ub.ro\/valerniminet\/despre\/","title":{"rendered":"Despre"},"content":{"rendered":"<p><strong>\u00a0Valer Nimine\u021b<\/strong>\u00a0este <em>conferen\u021biar universitar doctor <\/em>\u00een cadrul Departamentului de Matematic\u0103 \u0219i Informatic\u0103 precum \u0219i responsabil al Compartimentului IFR pentru programul de studii Informatic\u0103, Facultatea de \u0218tiin\u021be, Universitatea ,,Vasile Alecsandri\u201d din Bac\u0103u. Din anul 2000 este coordonator \u0219tiin\u021bific al lucr\u0103rilor metodico-\u0219tiin\u021bifice pentru ob\u021binerea gradului didactic I,\u00a0 \u00eendrum\u0103tor pentru lucr\u0103ri de licen\u021b\u0103 si diserta\u021bie, membru \u00een comisii pentru ob\u021binerea gradului didactic I si II \u00een \u00eenv\u0103\u021b\u0103m\u00e2ntul preuniversitar.<\/p>\n<p>Autor a 29 c\u0103r\u021bi \u0219i cursuri universitare publicate \u00een edituri recunoscute din \u021bar\u0103 \u0219i str\u0103in\u0103tate \u0219i a peste 70 de articole \u0219tiin\u021bifice ap\u0103rute \u00een reviste indexate ISI \u0219i BDI \u00eencep\u00e2nd cu anul 1997.<\/p>\n<p><a href=\"https:\/\/www.ub.ro\/stiinte\/st\/facultati\/stiinte\/Departament%20mate\/Valer_Niminet\/CV_Niminet_Vpdf.pdf\">CV<\/a><\/p>\n<p><a href=\"https:\/\/www.ub.ro\/stiinte\/st\/facultati\/stiinte\/Departament%20mate\/Valer_Niminet\/Lista_de_lucrari_Niminet_Vpdf.pdf\">Lista lucr\u0103ri<\/a><\/p>\n","protected":false},"excerpt":{"rendered":"<p>\u00a0Valer Nimine\u021b\u00a0este conferen\u021biar universitar doctor \u00een cadrul Departamentului de Matematic\u0103 \u0219i Informatic\u0103 precum \u0219i responsabil al Compartimentului IFR pentru programul de studii Informatic\u0103, Facultatea de \u0218tiin\u021be, Universitatea ,,Vasile Alecsandri\u201d din Bac\u0103u. Din anul 2000 este coordonator \u0219tiin\u021bific al lucr\u0103rilor metodico-\u0219tiin\u021bifice &hellip;<\/p>\n<p class=\"read-more\"><a href=\"https:\/\/cadredidactice.ub.ro\/valerniminet\/despre\/\">Continue reading<\/a><\/p>\n","protected":false},"author":174,"featured_media":0,"parent":0,"menu_order":0,"comment_status":"closed","ping_status":"closed","template":"","meta":{"footnotes":""},"class_list":["post-14","page","type-page","status-publish","hentry"],"_links":{"self":[{"href":"https:\/\/cadredidactice.ub.ro\/valerniminet\/wp-json\/wp\/v2\/pages\/14","targetHints":{"allow":["GET"]}}],"collection":[{"href":"https:\/\/cadredidactice.ub.ro\/valerniminet\/wp-json\/wp\/v2\/pages"}],"about":[{"href":"https:\/\/cadredidactice.ub.ro\/valerniminet\/wp-json\/wp\/v2\/types\/page"}],"author":[{"embeddable":true,"href":"https:\/\/cadredidactice.ub.ro\/valerniminet\/wp-json\/wp\/v2\/users\/174"}],"replies":[{"embeddable":true,"href":"https:\/\/cadredidactice.ub.ro\/valerniminet\/wp-json\/wp\/v2\/comments?post=14"}],"version-history":[{"count":4,"href":"https:\/\/cadredidactice.ub.ro\/valerniminet\/wp-json\/wp\/v2\/pages\/14\/revisions"}],"predecessor-version":[{"id":37,"href":"https:\/\/cadredidactice.ub.ro\/valerniminet\/wp-json\/wp\/v2\/pages\/14\/revisions\/37"}],"wp:attachment":[{"href":"https:\/\/cadredidactice.ub.ro\/valerniminet\/wp-json\/wp\/v2\/media?parent=14"}],"curies":[{"name":"wp","href":"https:\/\/api.w.org\/{rel}","templated":true}]}}