{"id":9,"date":"2011-03-02T00:08:31","date_gmt":"2011-03-01T22:08:31","guid":{"rendered":"http:\/\/cadredidactice.ub.ro\/valentinzichil\/?page_id=9"},"modified":"2020-04-11T22:09:00","modified_gmt":"2020-04-11T20:09:00","slug":"teme-lucrari-licenta","status":"publish","type":"page","link":"https:\/\/cadredidactice.ub.ro\/valentinzichil\/teme-lucrari-licenta\/","title":{"rendered":"Teme lucrari licenta"},"content":{"rendered":"\n<ol class=\"wp-block-list\"><li><a href=\"http:\/\/www.licenta.net\/?p=productsMore&amp;iProduct=1132\">Managementul\ncalit\u0103\u0163ii \u015fi controlul tehnic de calitate la SC _<\/a>\n_ _ _ _<\/li><li><a href=\"http:\/\/www.licenta.net\/?p=productsMore&amp;iProduct=1231\">Elaborarea strategiei de pia\u0163a la SC <\/a><a href=\"http:\/\/www.licenta.net\/?p=productsMore&amp;iProduct=1132\">&nbsp;_<\/a> _ _ _ _<\/li><li><a href=\"http:\/\/www.licenta.net\/?p=productsMore&amp;iProduct=1277\">Evaluarea\nperformantelor resurselor umane<\/a> la SC <a href=\"http:\/\/www.licenta.net\/?p=productsMore&amp;iProduct=1132\">&nbsp;_<\/a> _ _ _ _<\/li><li><a href=\"http:\/\/www.licenta.net\/?p=productsMore&amp;iProduct=1344\">Fundamentarea politicii de produs la SC <\/a><a href=\"http:\/\/www.licenta.net\/?p=productsMore&amp;iProduct=1132\">&nbsp;_<\/a> _ _ _ _<\/li><li><a href=\"http:\/\/www.licenta.net\/?p=productsMore&amp;iProduct=1506\">Integrarea si perfec\u0163ionarea profesionala a personalului la <\/a>SC <a href=\"http:\/\/www.licenta.net\/?p=productsMore&amp;iProduct=1132\">&nbsp;_<\/a> _ _ _ _<\/li><li><a href=\"http:\/\/www.licenta.net\/?p=productsMore&amp;iProduct=1556\">Elaborarea strategiei de comunicare la SC <\/a><a href=\"http:\/\/www.licenta.net\/?p=productsMore&amp;iProduct=1132\">&nbsp;_<\/a> _ _ _ _<\/li><li>Influen\u021ba\nfor\u0163ei de re\u0163inere asupra fenomenului de revenire elastic\u0103 in cazul pieselor\nrealizate prin deformare plastica la rece. <\/li><\/ol>\n\n\n\n<p><strong>Mecanic&nbsp;:<\/strong><\/p>\n\n\n\n<ol class=\"wp-block-list\"><li>Analiza arborelui principal si a placii de fixare din\ncomponenta standului ptr. Vibratii la rasucire utilzand MEF<\/li><li>Analiza ansamblului piston cilindru din cadrul unui grup\nde pompare de inalta presiune prin MEF<\/li><li>Instalatie exp. fotoelasticitate<\/li><li>Analiza dispozitivului de amestecare a amestecatorului cu\nrole prin MEF<\/li><\/ol>\n\n\n\n<p><strong>Economic:<\/strong><\/p>\n\n\n\n<ol class=\"wp-block-list\"><li>Asimilarea tehnicii ,,Just in time,, \u00eentr-o sec\u0163ie de montaj a lag\u0103relor de\nalunecare.<\/li><li>Contribu\u0163ii privind cre\u015fterea productivit\u0103\u0163ii muncii prin introducerea unei\ntehnologii noi de prelucrare mecanic\u0103 prin a\u015fchiere.<\/li><li>Utilizarea m\u0103rcii \u00een rela\u0163iile de pia\u0163\u0103. <\/li><li>Motivarea salaria\u0163ilor pentru fidelitate \u015fi confiden\u0163ialitate. <\/li><li>Politica de promovare a produselor la S.C. &#8230;&#8230;&#8230;&#8230;&#8230;..<\/li><li>Sistem de salarizare \u0219i recompense la S.C. &#8230;&#8230;&#8230;&#8230;&#8230;..<\/li><li>Analiza satisfac\u021biei \u00een munc\u0103 a angaja\u021bilor la S.C. &#8230;&#8230;&#8230;&#8230;&#8230;..<\/li><li>Elaborarea metodologiei \u0219i a chestionarului utilizat la interviul pentru\nocuparea postului &#8230;&#8230;&#8230;&#8230;. la S.C. &#8230;&#8230;&#8230;&#8230;&#8230;..<\/li><\/ol>\n","protected":false},"excerpt":{"rendered":"<p>Managementul calit\u0103\u0163ii \u015fi controlul tehnic de calitate la SC _ _ _ _ _ Elaborarea strategiei de pia\u0163a la SC &nbsp;_ _ _ _ _ Evaluarea performantelor resurselor umane la SC &nbsp;_ _ _ _ _ Fundamentarea politicii de produs &hellip;<\/p>\n<p class=\"read-more\"><a href=\"https:\/\/cadredidactice.ub.ro\/valentinzichil\/teme-lucrari-licenta\/\">Continue reading<\/a><\/p>\n","protected":false},"author":92,"featured_media":0,"parent":0,"menu_order":0,"comment_status":"closed","ping_status":"closed","template":"","meta":{"footnotes":""},"class_list":["post-9","page","type-page","status-publish","hentry"],"_links":{"self":[{"href":"https:\/\/cadredidactice.ub.ro\/valentinzichil\/wp-json\/wp\/v2\/pages\/9","targetHints":{"allow":["GET"]}}],"collection":[{"href":"https:\/\/cadredidactice.ub.ro\/valentinzichil\/wp-json\/wp\/v2\/pages"}],"about":[{"href":"https:\/\/cadredidactice.ub.ro\/valentinzichil\/wp-json\/wp\/v2\/types\/page"}],"author":[{"embeddable":true,"href":"https:\/\/cadredidactice.ub.ro\/valentinzichil\/wp-json\/wp\/v2\/users\/92"}],"replies":[{"embeddable":true,"href":"https:\/\/cadredidactice.ub.ro\/valentinzichil\/wp-json\/wp\/v2\/comments?post=9"}],"version-history":[{"count":3,"href":"https:\/\/cadredidactice.ub.ro\/valentinzichil\/wp-json\/wp\/v2\/pages\/9\/revisions"}],"predecessor-version":[{"id":163,"href":"https:\/\/cadredidactice.ub.ro\/valentinzichil\/wp-json\/wp\/v2\/pages\/9\/revisions\/163"}],"wp:attachment":[{"href":"https:\/\/cadredidactice.ub.ro\/valentinzichil\/wp-json\/wp\/v2\/media?parent=9"}],"curies":[{"name":"wp","href":"https:\/\/api.w.org\/{rel}","templated":true}]}}