{"id":7,"date":"2011-03-16T01:51:35","date_gmt":"2011-03-15T23:51:35","guid":{"rendered":"http:\/\/cadredidactice.ub.ro\/turculeonard\/?page_id=7"},"modified":"2011-03-19T17:04:53","modified_gmt":"2011-03-19T15:04:53","slug":"teme-lucrari-licenta","status":"publish","type":"page","link":"https:\/\/cadredidactice.ub.ro\/turculeonard\/teme-lucrari-licenta\/","title":{"rendered":"teme lucr\u0103ri licen\u0163\u0103"},"content":{"rendered":"<p>TEMATICA PROPUS\u0102 PENTRU EXAMENUL DE LICEN\u0162\u0102<\/p>\n<p>Prof. univ. dr. Ovidiu-Leonard TURCU<\/p>\n<p>1.\u00a0\u00a0\u00a0 Managementul activit\u0103\u0163ii de marketing la S.C. \u2026\u2026\u2026\u2026\u2026\u2026\u2026\u2026<br \/>\n2.\u00a0\u00a0\u00a0 Reproiectarea compartimentului de marketing la S.C. \u2026\u2026\u2026.<br \/>\n3.\u00a0\u00a0\u00a0 Proiectarea activit\u0103\u0163ii de marketing la S.C. \u2026\u2026\u2026\u2026.<br \/>\n4.\u00a0\u00a0\u00a0 Reproiectarea structurii organizatorice \u015fi \u00eembun\u0103t\u0103\u0163irea sistemului de management pentru activitatea comercial\u0103 specific\u0103 \u00eentreprinderii \u2026\u2026\u2026..<br \/>\n5.\u00a0\u00a0\u00a0 C\u0103i de \u00eembun\u0103t\u0103\u0163ire a sistemului de management al calit\u0103\u0163ii pentru activitatea\u00a0 comercial\u0103. Aplica\u0163ie practic\u0103 la S.C.<br \/>\n6.\u00a0\u00a0\u00a0 Fundamentarea strategiei \u00een aprovizionarea material\u0103 \u015fi cu echipamente tehnice. Aplica\u0163ie practic\u0103 la S.C. \u2026\u2026\u2026..<br \/>\n7.\u00a0\u00a0\u00a0 Optimizarea cantit\u0103\u0163ii de produc\u0163ie neterminat\u0103\u00a0 \u015fi stabilirea nivelului optim de\u00a0 comand\u0103 \u2013 aprovizionare\u00a0 la S.C.<br \/>\n8.\u00a0\u00a0\u00a0 C\u0103i de extindere a v\u00e2nz\u0103rilor de produse la \u00eentreprinderea \u2026\u2026\u2026.<br \/>\n9.\u00a0\u00a0\u00a0 Elaborarea \u015fi fundamentarea politicii de stocare a produselor destinate v\u00e2nz\u0103rii la \u00eentreprinderea \u2026\u2026\u2026\u2026<br \/>\n10.\u00a0\u00a0\u00a0 Fundamentarea programelor de aprovizionare material\u0103 prin utilizarea sistemelor MRP. Studiu de caz la S.C. \u2026\u2026\u2026\u2026.<br \/>\n11.\u00a0\u00a0\u00a0 \u00cembun\u0103t\u0103\u0163irea sistemului de recuperare, recondi\u0163ionare \u015fi valorificare a materialelor \u015fi pieselor reutilizabile la \u00eentreprinderea \u2026\u2026\u2026\u2026 \u00een conformitate cu legisla\u0163ia privind mediul.<br \/>\n12.\u00a0\u00a0\u00a0 C\u0103i de reducere a consumului de resurse materiale \u015fi energetice. Studiu de caz la \u2026\u2026\u2026\u2026..<br \/>\n13.\u00a0\u00a0\u00a0 C\u0103i eficiente de reducere a cheltuielilor de aprovizionare \u2013 depozitare la S.C. \u2026\u2026\u2026\u2026.<br \/>\n14.\u00a0\u00a0\u00a0 Folosirea metodei \u201eJust in Time\u201d \u00een managementul opera\u0163ional. Studiu de caz la \u00eentreprinderea \u2026\u2026\u2026\u2026\u2026<br \/>\n15.\u00a0\u00a0\u00a0 Utilizarea metodei excep\u0163iilor \u00een managementul opera\u0163ional. Studiu de caz la \u00eentreprinderea \u2026\u2026\u2026\u2026..<br \/>\n16.\u00a0\u00a0\u00a0 Analiza diagnostic\u00a0 a \u00eentreprinderii \u2026\u2026\u2026\u2026.. \u015fi posibilit\u0103\u0163i de \u00eembun\u0103t\u0103\u0163ire a activit\u0103\u0163ii \u2026\u2026\u2026\u2026\u2026\u2026<br \/>\n17.\u00a0\u00a0\u00a0 Elaborarea \u015fi implementarea planului de afaceri. Aplica\u0163ie practic\u0103 la \u00eentreprinderea. \u2026\u2026\u2026\u2026..<br \/>\n18.\u00a0\u00a0\u00a0 Analiza valorii \u015fi importan\u0163a acesteia \u00een management. Studiu de caz la S.C. \u2026\u2026\u2026<\/p>\n<p>TEMATICA PROPUS\u0102 PENTRU EXAMENUL DE DISERTA\u0162IE<\/p>\n<p>&#8211; SESIUNEA IULIE 2011 &#8211;<\/p>\n<p>Prof. univ. dr. Ovidiu-Leonard TURCU<\/p>\n<p>19.\u00a0\u00a0\u00a0 Managementul activit\u0103\u0163ii de marketing la S.C. \u2026\u2026\u2026\u2026\u2026\u2026\u2026\u2026<br \/>\n20.\u00a0\u00a0\u00a0 Reproiectarea compartimentului de marketing la S.C. \u2026\u2026\u2026.<br \/>\n21.\u00a0\u00a0\u00a0 Proiectarea activit\u0103\u0163ii de marketing la S.C. \u2026\u2026\u2026\u2026.<br \/>\n22.\u00a0\u00a0\u00a0 Reproiectarea structurii organizatorice \u015fi \u00eembun\u0103t\u0103\u0163irea sistemului de management pentru activitatea comercial\u0103 specific\u0103 \u00eentreprinderii \u2026\u2026\u2026..<br \/>\n23.\u00a0\u00a0\u00a0 C\u0103i de \u00eembun\u0103t\u0103\u0163ire a sistemului de management al calit\u0103\u0163ii pentru activitatea\u00a0 comercial\u0103. Aplica\u0163ie practic\u0103 la S.C.<br \/>\n24.\u00a0\u00a0\u00a0 Fundamentarea strategiei \u00een aprovizionarea material\u0103 \u015fi cu echipamente tehnice. Aplica\u0163ie practic\u0103 la S.C. \u2026\u2026\u2026..<br \/>\n25.\u00a0\u00a0\u00a0 Optimizarea cantit\u0103\u0163ii de produc\u0163ie neterminat\u0103\u00a0 \u015fi stabilirea nivelului optim de\u00a0 comand\u0103 \u2013 aprovizionare\u00a0 la S.C.<br \/>\n26.\u00a0\u00a0\u00a0 C\u0103i de extindere a v\u00e2nz\u0103rilor de produse la \u00eentreprinderea \u2026\u2026\u2026.<br \/>\n27.\u00a0\u00a0\u00a0 Elaborarea \u015fi fundamentarea politicii de stocare a produselor destinate v\u00e2nz\u0103rii la \u00eentreprinderea \u2026\u2026\u2026\u2026<br \/>\n28.\u00a0\u00a0\u00a0 Fundamentarea programelor de aprovizionare material\u0103 prin utilizarea sistemelor MRP. Studiu de caz la S.C. \u2026\u2026\u2026\u2026.<br \/>\n29.\u00a0\u00a0\u00a0 \u00cembun\u0103t\u0103\u0163irea sistemului de recuperare, recondi\u0163ionare \u015fi valorificare a materialelor \u015fi pieselor reutilizabile la \u00eentreprinderea \u2026\u2026\u2026\u2026 \u00een conformitate cu legisla\u0163ia privind mediul.<br \/>\n30.\u00a0\u00a0\u00a0 C\u0103i de reducere a consumului de resurse materiale \u015fi energetice. Studiu de caz la \u2026\u2026\u2026\u2026..<br \/>\n31.\u00a0\u00a0\u00a0 C\u0103i eficiente de reducere a cheltuielilor de aprovizionare \u2013 depozitare la S.C. \u2026\u2026\u2026\u2026.<br \/>\n32.\u00a0\u00a0\u00a0 Folosirea metodei \u201eJust in Time\u201d \u00een managementul opera\u0163ional. Studiu de caz la \u00eentreprinderea \u2026\u2026\u2026\u2026\u2026<br \/>\n33.\u00a0\u00a0\u00a0 Utilizarea metodei excep\u0163iilor \u00een managementul opera\u0163ional. Studiu de caz la \u00eentreprinderea \u2026\u2026\u2026\u2026..<br \/>\n34.\u00a0\u00a0\u00a0 Analiza diagnostic\u00a0 a \u00eentreprinderii \u2026\u2026\u2026\u2026.. \u015fi posibilit\u0103\u0163i de \u00eembun\u0103t\u0103\u0163ire a activit\u0103\u0163ii \u2026\u2026\u2026\u2026\u2026\u2026<br \/>\n35.\u00a0\u00a0\u00a0 Elaborarea \u015fi implementarea planului de afaceri. Aplica\u0163ie practic\u0103 la \u00eentreprinderea. \u2026\u2026\u2026\u2026..<br \/>\n36.\u00a0\u00a0\u00a0 Analiza valorii \u015fi importan\u0163a acesteia \u00een management. Studiu de caz la S.C. \u2026\u2026\u2026<\/p>\n","protected":false},"excerpt":{"rendered":"<p>TEMATICA PROPUS\u0102 PENTRU EXAMENUL DE LICEN\u0162\u0102 Prof. univ. dr. Ovidiu-Leonard TURCU 1.\u00a0\u00a0\u00a0 Managementul activit\u0103\u0163ii de marketing la S.C. \u2026\u2026\u2026\u2026\u2026\u2026\u2026\u2026 2.\u00a0\u00a0\u00a0 Reproiectarea compartimentului de marketing la S.C. \u2026\u2026\u2026. 3.\u00a0\u00a0\u00a0 Proiectarea activit\u0103\u0163ii de marketing la S.C. \u2026\u2026\u2026\u2026. 4.\u00a0\u00a0\u00a0 Reproiectarea structurii organizatorice \u015fi &hellip;<\/p>\n<p class=\"read-more\"><a href=\"https:\/\/cadredidactice.ub.ro\/turculeonard\/teme-lucrari-licenta\/\">Continue reading<\/a><\/p>\n","protected":false},"author":138,"featured_media":0,"parent":0,"menu_order":0,"comment_status":"closed","ping_status":"closed","template":"","meta":{"footnotes":""},"class_list":["post-7","page","type-page","status-publish","hentry"],"_links":{"self":[{"href":"https:\/\/cadredidactice.ub.ro\/turculeonard\/wp-json\/wp\/v2\/pages\/7","targetHints":{"allow":["GET"]}}],"collection":[{"href":"https:\/\/cadredidactice.ub.ro\/turculeonard\/wp-json\/wp\/v2\/pages"}],"about":[{"href":"https:\/\/cadredidactice.ub.ro\/turculeonard\/wp-json\/wp\/v2\/types\/page"}],"author":[{"embeddable":true,"href":"https:\/\/cadredidactice.ub.ro\/turculeonard\/wp-json\/wp\/v2\/users\/138"}],"replies":[{"embeddable":true,"href":"https:\/\/cadredidactice.ub.ro\/turculeonard\/wp-json\/wp\/v2\/comments?post=7"}],"version-history":[{"count":0,"href":"https:\/\/cadredidactice.ub.ro\/turculeonard\/wp-json\/wp\/v2\/pages\/7\/revisions"}],"wp:attachment":[{"href":"https:\/\/cadredidactice.ub.ro\/turculeonard\/wp-json\/wp\/v2\/media?parent=7"}],"curies":[{"name":"wp","href":"https:\/\/api.w.org\/{rel}","templated":true}]}}