{"id":10,"date":"2009-03-17T11:55:49","date_gmt":"2009-03-17T09:55:49","guid":{"rendered":"http:\/\/cadredidactice.ub.ro\/tatianadobrescu\/?page_id=10"},"modified":"2009-03-17T13:14:10","modified_gmt":"2009-03-17T11:14:10","slug":"carti-si-cursuri","status":"publish","type":"page","link":"https:\/\/cadredidactice.ub.ro\/tatianadobrescu\/carti-si-cursuri\/","title":{"rendered":"C\u0103r\u0163i \u015fi cursuri"},"content":{"rendered":"<p><strong>Gimnastica \u2013 baze teoretice \u015fi metodice<\/strong> &#8211; Manual pentru studen\u0163ii de la IFR\u00a0Dobrescu T\u00a0Editura Pim, ISBN 978-973-716-987-7, Ia\u015fi 2008, 149 p<\/p>\n<p><strong>Paralele inegale \u2013 concepte \u015fi metodologii moderne<\/strong>\u00a0Bibire M. Dobrescu T\u00a0Editura Pim, ISBN 978-973-716-989-1, Ia\u015fi 2008, 193 p<\/p>\n<p>\u00a0<\/p>\n<p><strong><a href=\"https:\/\/cadredidactice.ub.ro\/wp-content\/uploads\/sites\/14\/2009\/03\/estetica.jpg\" target=\"_blank\"><img loading=\"lazy\" decoding=\"async\" class=\"alignleft size-full wp-image-39\" src=\"https:\/\/cadredidactice.ub.ro\/wp-content\/uploads\/sites\/14\/2009\/03\/estetica.jpg\" alt=\"\" width=\"137\" height=\"192\" \/><\/a><\/strong><\/p>\n<p><strong><\/strong><\/p>\n<p><strong><\/strong><\/p>\n<p><strong><\/strong><\/p>\n<p><strong><\/strong><\/p>\n<p><strong><\/strong><\/p>\n<p><strong><\/strong><\/p>\n<p><strong><\/strong><\/p>\n<p><strong><\/strong><\/p>\n<p><strong><\/strong><\/p>\n<p><strong><\/strong><\/p>\n<p><strong><\/strong><\/p>\n<p><strong><\/strong><\/p>\n<p><strong>\u00a0Estetica \u2013 o filozofie de via\u0163\u0103<\/strong>\u00a0Dobrescu T\u00a0Editura Pim, ISBN 978-606-520-008-1, Ia\u015fi 2008, 128 p<\/p>\n<p><strong><\/strong><\/p>\n<p>\u00a0<\/p>\n<p>\u00a0<\/p>\n<p>\u00a0\u00a0<strong><a href=\"https:\/\/cadredidactice.ub.ro\/wp-content\/uploads\/sites\/14\/2009\/03\/gimnastica.jpg\" target=\"_blank\"><img loading=\"lazy\" decoding=\"async\" class=\"size-full wp-image-50 alignleft\" src=\"https:\/\/cadredidactice.ub.ro\/wp-content\/uploads\/sites\/14\/2009\/03\/gimnastica.jpg\" alt=\"\" width=\"146\" height=\"195\" \/><\/a>\u00a0<\/strong><\/p>\n<p>\u00a0<\/p>\n<p>\u00a0<\/p>\n<p><strong>Gimnastica aerobic\u0103 \u2013 o alternativ\u0103 pentru un nou stil de via\u0163\u0103 al adolescentelor<\/strong>\u00a0Dobrescu T\u00a0Editura Pim, ISBN 978-606-520-009-8, Ia\u015fi 2008, 128 p<\/p>\n<p>\u00a0<\/p>\n<p>\u00a0<\/p>\n<p>\u00a0<\/p>\n<p><strong><\/strong><\/p>\n<p><strong><\/strong><\/p>\n<p><strong><\/strong><\/p>\n<p><strong><\/strong><\/p>\n<p><strong>\u00a0<\/strong>\u00a0<a href=\"https:\/\/cadredidactice.ub.ro\/wp-content\/uploads\/sites\/14\/2009\/03\/gim-strategii.jpg\"><img loading=\"lazy\" decoding=\"async\" class=\"alignleft size-full wp-image-61\" src=\"https:\/\/cadredidactice.ub.ro\/wp-content\/uploads\/sites\/14\/2009\/03\/gim-strategii.jpg\" alt=\"\" width=\"146\" height=\"203\" \/><\/a><\/p>\n<p>\u00a0<\/p>\n<p>\u00a0<\/p>\n<p>\u00a0<\/p>\n<p><strong>\u00a0<\/strong><\/p>\n<p>\u00a0<strong>Gimnastica aerobic\u0103<\/strong> \u2013 strategii pentru optimizarea fitnessului\u00a0Dobrescu T\u00a0Editura Pim, ISBN 978-606-520-019-7, Ia\u015fi 2008, 128 p<\/p>\n<p>\u00a0<\/p>\n<p>\u00a0<\/p>\n<p>\u00a0<\/p>\n<p><strong>Creativitatea<\/strong> <strong>\u2013 dimensiune \u00een procesul de formare<\/strong>\u00a0Dobrescu T Constantinescu E\u00a0Editura Pim, ISBN 978-606-520-018-0, Ia\u015fi 2008, 162 p<\/p>\n<p><strong>Metodica pred\u0103rii gimnasticii \u00een gimnaziu<\/strong> Curs de specialitate\u00a0Dobrescu T Dumitru R\u00a0Editura Pim, ISBN 978-973-716-803-0, Ia\u015fi 2007, 167 p<\/p>\n<p>\u00a0<a href=\"https:\/\/cadredidactice.ub.ro\/wp-content\/uploads\/sites\/14\/2009\/03\/btm-gim-ritmjpg.gif\"><img loading=\"lazy\" decoding=\"async\" class=\"alignleft size-full wp-image-25\" src=\"https:\/\/cadredidactice.ub.ro\/wp-content\/uploads\/sites\/14\/2009\/03\/btm-gim-ritmjpg.gif\" alt=\"\" width=\"147\" height=\"221\" \/><\/a>\u00a0<\/p>\n<p><strong><\/strong><\/p>\n<p><strong><\/strong><\/p>\n<p><strong><\/strong><\/p>\n<p><strong><\/strong><\/p>\n<p><strong><\/strong><\/p>\n<p><strong><\/strong><\/p>\n<p><strong><\/strong><\/p>\n<p><strong><\/strong><\/p>\n<p><strong><\/strong><\/p>\n<p><strong>Bazele teoretice \u015fi metodice ale gimnasticii ritmice<\/strong> &#8211; Curs de specialitate\u00a0Dobrescu T\u00a0Editura Pim, ISBN 978-973-716-802-3, Ia\u015fi 2007, 142 p<\/p>\n<p>\u00a0<\/p>\n<p>\u00a0<\/p>\n<p>\u00a0<\/p>\n<p>\u00a0<\/p>\n<p>\u00a0<strong>Gimnastica<\/strong> \u2013 concepte teoretice \u015fi aplica\u0163ii practice \u2013 prim autor \u00a0Dobrescu T Constantinescu E\u00a0Editura Tehnopress, ISBN 10: 973-702-362-5, Ia\u015fi 2006, 216 p<\/p>\n<p><strong>Dimensiuni ale comunic\u0103rii prin limbajul corpului<\/strong> \u00a0Dobrescu T\u00a0Editura Tehnopress, ISBN 10: 973-702-361-7, Ia\u015fi 2006, 169 p<\/p>\n<p><strong>Bazele teoretice \u015fi metodice ale gimnasticii<\/strong> \u2013 Curs de baz\u0103\u00a0Dobrescu T Constantinescu E\u00a0Editura Pim, ISBN 10: 973-716-288-9, Ia\u015fi 2006, 184 p<\/p>\n<p><strong>Expresie corporal\u0103, dans \u015fi euritmie<\/strong> &#8211; Curs de specialitate\u00a0Dobrescu T\u00a0Editura Pim, ISBN 10: 973-716-290-0, Ia\u015fi 2006, 146 p<\/p>\n<p><strong>Predispozi\u0163ii favorizante pentru selec\u0163ia \u015fi orientarea \u00een gimnastica aerobic\u0103<\/strong> \u00a0Dobrescu T\u00a0Editura Performantica, ISBN 973-730-107-2, Ia\u015fi 2005, 133 p<\/p>\n<p><strong><a href=\"https:\/\/cadredidactice.ub.ro\/wp-content\/uploads\/sites\/14\/2009\/03\/coperta-modelare.gif\"><img loading=\"lazy\" decoding=\"async\" class=\"size-full wp-image-23 alignleft\" src=\"https:\/\/cadredidactice.ub.ro\/wp-content\/uploads\/sites\/14\/2009\/03\/coperta-modelare.gif\" alt=\"\" width=\"157\" height=\"226\" \/><\/a>\u00a0<\/strong><\/p>\n<p><strong><\/strong><\/p>\n<p>\u00a0<\/p>\n<p><strong><\/strong><\/p>\n<p><strong><\/strong><\/p>\n<p><strong><\/strong><\/p>\n<p><strong><\/strong><\/p>\n<p><strong>Modelarea \u00een gimnastica aerobic\u0103 de performan\u0163\u0103<\/strong> \u00a0Dobrescu T\u00a0Editura Tehnopress, ISBN 973-702-279-3, Ia\u015fi 2005, 213 p<\/p>\n","protected":false},"excerpt":{"rendered":"<p>Gimnastica \u2013 baze teoretice \u015fi metodice &#8211; Manual pentru studen\u0163ii de la IFR\u00a0Dobrescu T\u00a0Editura Pim, ISBN 978-973-716-987-7, Ia\u015fi 2008, 149 p Paralele inegale \u2013 concepte \u015fi metodologii moderne\u00a0Bibire M. Dobrescu T\u00a0Editura Pim, ISBN 978-973-716-989-1, Ia\u015fi 2008, 193 p \u00a0 \u00a0Estetica &hellip;<\/p>\n<p class=\"read-more\"><a href=\"https:\/\/cadredidactice.ub.ro\/tatianadobrescu\/carti-si-cursuri\/\">Continue reading<\/a><\/p>\n","protected":false},"author":12,"featured_media":0,"parent":0,"menu_order":0,"comment_status":"open","ping_status":"open","template":"","meta":{"footnotes":""},"class_list":["post-10","page","type-page","status-publish","hentry"],"_links":{"self":[{"href":"https:\/\/cadredidactice.ub.ro\/tatianadobrescu\/wp-json\/wp\/v2\/pages\/10","targetHints":{"allow":["GET"]}}],"collection":[{"href":"https:\/\/cadredidactice.ub.ro\/tatianadobrescu\/wp-json\/wp\/v2\/pages"}],"about":[{"href":"https:\/\/cadredidactice.ub.ro\/tatianadobrescu\/wp-json\/wp\/v2\/types\/page"}],"author":[{"embeddable":true,"href":"https:\/\/cadredidactice.ub.ro\/tatianadobrescu\/wp-json\/wp\/v2\/users\/12"}],"replies":[{"embeddable":true,"href":"https:\/\/cadredidactice.ub.ro\/tatianadobrescu\/wp-json\/wp\/v2\/comments?post=10"}],"version-history":[{"count":0,"href":"https:\/\/cadredidactice.ub.ro\/tatianadobrescu\/wp-json\/wp\/v2\/pages\/10\/revisions"}],"wp:attachment":[{"href":"https:\/\/cadredidactice.ub.ro\/tatianadobrescu\/wp-json\/wp\/v2\/media?parent=10"}],"curies":[{"name":"wp","href":"https:\/\/api.w.org\/{rel}","templated":true}]}}