{"id":11,"date":"2011-03-10T05:19:54","date_gmt":"2011-03-10T03:19:54","guid":{"rendered":"http:\/\/cadredidactice.ub.ro\/tampuralucaioana\/?page_id=11"},"modified":"2011-03-11T09:32:48","modified_gmt":"2011-03-11T07:32:48","slug":"studenti","status":"publish","type":"page","link":"https:\/\/cadredidactice.ub.ro\/tampuralucaioana\/studenti\/","title":{"rendered":"Studen\u0163i"},"content":{"rendered":"<div class=\"postContent\">\n<ul>\n<li>\n<h3><strong>Orar Facultati de Inginerie<\/strong><\/h3>\n<\/li>\n<li>&#8211; <a title=\"Orar inginerie\" href=\"http:\/\/www.ionelo.go.ro\/downloads\/Orar_electronic_inginerie.pdf\" target=\"_blank\">Orar electronic facult\u0103\u0163i de inginerie universit\u0103\u0163i Vasile Alecsandri din Bacau &#8211; pdf<\/a><\/li>\n<li><strong>Program de consulta\u021bii cu studen\u021bii <\/strong><\/li>\n<\/ul>\n<h3 style=\"padding-left: 60px\">&#8211;\u00a0\u00a0\u00a0\u00a0 luni 09:00 &#8211; 12:00<\/h3>\n<h3 style=\"padding-left: 120px\">joi 16:00 &#8211; 18:00<\/h3>\n<ul><\/ul>\n<p style=\"padding-left: 60px\">\n<a title=\"Orar inginerie\" href=\"http:\/\/www.ionelo.go.ro\/downloads\/Orar_electronic_inginerie.pdf\" target=\"_blank\"><\/a><\/p>\n<\/div>\n","protected":false},"excerpt":{"rendered":"<p>Orar Facultati de Inginerie &#8211; Orar electronic facult\u0103\u0163i de inginerie universit\u0103\u0163i Vasile Alecsandri din Bacau &#8211; pdf Program de consulta\u021bii cu studen\u021bii &#8211;\u00a0\u00a0\u00a0\u00a0 luni 09:00 &#8211; 12:00 joi 16:00 &#8211; 18:00<\/p>\n","protected":false},"author":134,"featured_media":0,"parent":0,"menu_order":0,"comment_status":"open","ping_status":"open","template":"","meta":{"footnotes":""},"class_list":["post-11","page","type-page","status-publish","hentry"],"_links":{"self":[{"href":"https:\/\/cadredidactice.ub.ro\/tampuralucaioana\/wp-json\/wp\/v2\/pages\/11","targetHints":{"allow":["GET"]}}],"collection":[{"href":"https:\/\/cadredidactice.ub.ro\/tampuralucaioana\/wp-json\/wp\/v2\/pages"}],"about":[{"href":"https:\/\/cadredidactice.ub.ro\/tampuralucaioana\/wp-json\/wp\/v2\/types\/page"}],"author":[{"embeddable":true,"href":"https:\/\/cadredidactice.ub.ro\/tampuralucaioana\/wp-json\/wp\/v2\/users\/134"}],"replies":[{"embeddable":true,"href":"https:\/\/cadredidactice.ub.ro\/tampuralucaioana\/wp-json\/wp\/v2\/comments?post=11"}],"version-history":[{"count":0,"href":"https:\/\/cadredidactice.ub.ro\/tampuralucaioana\/wp-json\/wp\/v2\/pages\/11\/revisions"}],"wp:attachment":[{"href":"https:\/\/cadredidactice.ub.ro\/tampuralucaioana\/wp-json\/wp\/v2\/media?parent=11"}],"curies":[{"name":"wp","href":"https:\/\/api.w.org\/{rel}","templated":true}]}}