{"id":7,"date":"2011-03-09T13:36:38","date_gmt":"2011-03-09T11:36:38","guid":{"rendered":"http:\/\/cadredidactice.ub.ro\/suceveanuelena\/?page_id=7"},"modified":"2011-03-09T13:36:38","modified_gmt":"2011-03-09T11:36:38","slug":"studenti","status":"publish","type":"page","link":"https:\/\/cadredidactice.ub.ro\/suceveanuelena\/studenti\/","title":{"rendered":"Studen\u0163i"},"content":{"rendered":"<div class=\"postContent\">\n<ul>\n<li>\n<h3><strong>Orar Facultati de Inginerie<\/strong><\/h3>\n<\/li>\n<\/ul>\n<p style=\"padding-left: 60px\">&#8211; <a title=\"Orar inginerie\" href=\"http:\/\/www.ionelo.go.ro\/downloads\/Orar_electronic_inginerie.pdf\" target=\"_blank\">Orar electronic facult\u0103\u0163i de inginerie universit\u0103\u0163i Vasile Alecsandri din Bacau &#8211; pdf<\/a><\/p>\n<\/div>\n","protected":false},"excerpt":{"rendered":"<p>Orar Facultati de Inginerie &#8211; Orar electronic facult\u0103\u0163i de inginerie universit\u0103\u0163i Vasile Alecsandri din Bacau &#8211; pdf<\/p>\n","protected":false},"author":133,"featured_media":0,"parent":0,"menu_order":0,"comment_status":"open","ping_status":"open","template":"","meta":{"footnotes":""},"class_list":["post-7","page","type-page","status-publish","hentry"],"_links":{"self":[{"href":"https:\/\/cadredidactice.ub.ro\/suceveanuelena\/wp-json\/wp\/v2\/pages\/7","targetHints":{"allow":["GET"]}}],"collection":[{"href":"https:\/\/cadredidactice.ub.ro\/suceveanuelena\/wp-json\/wp\/v2\/pages"}],"about":[{"href":"https:\/\/cadredidactice.ub.ro\/suceveanuelena\/wp-json\/wp\/v2\/types\/page"}],"author":[{"embeddable":true,"href":"https:\/\/cadredidactice.ub.ro\/suceveanuelena\/wp-json\/wp\/v2\/users\/133"}],"replies":[{"embeddable":true,"href":"https:\/\/cadredidactice.ub.ro\/suceveanuelena\/wp-json\/wp\/v2\/comments?post=7"}],"version-history":[{"count":0,"href":"https:\/\/cadredidactice.ub.ro\/suceveanuelena\/wp-json\/wp\/v2\/pages\/7\/revisions"}],"wp:attachment":[{"href":"https:\/\/cadredidactice.ub.ro\/suceveanuelena\/wp-json\/wp\/v2\/media?parent=7"}],"curies":[{"name":"wp","href":"https:\/\/api.w.org\/{rel}","templated":true}]}}