{"id":3,"date":"2011-03-09T13:35:02","date_gmt":"2011-03-09T11:35:02","guid":{"rendered":"http:\/\/cadredidactice.ub.ro\/suceveanuelena\/?page_id=3"},"modified":"2016-07-12T13:35:24","modified_gmt":"2016-07-12T11:35:24","slug":"info-contact","status":"publish","type":"page","link":"https:\/\/cadredidactice.ub.ro\/suceveanuelena\/info-contact\/","title":{"rendered":"Info \/ Contact"},"content":{"rendered":"<div class=\"post\">\n<div class=\"postContent\">\n<p><img loading=\"lazy\" decoding=\"async\" class=\"alignleft\" src=\"https:\/\/cadredidactice.ub.ro\/wp-content\/uploads\/sites\/144\/2011\/03\/sdc10748.jpg\" alt=\"\" width=\"156\" height=\"203\" \/><\/p>\n<h1><strong>Bine a\u0163i venit<\/strong><\/h1>\n<p style=\"text-align: left;padding-left: 180px\"><strong>pe pagina mea personal\u0103. M\u0103 numesc Suceveanu Elena-Mirela, sunt \u0219ef lucr\u0103ri doctor inginer \u00een cadrul Departamentului de Inginerie Chimic\u0103 \u0219i Alimentar\u0103, Facultatea de Inginerie, Universitatea \u201cVasile Alecsandri\u201d din Bac\u0103u. \u00a0Discipline: Tehnologii generale\u00a0\u00een industria fermentativ\u0103, Siguran\u021ba alimentelor \u0219i produselor biotehnologice, Chimie Organic\u0103, Biochimie.<\/strong><\/p>\n<p style=\"padding-left: 120px\"><strong>\u00a0<\/strong><\/p>\n<p><strong>Citat preferat:<\/strong><\/p>\n<blockquote>\n<p style=\"margin: 0cm 0cm 0pt;text-align: left\">\u201eEste imposibil pentru un om s\u0103 \u00eenve\u0163e ceea ce crede c\u0103 \u015ftie deja.\u201d<\/p>\n<p style=\"margin: 0cm 0cm 0pt;text-align: right\">\u00a0 Epictet<\/p>\n<\/blockquote>\n<ul>\n<li>\n<h3 style=\"text-align: left\"><strong>Date despre mine:<\/strong><\/h3>\n<\/li>\n<\/ul>\n<address><strong>CV <\/strong>&#8211;\u00a0http:\/\/www.ub.ro\/inginerie\/files\/departamente\/ICA\/2016\/cv\/CV_europass_Mirela_Suceveanu.pdf<\/address>\n<address><strong>Lista de lucr\u0103ri<\/strong> &#8211;\u00a0http:\/\/www.ub.ro\/inginerie\/files\/departamente\/ICA\/2016\/ll\/Lista_de_lucrari_-_Mirela_Suceveanu.pdf<\/address>\n<address>\u00a0<\/address>\n<ul>\n<li><strong>Contact:<\/strong><\/li>\n<\/ul>\n<address><strong>Tel:<\/strong> <em>004-0234-542411\/int. 119;<\/em><br \/>\n<strong>Fax:<\/strong> <em>004-0234-545753; 0234-580170<\/em><br \/>\n<strong>E-mail: <\/strong><a title=\"E-mail Suceveanu Elena-Mirela\" href=\"mailto:mirela.suceveanu@ub.ro\" target=\"_blank\">mirela.suceveanu@ub.ro<\/a><\/address>\n<address><strong>Webpage: <\/strong><a title=\"Webpage Suceveanu Elena-Mirela\" href=\"http:\/\/cadredidactice.ub.ro\/suceveanuelena\" target=\"_blank\">http:\/\/cadredidactice.ub.ro\/suceveanuelena<\/a><\/address>\n<ul>\n<li>\n<h3>Sala:<\/h3>\n<\/li>\n<\/ul>\n<h3 style=\"padding-left: 60px\">AI 3\u00a0 &#8211;\u00a0luni\u00a010:00 &#8211; 12:00<\/h3>\n<h3 style=\"padding-left: 90px\">vineri\u00a010:00 &#8211; 12:00<\/h3>\n<\/div>\n<p class=\"comments\">\n<\/div>\n","protected":false},"excerpt":{"rendered":"<p>Bine a\u0163i venit pe pagina mea personal\u0103. M\u0103 numesc Suceveanu Elena-Mirela, sunt \u0219ef lucr\u0103ri doctor inginer \u00een cadrul Departamentului de Inginerie Chimic\u0103 \u0219i Alimentar\u0103, Facultatea de Inginerie, Universitatea \u201cVasile Alecsandri\u201d din Bac\u0103u. \u00a0Discipline: Tehnologii generale\u00a0\u00een industria fermentativ\u0103, Siguran\u021ba alimentelor \u0219i &hellip;<\/p>\n<p class=\"read-more\"><a href=\"https:\/\/cadredidactice.ub.ro\/suceveanuelena\/info-contact\/\">Continue reading<\/a><\/p>\n","protected":false},"author":133,"featured_media":0,"parent":0,"menu_order":0,"comment_status":"closed","ping_status":"closed","template":"","meta":{"footnotes":""},"class_list":["post-3","page","type-page","status-publish","hentry"],"_links":{"self":[{"href":"https:\/\/cadredidactice.ub.ro\/suceveanuelena\/wp-json\/wp\/v2\/pages\/3","targetHints":{"allow":["GET"]}}],"collection":[{"href":"https:\/\/cadredidactice.ub.ro\/suceveanuelena\/wp-json\/wp\/v2\/pages"}],"about":[{"href":"https:\/\/cadredidactice.ub.ro\/suceveanuelena\/wp-json\/wp\/v2\/types\/page"}],"author":[{"embeddable":true,"href":"https:\/\/cadredidactice.ub.ro\/suceveanuelena\/wp-json\/wp\/v2\/users\/133"}],"replies":[{"embeddable":true,"href":"https:\/\/cadredidactice.ub.ro\/suceveanuelena\/wp-json\/wp\/v2\/comments?post=3"}],"version-history":[{"count":2,"href":"https:\/\/cadredidactice.ub.ro\/suceveanuelena\/wp-json\/wp\/v2\/pages\/3\/revisions"}],"predecessor-version":[{"id":24,"href":"https:\/\/cadredidactice.ub.ro\/suceveanuelena\/wp-json\/wp\/v2\/pages\/3\/revisions\/24"}],"wp:attachment":[{"href":"https:\/\/cadredidactice.ub.ro\/suceveanuelena\/wp-json\/wp\/v2\/media?parent=3"}],"curies":[{"name":"wp","href":"https:\/\/api.w.org\/{rel}","templated":true}]}}