{"id":3,"date":"2011-03-07T19:05:37","date_gmt":"2011-03-07T17:05:37","guid":{"rendered":"http:\/\/cadredidactice.ub.ro\/stefanescuioana\/?page_id=3"},"modified":"2024-01-10T11:49:53","modified_gmt":"2024-01-10T09:49:53","slug":"info-contact","status":"publish","type":"page","link":"https:\/\/cadredidactice.ub.ro\/stefanescuioana\/info-contact\/","title":{"rendered":"Info \/ Contact"},"content":{"rendered":"<div class=\"post\">\n<div class=\"postContent\">\n<p><img loading=\"lazy\" decoding=\"async\" class=\"alignleft\" src=\"http:\/\/cisapm.inginerie.ub.ro\/images\/stories\/poze_cisapm\/stefanescu_ioana_adriana.jpg\" alt=\"\" width=\"156\" height=\"203\" \/><\/p>\n<h1><strong>Bine a\u0163i venit,<\/strong><\/h1>\n<p style=\"text-align: left;padding-left: 180px\"><strong>Pe pagina mea personal\u0103, m\u0103 numesc Stef\u0103nescu Ioana-Adriana sunt doctor biochimist cu functia \u0218ef lucrari universitar la Universitatea \u201cVasile Alecsandri\u201d din Bac\u0103u, Facultatea de Inginerie, Departamentul Inginerie Chimic\u0103 \u0219i Alimentar\u0103 (ICA), disciplinele Microbiologie general\u0103, Microbiologie industrial\u0103, Biochimia produselor alimentare, Enzimologie .<\/strong><\/p>\n<p style=\"padding-left: 120px\"><strong>Pe aceast\u0103 pagina g\u0103si\u0163i \u2026.. <\/strong><\/p>\n<p><strong>Citat preferat:<\/strong><\/p>\n<blockquote><p>Citat<\/p><\/blockquote>\n<ul>\n<li>\n<h3>Date despre mine:<\/h3>\n<\/li>\n<\/ul>\n<address><strong>CV <\/strong>&#8211; <a title=\"CV Stefanescu Ioana-Adriana\" href=\"http:\/\/cisapm.inginerie.ub.ro\/images\/stories\/cvuri_cisapm\/curriculum_vitae_stefanescu_ioana.pdf\" target=\"_blank\" rel=\"noopener noreferrer\">dr. biochimist Stef\u0103nescu Ioana-Adriana.<\/a><\/address>\n<ul>\n<li>\n<h3>Contact:<\/h3>\n<\/li>\n<\/ul>\n<address><strong>Tel:<\/strong> <em>004-0234-542411\/int. 119;<\/em><br \/>\n<strong>Fax:<\/strong> <em>004-0234-545753; 0234-580170<\/em><br \/>\n<strong>E-mail: <\/strong><a title=\"E-mail Stefanescu Ioana-Adriana\" href=\"mailto:ioana.stefanescu@ub.ro\" target=\"_blank\" rel=\"noopener noreferrer\">ioana.stefanescu@ub.ro<\/a><\/address>\n<address><strong>Webpage: <\/strong><a title=\"Webpage Stefanescu Ioana-Adriana\" href=\"http:\/\/cadredidactice.ub.ro\/stefanescuioana\" target=\"_blank\" rel=\"noopener noreferrer\">http:\/\/cadredidactice.ub.ro\/stefanescuioana<\/a><\/address>\n<ul>\n<li>\n<h3>Sala:<\/h3>\n<\/li>\n<\/ul>\n<h3 style=\"padding-left: 60px\">AI 12\u00a0 &#8211;<\/h3>\n<h3>\u00a0 \u00a0 \u00a0 \u00a0 \u00a0 \u00a0 luni 9-11<\/h3>\n<h3 style=\"padding-left: 60px\">mar\u0163i 12-14<\/h3>\n<h3 style=\"padding-left: 60px\">joi 12-14<\/h3>\n<\/div>\n<p class=\"comments\">\n<\/div>\n","protected":false},"excerpt":{"rendered":"<p>Bine a\u0163i venit, Pe pagina mea personal\u0103, m\u0103 numesc Stef\u0103nescu Ioana-Adriana sunt doctor biochimist cu functia \u0218ef lucrari universitar la Universitatea \u201cVasile Alecsandri\u201d din Bac\u0103u, Facultatea de Inginerie, Departamentul Inginerie Chimic\u0103 \u0219i Alimentar\u0103 (ICA), disciplinele Microbiologie general\u0103, Microbiologie industrial\u0103, Biochimia &hellip;<\/p>\n<p class=\"read-more\"><a href=\"https:\/\/cadredidactice.ub.ro\/stefanescuioana\/info-contact\/\">Continue reading<\/a><\/p>\n","protected":false},"author":118,"featured_media":0,"parent":0,"menu_order":0,"comment_status":"closed","ping_status":"closed","template":"","meta":{"footnotes":""},"class_list":["post-3","page","type-page","status-publish","hentry"],"_links":{"self":[{"href":"https:\/\/cadredidactice.ub.ro\/stefanescuioana\/wp-json\/wp\/v2\/pages\/3","targetHints":{"allow":["GET"]}}],"collection":[{"href":"https:\/\/cadredidactice.ub.ro\/stefanescuioana\/wp-json\/wp\/v2\/pages"}],"about":[{"href":"https:\/\/cadredidactice.ub.ro\/stefanescuioana\/wp-json\/wp\/v2\/types\/page"}],"author":[{"embeddable":true,"href":"https:\/\/cadredidactice.ub.ro\/stefanescuioana\/wp-json\/wp\/v2\/users\/118"}],"replies":[{"embeddable":true,"href":"https:\/\/cadredidactice.ub.ro\/stefanescuioana\/wp-json\/wp\/v2\/comments?post=3"}],"version-history":[{"count":2,"href":"https:\/\/cadredidactice.ub.ro\/stefanescuioana\/wp-json\/wp\/v2\/pages\/3\/revisions"}],"predecessor-version":[{"id":28,"href":"https:\/\/cadredidactice.ub.ro\/stefanescuioana\/wp-json\/wp\/v2\/pages\/3\/revisions\/28"}],"wp:attachment":[{"href":"https:\/\/cadredidactice.ub.ro\/stefanescuioana\/wp-json\/wp\/v2\/media?parent=3"}],"curies":[{"name":"wp","href":"https:\/\/api.w.org\/{rel}","templated":true}]}}