{"id":9,"date":"2011-03-16T18:13:10","date_gmt":"2011-03-16T16:13:10","guid":{"rendered":"http:\/\/cadredidactice.ub.ro\/sorinvernica\/?page_id=9"},"modified":"2020-01-27T13:45:36","modified_gmt":"2020-01-27T11:45:36","slug":"temelucrari-licenta","status":"publish","type":"page","link":"https:\/\/cadredidactice.ub.ro\/sorinvernica\/temelucrari-licenta\/","title":{"rendered":"Teme lucr\u0103ri de licen\u0163\u0103 \/ master"},"content":{"rendered":"","protected":false},"excerpt":{"rendered":"","protected":false},"author":197,"featured_media":0,"parent":0,"menu_order":0,"comment_status":"closed","ping_status":"closed","template":"","meta":{"footnotes":""},"class_list":["post-9","page","type-page","status-publish","hentry"],"_links":{"self":[{"href":"https:\/\/cadredidactice.ub.ro\/sorinvernica\/wp-json\/wp\/v2\/pages\/9","targetHints":{"allow":["GET"]}}],"collection":[{"href":"https:\/\/cadredidactice.ub.ro\/sorinvernica\/wp-json\/wp\/v2\/pages"}],"about":[{"href":"https:\/\/cadredidactice.ub.ro\/sorinvernica\/wp-json\/wp\/v2\/types\/page"}],"author":[{"embeddable":true,"href":"https:\/\/cadredidactice.ub.ro\/sorinvernica\/wp-json\/wp\/v2\/users\/197"}],"replies":[{"embeddable":true,"href":"https:\/\/cadredidactice.ub.ro\/sorinvernica\/wp-json\/wp\/v2\/comments?post=9"}],"version-history":[{"count":8,"href":"https:\/\/cadredidactice.ub.ro\/sorinvernica\/wp-json\/wp\/v2\/pages\/9\/revisions"}],"predecessor-version":[{"id":206,"href":"https:\/\/cadredidactice.ub.ro\/sorinvernica\/wp-json\/wp\/v2\/pages\/9\/revisions\/206"}],"wp:attachment":[{"href":"https:\/\/cadredidactice.ub.ro\/sorinvernica\/wp-json\/wp\/v2\/media?parent=9"}],"curies":[{"name":"wp","href":"https:\/\/api.w.org\/{rel}","templated":true}]}}