{"id":3,"date":"2011-03-02T08:03:13","date_gmt":"2011-03-02T06:03:13","guid":{"rendered":"http:\/\/cadredidactice.ub.ro\/simionandrei\/?page_id=3"},"modified":"2011-03-02T08:20:00","modified_gmt":"2011-03-02T06:20:00","slug":"info-contact","status":"publish","type":"page","link":"https:\/\/cadredidactice.ub.ro\/simionandrei\/info-contact\/","title":{"rendered":"Info \/ Contact"},"content":{"rendered":"<div class=\"postContent\">\n<div class=\"post\">\n<div class=\"postContent\">\n<p><img loading=\"lazy\" decoding=\"async\" class=\"alignleft\" src=\"http:\/\/cisapm.inginerie.ub.ro\/images\/stories\/poze_cisapm\/simion_andrei_ionut.jpg\" alt=\"\" width=\"156\" height=\"203\" \/><\/p>\n<h1><strong> Bine a\u0163i venit,<\/strong><\/h1>\n<p style=\"text-align: left;padding-left: 180px\"><strong> Pe pagina mea   personal\u0103, m\u0103 numesc Simion Andrei-Ionu\u0163 av\u0103nd functia Asistent Universitar la Universitatea \u201cVasile Alecsandri\u201d din Bac\u0103u,  Facultatea  de Inginerie, Departamentul Chimia \u015fi Ingineria Siguran\u0163ei  Alimentare \u015fi  Protec\u0163iei Mediului (CISAPM), disciplinele \u2026 <\/strong><\/p>\n<p style=\"text-align: left;padding-left: 180px\">\n<p style=\"padding-left: 120px\"><strong> Pe aceast\u0103 pagina g\u0103si\u0163i \u2026.. <\/strong><\/p>\n<p><strong>Citat preferat:<\/strong><\/p>\n<blockquote><p>\u201d Citat \u201c<\/p><\/blockquote>\n<ul>\n<li>\n<h3>Date despre mine:<\/h3>\n<\/li>\n<\/ul>\n<address><strong>CV <\/strong>&#8211; <a title=\"CV Simion Andrei-Ionu\u0163\" href=\"http:\/\/cisapm.inginerie.ub.ro\/images\/stories\/cvuri_cisapm\/curriculum_vitae_simion_andrei.pdf\" target=\"_blank\">Simion Andrei-Ionu\u0163<\/a><br \/>\n<\/address>\n<ul>\n<li>\n<h3>Contact:<\/h3>\n<\/li>\n<\/ul>\n<address><strong>Tel:<\/strong> <em>0234-542411\/152;<\/em><br \/>\n<strong>Fax:<\/strong> <em>0234-545753; 0234-580170;<\/em><br \/>\n<strong>E-mail: <\/strong><a title=\"E-mail Simion Andrei-Ionu\u0163\" href=\"mailto:asimion@ub.ro\" target=\"_blank\">asimion@ub.ro<\/a><\/address>\n<address><strong>Webpage:<\/strong> <a title=\"Webpage Simion Andrei-Ionu\u0163\" href=\"http:\/\/cadredidactice.ub.ro\/simionandrei\" target=\"_blank\">http:\/\/cadredidactice.ub.ro\/simionandrei<\/a><br \/>\n<\/address>\n<ul>\n<li>\n<h3><strong>Sala:<\/strong><\/h3>\n<\/li>\n<\/ul>\n<h3 style=\"padding-left: 60px\">Modul L1 B\u00a0 &#8211; mar\u0163i\u00a010:00 &#8211; 12:00<\/h3>\n<h3 style=\"padding-left: 180px\">joi 10:00 &#8211; 12:00<\/h3>\n<\/div>\n<p class=\"comments\">\n<\/div>\n<\/div>\n","protected":false},"excerpt":{"rendered":"<p>Bine a\u0163i venit, Pe pagina mea personal\u0103, m\u0103 numesc Simion Andrei-Ionu\u0163 av\u0103nd functia Asistent Universitar la Universitatea \u201cVasile Alecsandri\u201d din Bac\u0103u, Facultatea de Inginerie, Departamentul Chimia \u015fi Ingineria Siguran\u0163ei Alimentare \u015fi Protec\u0163iei Mediului (CISAPM), disciplinele \u2026 Pe aceast\u0103 pagina g\u0103si\u0163i &hellip;<\/p>\n<p class=\"read-more\"><a href=\"https:\/\/cadredidactice.ub.ro\/simionandrei\/info-contact\/\">Continue reading<\/a><\/p>\n","protected":false},"author":87,"featured_media":0,"parent":0,"menu_order":0,"comment_status":"open","ping_status":"open","template":"","meta":{"footnotes":""},"class_list":["post-3","page","type-page","status-publish","hentry"],"_links":{"self":[{"href":"https:\/\/cadredidactice.ub.ro\/simionandrei\/wp-json\/wp\/v2\/pages\/3","targetHints":{"allow":["GET"]}}],"collection":[{"href":"https:\/\/cadredidactice.ub.ro\/simionandrei\/wp-json\/wp\/v2\/pages"}],"about":[{"href":"https:\/\/cadredidactice.ub.ro\/simionandrei\/wp-json\/wp\/v2\/types\/page"}],"author":[{"embeddable":true,"href":"https:\/\/cadredidactice.ub.ro\/simionandrei\/wp-json\/wp\/v2\/users\/87"}],"replies":[{"embeddable":true,"href":"https:\/\/cadredidactice.ub.ro\/simionandrei\/wp-json\/wp\/v2\/comments?post=3"}],"version-history":[{"count":0,"href":"https:\/\/cadredidactice.ub.ro\/simionandrei\/wp-json\/wp\/v2\/pages\/3\/revisions"}],"wp:attachment":[{"href":"https:\/\/cadredidactice.ub.ro\/simionandrei\/wp-json\/wp\/v2\/media?parent=3"}],"curies":[{"name":"wp","href":"https:\/\/api.w.org\/{rel}","templated":true}]}}