{"id":33,"date":"2015-10-24T20:00:59","date_gmt":"2015-10-24T18:00:59","guid":{"rendered":"http:\/\/cadredidactice.ub.ro\/salgausilviu\/?page_id=33"},"modified":"2015-10-24T20:07:34","modified_gmt":"2015-10-24T18:07:34","slug":"carti-si-cursuri-de-specialitate","status":"publish","type":"page","link":"https:\/\/cadredidactice.ub.ro\/salgausilviu\/carti-si-cursuri-de-specialitate\/","title":{"rendered":"C\u0103r\u0163i \u015fi cursuri de specialitate"},"content":{"rendered":"<p><strong>C\u0103r\u0163i de specialitate<\/strong><\/p>\n<p><a href=\"https:\/\/cadredidactice.ub.ro\/wp-content\/uploads\/sites\/17\/2015\/10\/salga-2.jpg\"><img loading=\"lazy\" decoding=\"async\" class=\"alignnone size-medium wp-image-43\" src=\"https:\/\/cadredidactice.ub.ro\/wp-content\/uploads\/sites\/17\/2015\/10\/salga-2-199x300.jpg\" alt=\"salga 2\" width=\"199\" height=\"300\" srcset=\"https:\/\/cadredidactice.ub.ro\/salgausilviu\/files\/2015\/10\/salga-2-199x300.jpg 199w, https:\/\/cadredidactice.ub.ro\/salgausilviu\/files\/2015\/10\/salga-2-680x1024.jpg 680w, https:\/\/cadredidactice.ub.ro\/salgausilviu\/files\/2015\/10\/salga-2.jpg 1609w\" sizes=\"auto, (max-width: 199px) 100vw, 199px\" \/><\/a> \u00a0<a href=\"https:\/\/cadredidactice.ub.ro\/wp-content\/uploads\/sites\/17\/2015\/10\/salga.jpg\"><img loading=\"lazy\" decoding=\"async\" class=\"alignnone size-medium wp-image-45\" src=\"https:\/\/cadredidactice.ub.ro\/wp-content\/uploads\/sites\/17\/2015\/10\/salga-201x300.jpg\" alt=\"salga\" width=\"201\" height=\"300\" srcset=\"https:\/\/cadredidactice.ub.ro\/salgausilviu\/files\/2015\/10\/salga-201x300.jpg 201w, https:\/\/cadredidactice.ub.ro\/salgausilviu\/files\/2015\/10\/salga-685x1024.jpg 685w, https:\/\/cadredidactice.ub.ro\/salgausilviu\/files\/2015\/10\/salga.jpg 1600w\" sizes=\"auto, (max-width: 201px) 100vw, 201px\" \/><\/a> <a href=\"https:\/\/cadredidactice.ub.ro\/wp-content\/uploads\/sites\/17\/2015\/10\/salgau-1.jpg\"><img loading=\"lazy\" decoding=\"async\" class=\"alignnone size-medium wp-image-46\" src=\"https:\/\/cadredidactice.ub.ro\/wp-content\/uploads\/sites\/17\/2015\/10\/salgau-1-206x300.jpg\" alt=\"salgau 1\" width=\"206\" height=\"300\" srcset=\"https:\/\/cadredidactice.ub.ro\/salgausilviu\/files\/2015\/10\/salgau-1-206x300.jpg 206w, https:\/\/cadredidactice.ub.ro\/salgausilviu\/files\/2015\/10\/salgau-1-703x1024.jpg 703w, https:\/\/cadredidactice.ub.ro\/salgausilviu\/files\/2015\/10\/salgau-1.jpg 1731w\" sizes=\"auto, (max-width: 206px) 100vw, 206px\" \/><\/a> <a href=\"https:\/\/cadredidactice.ub.ro\/wp-content\/uploads\/sites\/17\/2015\/10\/salgau-2.jpg\"><img loading=\"lazy\" decoding=\"async\" class=\"alignnone size-medium wp-image-47\" src=\"https:\/\/cadredidactice.ub.ro\/wp-content\/uploads\/sites\/17\/2015\/10\/salgau-2-210x300.jpg\" alt=\"salgau 2\" width=\"210\" height=\"300\" srcset=\"https:\/\/cadredidactice.ub.ro\/salgausilviu\/files\/2015\/10\/salgau-2-210x300.jpg 210w, https:\/\/cadredidactice.ub.ro\/salgausilviu\/files\/2015\/10\/salgau-2-717x1024.jpg 717w, https:\/\/cadredidactice.ub.ro\/salgausilviu\/files\/2015\/10\/salgau-2.jpg 1737w\" sizes=\"auto, (max-width: 210px) 100vw, 210px\" \/><\/a> <a href=\"https:\/\/cadredidactice.ub.ro\/wp-content\/uploads\/sites\/17\/2015\/10\/salgau-sil-1.jpg\"><img loading=\"lazy\" decoding=\"async\" class=\"alignnone size-medium wp-image-48\" src=\"https:\/\/cadredidactice.ub.ro\/wp-content\/uploads\/sites\/17\/2015\/10\/salgau-sil-1-195x300.jpg\" alt=\"salgau sil (1)\" width=\"195\" height=\"300\" srcset=\"https:\/\/cadredidactice.ub.ro\/salgausilviu\/files\/2015\/10\/salgau-sil-1-195x300.jpg 195w, https:\/\/cadredidactice.ub.ro\/salgausilviu\/files\/2015\/10\/salgau-sil-1-664x1024.jpg 664w, https:\/\/cadredidactice.ub.ro\/salgausilviu\/files\/2015\/10\/salgau-sil-1.jpg 1634w\" sizes=\"auto, (max-width: 195px) 100vw, 195px\" \/><\/a> <a href=\"https:\/\/cadredidactice.ub.ro\/wp-content\/uploads\/sites\/17\/2015\/10\/salgau-sil-2.jpg\"><img loading=\"lazy\" decoding=\"async\" class=\"alignnone size-medium wp-image-49\" src=\"https:\/\/cadredidactice.ub.ro\/wp-content\/uploads\/sites\/17\/2015\/10\/salgau-sil-2-200x300.jpg\" alt=\"salgau sil (2)\" width=\"200\" height=\"300\" srcset=\"https:\/\/cadredidactice.ub.ro\/salgausilviu\/files\/2015\/10\/salgau-sil-2-200x300.jpg 200w, https:\/\/cadredidactice.ub.ro\/salgausilviu\/files\/2015\/10\/salgau-sil-2-683x1024.jpg 683w, https:\/\/cadredidactice.ub.ro\/salgausilviu\/files\/2015\/10\/salgau-sil-2.jpg 1596w\" sizes=\"auto, (max-width: 200px) 100vw, 200px\" \/><\/a> \u00a0<a href=\"https:\/\/cadredidactice.ub.ro\/wp-content\/uploads\/sites\/17\/2015\/10\/salgau-sil-4.jpg\"><img loading=\"lazy\" decoding=\"async\" class=\"alignnone size-medium wp-image-51\" src=\"https:\/\/cadredidactice.ub.ro\/wp-content\/uploads\/sites\/17\/2015\/10\/salgau-sil-4-208x300.jpg\" alt=\"salgau sil (4)\" width=\"208\" height=\"300\" srcset=\"https:\/\/cadredidactice.ub.ro\/salgausilviu\/files\/2015\/10\/salgau-sil-4-208x300.jpg 208w, https:\/\/cadredidactice.ub.ro\/salgausilviu\/files\/2015\/10\/salgau-sil-4-710x1024.jpg 710w, https:\/\/cadredidactice.ub.ro\/salgausilviu\/files\/2015\/10\/salgau-sil-4.jpg 1543w\" sizes=\"auto, (max-width: 208px) 100vw, 208px\" \/><\/a><\/p>\n<p><strong>Cursuri de specialitate<\/strong><\/p>\n<p><a href=\"https:\/\/cadredidactice.ub.ro\/wp-content\/uploads\/sites\/17\/2015\/10\/salgau-sil-3.jpg\"><img loading=\"lazy\" decoding=\"async\" class=\"alignnone size-medium wp-image-50\" src=\"https:\/\/cadredidactice.ub.ro\/wp-content\/uploads\/sites\/17\/2015\/10\/salgau-sil-3-219x300.jpg\" alt=\"salgau sil (3)\" width=\"219\" height=\"300\" srcset=\"https:\/\/cadredidactice.ub.ro\/salgausilviu\/files\/2015\/10\/salgau-sil-3-219x300.jpg 219w, https:\/\/cadredidactice.ub.ro\/salgausilviu\/files\/2015\/10\/salgau-sil-3-749x1024.jpg 749w, https:\/\/cadredidactice.ub.ro\/salgausilviu\/files\/2015\/10\/salgau-sil-3.jpg 1682w\" sizes=\"auto, (max-width: 219px) 100vw, 219px\" \/><\/a> <a href=\"https:\/\/cadredidactice.ub.ro\/wp-content\/uploads\/sites\/17\/2015\/10\/salgau-sil-5.jpg\"><img loading=\"lazy\" decoding=\"async\" class=\"alignnone size-medium wp-image-52\" src=\"https:\/\/cadredidactice.ub.ro\/wp-content\/uploads\/sites\/17\/2015\/10\/salgau-sil-5-202x300.jpg\" alt=\"salgau sil 5\" width=\"202\" height=\"300\" srcset=\"https:\/\/cadredidactice.ub.ro\/salgausilviu\/files\/2015\/10\/salgau-sil-5-202x300.jpg 202w, https:\/\/cadredidactice.ub.ro\/salgausilviu\/files\/2015\/10\/salgau-sil-5-689x1024.jpg 689w, https:\/\/cadredidactice.ub.ro\/salgausilviu\/files\/2015\/10\/salgau-sil-5.jpg 1661w\" sizes=\"auto, (max-width: 202px) 100vw, 202px\" \/><\/a> <a href=\"https:\/\/cadredidactice.ub.ro\/wp-content\/uploads\/sites\/17\/2015\/10\/salga-3.jpg\"><img loading=\"lazy\" decoding=\"async\" class=\"alignnone size-medium wp-image-44\" src=\"https:\/\/cadredidactice.ub.ro\/wp-content\/uploads\/sites\/17\/2015\/10\/salga-3-198x300.jpg\" alt=\"salga 3\" width=\"198\" height=\"300\" srcset=\"https:\/\/cadredidactice.ub.ro\/salgausilviu\/files\/2015\/10\/salga-3-198x300.jpg 198w, https:\/\/cadredidactice.ub.ro\/salgausilviu\/files\/2015\/10\/salga-3-676x1024.jpg 676w, https:\/\/cadredidactice.ub.ro\/salgausilviu\/files\/2015\/10\/salga-3.jpg 1656w\" sizes=\"auto, (max-width: 198px) 100vw, 198px\" \/><\/a><\/p>\n","protected":false},"excerpt":{"rendered":"<p>C\u0103r\u0163i de specialitate \u00a0 \u00a0 Cursuri de specialitate<\/p>\n","protected":false},"author":10,"featured_media":0,"parent":0,"menu_order":0,"comment_status":"closed","ping_status":"closed","template":"","meta":{"footnotes":""},"class_list":["post-33","page","type-page","status-publish","hentry"],"_links":{"self":[{"href":"https:\/\/cadredidactice.ub.ro\/salgausilviu\/wp-json\/wp\/v2\/pages\/33","targetHints":{"allow":["GET"]}}],"collection":[{"href":"https:\/\/cadredidactice.ub.ro\/salgausilviu\/wp-json\/wp\/v2\/pages"}],"about":[{"href":"https:\/\/cadredidactice.ub.ro\/salgausilviu\/wp-json\/wp\/v2\/types\/page"}],"author":[{"embeddable":true,"href":"https:\/\/cadredidactice.ub.ro\/salgausilviu\/wp-json\/wp\/v2\/users\/10"}],"replies":[{"embeddable":true,"href":"https:\/\/cadredidactice.ub.ro\/salgausilviu\/wp-json\/wp\/v2\/comments?post=33"}],"version-history":[{"count":0,"href":"https:\/\/cadredidactice.ub.ro\/salgausilviu\/wp-json\/wp\/v2\/pages\/33\/revisions"}],"wp:attachment":[{"href":"https:\/\/cadredidactice.ub.ro\/salgausilviu\/wp-json\/wp\/v2\/media?parent=33"}],"curies":[{"name":"wp","href":"https:\/\/api.w.org\/{rel}","templated":true}]}}