{"id":3,"date":"2011-03-02T07:36:56","date_gmt":"2011-03-02T05:36:56","guid":{"rendered":"http:\/\/cadredidactice.ub.ro\/rusulacramioara\/?page_id=3"},"modified":"2011-03-15T13:01:28","modified_gmt":"2011-03-15T11:01:28","slug":"info-contact","status":"publish","type":"page","link":"https:\/\/cadredidactice.ub.ro\/rusulacramioara\/","title":{"rendered":"Info \/ Contact"},"content":{"rendered":"<div class=\"post\">\n<div class=\"postContent\">\n<p><img loading=\"lazy\" decoding=\"async\" class=\"alignleft\" src=\"https:\/\/cadredidactice.ub.ro\/wp-content\/uploads\/sites\/92\/2011\/03\/fotografie-rusu-l.jpg\" alt=\"\" width=\"156\" height=\"203\" \/><\/p>\n<h1><strong> Bine a\u0163i venit!<\/strong><\/h1>\n<p><strong>Conferen\u0163iar univ. dr.ing.Rusu Lacramioara<\/strong><\/p>\n<p>Universitatea &#8222;Vasile Alecsandri&#8221; din Bac\u0103u<br \/>\nFacultatea  de Inginerie<br \/>\nDepartamentul: Inginerie Chimic\u0103 \u015fi Alimentar\u0103<br \/>\nCatedra: Chimia \u015fi Ingineria Siguran\u0163ei Alimentare \u015fi  Protec\u0163iei Mediului (CISAPM)<\/p>\n<p style=\"text-align: left\">\n<p style=\"text-align: left\">\n<p style=\"text-align: left\">\n<p style=\"text-align: left\">\n<p style=\"text-align: left\">\n<p style=\"text-align: left\"><strong><strong>Discipline:<\/strong><\/strong><\/p>\n<ul>\n<li><strong><strong>Biotehnologii \u00een protec\u0163ia mediului<\/strong><\/strong><\/li>\n<li><strong>Tehnologia membranelor \u015fi aplica\u0163ii<\/strong><\/li>\n<li><strong>Procese unitare chimice \u015fi biochimice<\/strong><\/li>\n<li><strong>Valorificarea energetic\u0103 a bioresurselor<\/strong><\/li>\n<li><strong>Ingineria prelucr\u0103rii produselor naturale<\/strong><\/li>\n<li><strong>Controlul \u015fi asigurarea calit\u0103\u0163ii bioresurselor<\/strong><\/li>\n<\/ul>\n<p style=\"text-align: left;padding-left: 180px\">\n<p style=\"text-align: left;padding-left: 180px\">\n<p><strong><strong>Citat preferat:<\/strong><\/strong><\/p>\n<blockquote><p><strong>&#8221; Citat &#8222;<\/strong><\/p><\/blockquote>\n<ul>\n<li>\n<h3><strong><!--more-->Date despre mine:<\/strong><\/h3>\n<\/li>\n<\/ul>\n<address><strong><strong>CV <\/strong>&#8211; <a title=\"CV Rusu Lacramioara\" href=\"http:\/\/cisapm.inginerie.ub.ro\/images\/stories\/cvuri_cisapm\/curriculum_vitae_rusu_lacramioara.pdf\" target=\"_blank\">dr. Ing. Rusu Lacramioara<\/a><\/strong><\/p>\n<p><strong><\/strong><\/p>\n<\/address>\n<ul>\n<li>\n<h3><strong>Contact:<\/strong><\/h3>\n<\/li>\n<\/ul>\n<address><strong><strong>Tel:<\/strong> <em>+40 234542411\/ 233\/235;<\/em><\/strong><\/p>\n<p><strong><strong>Fax:<\/strong> <em>+40 234 580170; +40234 545753;<\/em><\/strong><\/p>\n<p><strong><strong>E-mail: <\/strong><a title=\"E-mail Rusu Lacramioara\" href=\"mailto:istrati@ub.ro\" target=\"_blank\">listrati@ub.ro <\/a><\/strong><\/p>\n<\/address>\n<address><strong><strong>Webpage: <\/strong><a title=\"Webpage Rusu Lacramioara\" href=\"http:\/\/cadredidactice.ub.ro\/rusulacramioara\" target=\"_blank\">http:\/\/cadredidactice.ub.ro\/rusulacramioara<\/a><\/strong><\/p>\n<p><strong><\/strong><\/p>\n<\/address>\n<ul>\n<li>\n<h3><strong>Sala:<\/strong><\/h3>\n<\/li>\n<\/ul>\n<h4 style=\"padding-left: 60px\"><strong>&#8211; Modul L1 B<\/strong><\/h4>\n<ul>\n<li><strong>Orar<\/strong><\/li>\n<\/ul>\n<p><strong>&#8211; Vizualizare: <a title=\"Orar 2010-2011\" href=\"https:\/\/cadredidactice.ub.ro\/wp-content\/uploads\/sites\/92\/2011\/03\/orar_2010_2011sem-ii.pdf\" target=\"_blank\">Orar semestrul 2 an universitar 2010-2011<\/a><\/strong><\/div>\n<p class=\"comments\">\n<\/div>\n","protected":false},"excerpt":{"rendered":"<p>Bine a\u0163i venit! Conferen\u0163iar univ. dr.ing.Rusu Lacramioara Universitatea &#8222;Vasile Alecsandri&#8221; din Bac\u0103u Facultatea de Inginerie Departamentul: Inginerie Chimic\u0103 \u015fi Alimentar\u0103 Catedra: Chimia \u015fi Ingineria Siguran\u0163ei Alimentare \u015fi Protec\u0163iei Mediului (CISAPM) Discipline: Biotehnologii \u00een protec\u0163ia mediului Tehnologia membranelor \u015fi aplica\u0163ii Procese &hellip;<\/p>\n<p class=\"read-more\"><a href=\"https:\/\/cadredidactice.ub.ro\/rusulacramioara\/\">Continue reading<\/a><\/p>\n","protected":false},"author":86,"featured_media":0,"parent":0,"menu_order":0,"comment_status":"open","ping_status":"open","template":"","meta":{"footnotes":""},"class_list":["post-3","page","type-page","status-publish","hentry"],"_links":{"self":[{"href":"https:\/\/cadredidactice.ub.ro\/rusulacramioara\/wp-json\/wp\/v2\/pages\/3","targetHints":{"allow":["GET"]}}],"collection":[{"href":"https:\/\/cadredidactice.ub.ro\/rusulacramioara\/wp-json\/wp\/v2\/pages"}],"about":[{"href":"https:\/\/cadredidactice.ub.ro\/rusulacramioara\/wp-json\/wp\/v2\/types\/page"}],"author":[{"embeddable":true,"href":"https:\/\/cadredidactice.ub.ro\/rusulacramioara\/wp-json\/wp\/v2\/users\/86"}],"replies":[{"embeddable":true,"href":"https:\/\/cadredidactice.ub.ro\/rusulacramioara\/wp-json\/wp\/v2\/comments?post=3"}],"version-history":[{"count":0,"href":"https:\/\/cadredidactice.ub.ro\/rusulacramioara\/wp-json\/wp\/v2\/pages\/3\/revisions"}],"wp:attachment":[{"href":"https:\/\/cadredidactice.ub.ro\/rusulacramioara\/wp-json\/wp\/v2\/media?parent=3"}],"curies":[{"name":"wp","href":"https:\/\/api.w.org\/{rel}","templated":true}]}}