{"id":7,"date":"2011-02-01T09:10:30","date_gmt":"2011-02-01T07:10:30","guid":{"rendered":"http:\/\/cadredidactice.ub.ro\/romedeaadriana\/?page_id=7"},"modified":"2013-12-05T20:59:17","modified_gmt":"2013-12-05T18:59:17","slug":"studenti","status":"publish","type":"page","link":"https:\/\/cadredidactice.ub.ro\/romedeaadriana\/studenti\/","title":{"rendered":"Studen\u0163i"},"content":{"rendered":"<div class=\"post\">\n<div class=\"postContent\">\n<ul>\n<li>\n<h2><strong>Orar Licien\u0163\u0103<\/strong><\/h2>\n<\/li>\n<\/ul>\n<h4><a class=\"jce_file_custom\" title=\"orar licenta\" href=\"http:\/\/ub.ro\/litere\/studenti-litere2\/orare\">ORAR &#8211; Rom\u00e2na-Englez\u0103\/Francez\u0103, Englez\u0103\/Francez\u0103-Rom\u00e2n\u0103, Englez\u0103-Francez\u0103, Traducere \u0219i interpretare <\/a><\/h4>\n<ul>\n<li>\n<h2><strong>Orar Master<\/strong><\/h2>\n<\/li>\n<\/ul>\n<h4><a class=\"jce_file_custom\" title=\"orar master\" href=\"http:\/\/ub.ro\/litere\/studenti-litere2\/orare\">ORAR &#8211; Limba englez\u0103\/francez\u0103. Practici de comunicare, Cultur\u0103 \u0219i literatur\u0103 rom\u00e2n\u0103<\/a><\/h4>\n<ul>\n<li>\n<h2><strong>Info Studen\u0163i<\/strong><\/h2>\n<\/li>\n<\/ul>\n<h4><a class=\"jce_file_custom\" title=\"ub.ro\/litere\/studenti\" href=\"http:\/\/ub.ro\/litere\/studenti-litere2\">WWW.UB.RO\/LITERE\/STUDENTI<\/a><\/h4>\n<\/div>\n<p class=\"comments\">\n<\/div>\n","protected":false},"excerpt":{"rendered":"<p>Orar Licien\u0163\u0103 ORAR &#8211; Rom\u00e2na-Englez\u0103\/Francez\u0103, Englez\u0103\/Francez\u0103-Rom\u00e2n\u0103, Englez\u0103-Francez\u0103, Traducere \u0219i interpretare Orar Master ORAR &#8211; Limba englez\u0103\/francez\u0103. Practici de comunicare, Cultur\u0103 \u0219i literatur\u0103 rom\u00e2n\u0103 Info Studen\u0163i WWW.UB.RO\/LITERE\/STUDENTI<\/p>\n","protected":false},"author":214,"featured_media":0,"parent":0,"menu_order":0,"comment_status":"open","ping_status":"closed","template":"","meta":{"footnotes":""},"class_list":["post-7","page","type-page","status-publish","hentry"],"_links":{"self":[{"href":"https:\/\/cadredidactice.ub.ro\/romedeaadriana\/wp-json\/wp\/v2\/pages\/7","targetHints":{"allow":["GET"]}}],"collection":[{"href":"https:\/\/cadredidactice.ub.ro\/romedeaadriana\/wp-json\/wp\/v2\/pages"}],"about":[{"href":"https:\/\/cadredidactice.ub.ro\/romedeaadriana\/wp-json\/wp\/v2\/types\/page"}],"author":[{"embeddable":true,"href":"https:\/\/cadredidactice.ub.ro\/romedeaadriana\/wp-json\/wp\/v2\/users\/214"}],"replies":[{"embeddable":true,"href":"https:\/\/cadredidactice.ub.ro\/romedeaadriana\/wp-json\/wp\/v2\/comments?post=7"}],"version-history":[{"count":0,"href":"https:\/\/cadredidactice.ub.ro\/romedeaadriana\/wp-json\/wp\/v2\/pages\/7\/revisions"}],"wp:attachment":[{"href":"https:\/\/cadredidactice.ub.ro\/romedeaadriana\/wp-json\/wp\/v2\/media?parent=7"}],"curies":[{"name":"wp","href":"https:\/\/api.w.org\/{rel}","templated":true}]}}