{"id":3,"date":"2011-02-01T09:05:34","date_gmt":"2011-02-01T07:05:34","guid":{"rendered":"http:\/\/cadredidactice.ub.ro\/romedeaadriana\/?page_id=3"},"modified":"2013-12-05T21:16:06","modified_gmt":"2013-12-05T19:16:06","slug":"documente","status":"publish","type":"page","link":"https:\/\/cadredidactice.ub.ro\/romedeaadriana\/documente\/","title":{"rendered":"Documente"},"content":{"rendered":"<div class=\"postContent\">\n<div class=\"postContent\">\n<ul>\n<li>\n<h3><strong>Cursuri:<\/strong><\/h3>\n<\/li>\n<\/ul>\n<p style=\"padding-left: 60px\"><strong>&#8211; <\/strong><\/p>\n<p style=\"padding-left: 60px\"><strong>&#8211;<\/strong><\/p>\n<ul>\n<li>\n<h3><strong>Teme Licen\u0163e:<\/strong><\/h3>\n<\/li>\n<\/ul>\n<p style=\"padding-left: 60px\"><strong>&#8211; <\/strong><\/p>\n<p style=\"padding-left: 60px\"><strong>&#8211; <\/strong><\/p>\n<ul>\n<li>\n<h3><strong>Lucr\u0103ri \u015ftiin\u0163ifice<\/strong><strong>:<\/strong><strong><\/strong><\/h3>\n<\/li>\n<\/ul>\n<p style=\"padding-left: 60px\">&#8211;\u00a0 <a href=\"..\/files\/2011\/03\/lista-de-lucrarilor-stiintifice-romedea-adriana-gertruda-2011.pdf\">lista lucrarilor stiintifice Romedea Adriana-Gertruda 2011<\/a><\/p>\n<p style=\"padding-left: 60px\"><strong>&#8211;<\/strong><\/p>\n<\/div>\n<\/div>\n<p class=\"comments\">\n","protected":false},"excerpt":{"rendered":"<p>Cursuri: &#8211; &#8211; Teme Licen\u0163e: &#8211; &#8211; Lucr\u0103ri \u015ftiin\u0163ifice: &#8211;\u00a0 lista lucrarilor stiintifice Romedea Adriana-Gertruda 2011 &#8211;<\/p>\n","protected":false},"author":214,"featured_media":0,"parent":0,"menu_order":2,"comment_status":"open","ping_status":"closed","template":"","meta":{"footnotes":""},"class_list":["post-3","page","type-page","status-publish","hentry"],"_links":{"self":[{"href":"https:\/\/cadredidactice.ub.ro\/romedeaadriana\/wp-json\/wp\/v2\/pages\/3","targetHints":{"allow":["GET"]}}],"collection":[{"href":"https:\/\/cadredidactice.ub.ro\/romedeaadriana\/wp-json\/wp\/v2\/pages"}],"about":[{"href":"https:\/\/cadredidactice.ub.ro\/romedeaadriana\/wp-json\/wp\/v2\/types\/page"}],"author":[{"embeddable":true,"href":"https:\/\/cadredidactice.ub.ro\/romedeaadriana\/wp-json\/wp\/v2\/users\/214"}],"replies":[{"embeddable":true,"href":"https:\/\/cadredidactice.ub.ro\/romedeaadriana\/wp-json\/wp\/v2\/comments?post=3"}],"version-history":[{"count":0,"href":"https:\/\/cadredidactice.ub.ro\/romedeaadriana\/wp-json\/wp\/v2\/pages\/3\/revisions"}],"wp:attachment":[{"href":"https:\/\/cadredidactice.ub.ro\/romedeaadriana\/wp-json\/wp\/v2\/media?parent=3"}],"curies":[{"name":"wp","href":"https:\/\/api.w.org\/{rel}","templated":true}]}}