{"id":2,"date":"2011-02-01T09:00:43","date_gmt":"2011-02-01T07:00:43","guid":{"rendered":""},"modified":"2013-12-05T21:08:13","modified_gmt":"2013-12-05T19:08:13","slug":"info-contact","status":"publish","type":"page","link":"https:\/\/cadredidactice.ub.ro\/romedeaadriana\/","title":{"rendered":"Info \/ Contact"},"content":{"rendered":"<h3><a href=\"http:\/\/ub.ro\/files\/facultati\/litere\/foto\/Romedea_Adriana-Gertruda.jpg\"><img loading=\"lazy\" decoding=\"async\" class=\"alignleft\" alt=\"\" src=\"http:\/\/ub.ro\/files\/facultati\/litere\/foto\/Romedea_Adriana-Gertruda.jpg\" width=\"250\" height=\"1000\" \/><\/a><\/h3>\n<h1>Bine a\u0163i venit!<\/h1>\n<h4 style=\"text-align: right\">M\u0103 numesc Adriana-Gertruda Romedea<\/h4>\n<h4 style=\"text-align: left\">Sunt profesor universitar doctor \u00een cadrul Departamentul de Limbi \u015fi Literaturi Str\u0103ine (DLLS), prorector cu programe de \u00eenv\u0103\u0163\u0103m\u00e2nt \u015fi activit\u0103\u0163i studen\u0163e\u015fti.<\/h4>\n<h4>Pe aceast\u0103 pagina g\u0103si\u0163i:<\/h4>\n<h4>\u00a0&#8211; orarul pentru licen\u0163\u0103 \u015fi master, Cv-ul personal, Lista de lucr\u0103ri \u015ftiin\u0163ifice, adresa de e-mail \u015fi disciplinele predate.<\/h4>\n<h2>Citat Preferat:<\/h2>\n<blockquote>\n<p style=\"text-align: left\"><strong><em>\u201e\u00cen munc\u0103 e s\u0103n\u0103tatea, cinstea, puterea \u015fi farmecul vie\u0163ii&#8221;.<\/em><\/strong><\/p>\n<p style=\"text-align: right\"><strong><em>Alexandru Vlahu\u0163\u0103<\/em><\/strong><\/p>\n<\/blockquote>\n<p><ins datetime=\"00\"><ins datetime=\"00\"><ins datetime=\"00\"><!--more--><\/ins><\/ins><\/ins><\/p>\n<h2>Date despre mine:<\/h2>\n<ul>\n<li>\n<address><strong><em>CV<\/em><\/strong> &#8211;\u00a0<strong><a title=\"CV Romedea Adriana-Gertruda\" href=\"http:\/\/ub.ro\/files\/facultati\/litere\/foto\/CV_-_Romedea_Adriana-Gertruda.pdf\" target=\"_blank\">Prof. univ. dr. Romedea Adriana-Gertruda<\/a><\/strong><\/address>\n<\/li>\n<\/ul>\n<h2>Date de contact:<\/h2>\n<ul>\n<li>\n<address><strong><em>Tel<\/em><\/strong> &#8211; <strong>+40-234\/588.884<\/strong><\/address>\n<\/li>\n<li>\n<address><strong><em>Fax<\/em><\/strong> &#8211; <strong>+40-234\/588.884<\/strong><\/address>\n<\/li>\n<li>\n<address><strong><em>Cabinet<\/em><\/strong> &#8211; <strong>C09: Joi 09:00-11:00<\/strong><\/address>\n<\/li>\n<li>\n<address><strong><em>E-mail<\/em><\/strong> &#8211;\u00a0 <strong><a title=\"E-mail Romedea Adriana-Gertruda\" href=\"mailto:romedea.adriana@ub.ro\" target=\"_blank\">romedea.adriana@ub.ro<\/a>;\u00a0 <a title=\"E-mail Romedea Adriana-Gertruda\" href=\"mailto:adriana_romedea@yahoo.fr\" target=\"_blank\">adriana_romedea@yahoo.fr<\/a>;<\/strong><\/address>\n<\/li>\n<li>\n<address><strong><em>Webpage<\/em><\/strong> &#8211; <strong><a title=\"Webpage Romedea Adriana-Gertruda\" href=\"..\/..\/romedeaadriana\" target=\"_blank\">http:\/\/cadredidactice.ub.ro\/romedeaadriana<\/a><\/strong><\/address>\n<\/li>\n<\/ul>\n<h2>Disciplinele predate:<\/h2>\n<ul style=\"font-family: sans-serif;font-size: medium;font-style: normal;font-variant: normal;line-height: normal\">\n<li>\n<h4>Limba francez\u0103 contemporan\u0103 (Fonetic\u0103 \u015fi Lexicologie)<\/h4>\n<\/li>\n<li>\n<h4>Fonetic\u0103 corectiv\u0103<\/h4>\n<\/li>\n<li>\n<h4>Forme discursive<\/h4>\n<\/li>\n<li>\n<h4>Acte de limbaj \u00een franceza modern\u0103<\/h4>\n<\/li>\n<\/ul>\n","protected":false},"excerpt":{"rendered":"<p>Bine a\u0163i venit! M\u0103 numesc Adriana-Gertruda Romedea Sunt profesor universitar doctor \u00een cadrul Departamentul de Limbi \u015fi Literaturi Str\u0103ine (DLLS), prorector cu programe de \u00eenv\u0103\u0163\u0103m\u00e2nt \u015fi activit\u0103\u0163i studen\u0163e\u015fti. Pe aceast\u0103 pagina g\u0103si\u0163i: \u00a0&#8211; orarul pentru licen\u0163\u0103 \u015fi master, Cv-ul personal, &hellip;<\/p>\n<p class=\"read-more\"><a href=\"https:\/\/cadredidactice.ub.ro\/romedeaadriana\/\">Continue reading<\/a><\/p>\n","protected":false},"author":214,"featured_media":0,"parent":0,"menu_order":1,"comment_status":"open","ping_status":"closed","template":"","meta":{"footnotes":""},"class_list":["post-2","page","type-page","status-publish","hentry"],"_links":{"self":[{"href":"https:\/\/cadredidactice.ub.ro\/romedeaadriana\/wp-json\/wp\/v2\/pages\/2","targetHints":{"allow":["GET"]}}],"collection":[{"href":"https:\/\/cadredidactice.ub.ro\/romedeaadriana\/wp-json\/wp\/v2\/pages"}],"about":[{"href":"https:\/\/cadredidactice.ub.ro\/romedeaadriana\/wp-json\/wp\/v2\/types\/page"}],"author":[{"embeddable":true,"href":"https:\/\/cadredidactice.ub.ro\/romedeaadriana\/wp-json\/wp\/v2\/users\/214"}],"replies":[{"embeddable":true,"href":"https:\/\/cadredidactice.ub.ro\/romedeaadriana\/wp-json\/wp\/v2\/comments?post=2"}],"version-history":[{"count":0,"href":"https:\/\/cadredidactice.ub.ro\/romedeaadriana\/wp-json\/wp\/v2\/pages\/2\/revisions"}],"wp:attachment":[{"href":"https:\/\/cadredidactice.ub.ro\/romedeaadriana\/wp-json\/wp\/v2\/media?parent=2"}],"curies":[{"name":"wp","href":"https:\/\/api.w.org\/{rel}","templated":true}]}}