{"id":9,"date":"2015-10-24T19:30:40","date_gmt":"2015-10-24T17:30:40","guid":{"rendered":"http:\/\/cadredidactice.ub.ro\/raveicagabriela\/?page_id=9"},"modified":"2015-10-24T19:38:56","modified_gmt":"2015-10-24T17:38:56","slug":"carti-si-cursuri-de-specialitate","status":"publish","type":"page","link":"https:\/\/cadredidactice.ub.ro\/raveicagabriela\/carti-si-cursuri-de-specialitate\/","title":{"rendered":"Car\u0163i \u015fi cursuri de specialitate"},"content":{"rendered":"<p><strong>C\u0103r\u0163i de specialitate<\/strong><\/p>\n<p><a href=\"https:\/\/cadredidactice.ub.ro\/wp-content\/uploads\/sites\/51\/2015\/10\/raveica-1.jpg\"><img loading=\"lazy\" decoding=\"async\" class=\"alignnone size-medium wp-image-24\" src=\"https:\/\/cadredidactice.ub.ro\/wp-content\/uploads\/sites\/51\/2015\/10\/raveica-1-210x300.jpg\" alt=\"raveica 1\" width=\"210\" height=\"300\" srcset=\"https:\/\/cadredidactice.ub.ro\/raveicagabriela\/files\/2015\/10\/raveica-1-210x300.jpg 210w, https:\/\/cadredidactice.ub.ro\/raveicagabriela\/files\/2015\/10\/raveica-1-717x1024.jpg 717w, https:\/\/cadredidactice.ub.ro\/raveicagabriela\/files\/2015\/10\/raveica-1.jpg 1774w\" sizes=\"auto, (max-width: 210px) 100vw, 210px\" \/><\/a> <a href=\"https:\/\/cadredidactice.ub.ro\/wp-content\/uploads\/sites\/51\/2015\/10\/raveica-gg-1.jpg\"><img loading=\"lazy\" decoding=\"async\" class=\"alignnone size-medium wp-image-25\" src=\"https:\/\/cadredidactice.ub.ro\/wp-content\/uploads\/sites\/51\/2015\/10\/raveica-gg-1-208x300.jpg\" alt=\"raveica gg (1)\" width=\"208\" height=\"300\" srcset=\"https:\/\/cadredidactice.ub.ro\/raveicagabriela\/files\/2015\/10\/raveica-gg-1-208x300.jpg 208w, https:\/\/cadredidactice.ub.ro\/raveicagabriela\/files\/2015\/10\/raveica-gg-1-709x1024.jpg 709w, https:\/\/cadredidactice.ub.ro\/raveicagabriela\/files\/2015\/10\/raveica-gg-1.jpg 1765w\" sizes=\"auto, (max-width: 208px) 100vw, 208px\" \/><\/a> <a href=\"https:\/\/cadredidactice.ub.ro\/wp-content\/uploads\/sites\/51\/2015\/10\/raveica-gg-2.jpg\"><img loading=\"lazy\" decoding=\"async\" class=\"alignnone size-medium wp-image-26\" src=\"https:\/\/cadredidactice.ub.ro\/wp-content\/uploads\/sites\/51\/2015\/10\/raveica-gg-2-209x300.jpg\" alt=\"raveica gg (2)\" width=\"209\" height=\"300\" srcset=\"https:\/\/cadredidactice.ub.ro\/raveicagabriela\/files\/2015\/10\/raveica-gg-2-209x300.jpg 209w, https:\/\/cadredidactice.ub.ro\/raveicagabriela\/files\/2015\/10\/raveica-gg-2-713x1024.jpg 713w, https:\/\/cadredidactice.ub.ro\/raveicagabriela\/files\/2015\/10\/raveica-gg-2.jpg 1588w\" sizes=\"auto, (max-width: 209px) 100vw, 209px\" \/><\/a> <a href=\"https:\/\/cadredidactice.ub.ro\/wp-content\/uploads\/sites\/51\/2015\/10\/raveica-gg-3.jpg\"><img loading=\"lazy\" decoding=\"async\" class=\"alignnone size-medium wp-image-28\" src=\"https:\/\/cadredidactice.ub.ro\/wp-content\/uploads\/sites\/51\/2015\/10\/raveica-gg-3-221x300.jpg\" alt=\"raveica gg (3)\" width=\"221\" height=\"300\" srcset=\"https:\/\/cadredidactice.ub.ro\/raveicagabriela\/files\/2015\/10\/raveica-gg-3-221x300.jpg 221w, https:\/\/cadredidactice.ub.ro\/raveicagabriela\/files\/2015\/10\/raveica-gg-3-754x1024.jpg 754w, https:\/\/cadredidactice.ub.ro\/raveicagabriela\/files\/2015\/10\/raveica-gg-3.jpg 1820w\" sizes=\"auto, (max-width: 221px) 100vw, 221px\" \/><\/a> <a href=\"https:\/\/cadredidactice.ub.ro\/wp-content\/uploads\/sites\/51\/2015\/10\/raveica-gg3.jpg\"><img loading=\"lazy\" decoding=\"async\" class=\"alignnone size-medium wp-image-29\" src=\"https:\/\/cadredidactice.ub.ro\/wp-content\/uploads\/sites\/51\/2015\/10\/raveica-gg3-215x300.jpg\" alt=\"raveica gg3\" width=\"215\" height=\"300\" srcset=\"https:\/\/cadredidactice.ub.ro\/raveicagabriela\/files\/2015\/10\/raveica-gg3-215x300.jpg 215w, https:\/\/cadredidactice.ub.ro\/raveicagabriela\/files\/2015\/10\/raveica-gg3-734x1024.jpg 734w, https:\/\/cadredidactice.ub.ro\/raveicagabriela\/files\/2015\/10\/raveica-gg3.jpg 1719w\" sizes=\"auto, (max-width: 215px) 100vw, 215px\" \/><\/a><\/p>\n<p><strong>Cursuri de specialitate<\/strong><\/p>\n<p>&nbsp;<\/p>\n","protected":false},"excerpt":{"rendered":"<p>C\u0103r\u0163i de specialitate Cursuri de specialitate &nbsp;<\/p>\n","protected":false},"author":44,"featured_media":0,"parent":0,"menu_order":0,"comment_status":"closed","ping_status":"closed","template":"","meta":{"footnotes":""},"class_list":["post-9","page","type-page","status-publish","hentry"],"_links":{"self":[{"href":"https:\/\/cadredidactice.ub.ro\/raveicagabriela\/wp-json\/wp\/v2\/pages\/9","targetHints":{"allow":["GET"]}}],"collection":[{"href":"https:\/\/cadredidactice.ub.ro\/raveicagabriela\/wp-json\/wp\/v2\/pages"}],"about":[{"href":"https:\/\/cadredidactice.ub.ro\/raveicagabriela\/wp-json\/wp\/v2\/types\/page"}],"author":[{"embeddable":true,"href":"https:\/\/cadredidactice.ub.ro\/raveicagabriela\/wp-json\/wp\/v2\/users\/44"}],"replies":[{"embeddable":true,"href":"https:\/\/cadredidactice.ub.ro\/raveicagabriela\/wp-json\/wp\/v2\/comments?post=9"}],"version-history":[{"count":0,"href":"https:\/\/cadredidactice.ub.ro\/raveicagabriela\/wp-json\/wp\/v2\/pages\/9\/revisions"}],"wp:attachment":[{"href":"https:\/\/cadredidactice.ub.ro\/raveicagabriela\/wp-json\/wp\/v2\/media?parent=9"}],"curies":[{"name":"wp","href":"https:\/\/api.w.org\/{rel}","templated":true}]}}