{"id":11,"date":"2015-10-24T19:31:05","date_gmt":"2015-10-24T17:31:05","guid":{"rendered":"http:\/\/cadredidactice.ub.ro\/raveicagabriela\/?page_id=11"},"modified":"2015-10-24T19:31:05","modified_gmt":"2015-10-24T17:31:05","slug":"contributii-stiintifice","status":"publish","type":"page","link":"https:\/\/cadredidactice.ub.ro\/raveicagabriela\/contributii-stiintifice\/","title":{"rendered":"Contribu\u0163ii \u015ftiin\u0163ifice"},"content":{"rendered":"","protected":false},"excerpt":{"rendered":"","protected":false},"author":44,"featured_media":0,"parent":0,"menu_order":0,"comment_status":"closed","ping_status":"closed","template":"","meta":{"footnotes":""},"class_list":["post-11","page","type-page","status-publish","hentry"],"_links":{"self":[{"href":"https:\/\/cadredidactice.ub.ro\/raveicagabriela\/wp-json\/wp\/v2\/pages\/11","targetHints":{"allow":["GET"]}}],"collection":[{"href":"https:\/\/cadredidactice.ub.ro\/raveicagabriela\/wp-json\/wp\/v2\/pages"}],"about":[{"href":"https:\/\/cadredidactice.ub.ro\/raveicagabriela\/wp-json\/wp\/v2\/types\/page"}],"author":[{"embeddable":true,"href":"https:\/\/cadredidactice.ub.ro\/raveicagabriela\/wp-json\/wp\/v2\/users\/44"}],"replies":[{"embeddable":true,"href":"https:\/\/cadredidactice.ub.ro\/raveicagabriela\/wp-json\/wp\/v2\/comments?post=11"}],"version-history":[{"count":0,"href":"https:\/\/cadredidactice.ub.ro\/raveicagabriela\/wp-json\/wp\/v2\/pages\/11\/revisions"}],"wp:attachment":[{"href":"https:\/\/cadredidactice.ub.ro\/raveicagabriela\/wp-json\/wp\/v2\/media?parent=11"}],"curies":[{"name":"wp","href":"https:\/\/api.w.org\/{rel}","templated":true}]}}