{"id":13,"date":"2015-10-24T19:51:04","date_gmt":"2015-10-24T17:51:04","guid":{"rendered":"http:\/\/cadredidactice.ub.ro\/ratamarinela\/?page_id=13"},"modified":"2015-10-24T19:53:20","modified_gmt":"2015-10-24T17:53:20","slug":"carti-si-cursuri-de-specialitate","status":"publish","type":"page","link":"https:\/\/cadredidactice.ub.ro\/ratamarinela\/carti-si-cursuri-de-specialitate\/","title":{"rendered":"C\u0103r\u0163i \u015fi cursuri de specialitate"},"content":{"rendered":"<p><strong>C\u0103r\u0163i de specialitate<\/strong><\/p>\n<p><a href=\"https:\/\/cadredidactice.ub.ro\/wp-content\/uploads\/sites\/55\/2015\/10\/rata-m-1.jpg\"><img loading=\"lazy\" decoding=\"async\" class=\"alignnone size-medium wp-image-14\" src=\"https:\/\/cadredidactice.ub.ro\/wp-content\/uploads\/sites\/55\/2015\/10\/rata-m-1-211x300.jpg\" alt=\"rata m 1\" width=\"211\" height=\"300\" srcset=\"https:\/\/cadredidactice.ub.ro\/ratamarinela\/files\/2015\/10\/rata-m-1-211x300.jpg 211w, https:\/\/cadredidactice.ub.ro\/ratamarinela\/files\/2015\/10\/rata-m-1-720x1024.jpg 720w, https:\/\/cadredidactice.ub.ro\/ratamarinela\/files\/2015\/10\/rata-m-1.jpg 1728w\" sizes=\"auto, (max-width: 211px) 100vw, 211px\" \/><\/a> <a href=\"https:\/\/cadredidactice.ub.ro\/wp-content\/uploads\/sites\/55\/2015\/10\/rata-m-2.jpg\"><img loading=\"lazy\" decoding=\"async\" class=\"alignnone size-medium wp-image-15\" src=\"https:\/\/cadredidactice.ub.ro\/wp-content\/uploads\/sites\/55\/2015\/10\/rata-m-2-202x300.jpg\" alt=\"rata m 2\" width=\"202\" height=\"300\" srcset=\"https:\/\/cadredidactice.ub.ro\/ratamarinela\/files\/2015\/10\/rata-m-2-202x300.jpg 202w, https:\/\/cadredidactice.ub.ro\/ratamarinela\/files\/2015\/10\/rata-m-2-691x1024.jpg 691w, https:\/\/cadredidactice.ub.ro\/ratamarinela\/files\/2015\/10\/rata-m-2.jpg 1693w\" sizes=\"auto, (max-width: 202px) 100vw, 202px\" \/><\/a> <a href=\"https:\/\/cadredidactice.ub.ro\/wp-content\/uploads\/sites\/55\/2015\/10\/Rata-Marinela.jpg\"><img loading=\"lazy\" decoding=\"async\" class=\"alignnone size-medium wp-image-16\" src=\"https:\/\/cadredidactice.ub.ro\/wp-content\/uploads\/sites\/55\/2015\/10\/Rata-Marinela-211x300.jpg\" alt=\"coperta Rata Marinela\" width=\"211\" height=\"300\" srcset=\"https:\/\/cadredidactice.ub.ro\/ratamarinela\/files\/2015\/10\/Rata-Marinela-211x300.jpg 211w, https:\/\/cadredidactice.ub.ro\/ratamarinela\/files\/2015\/10\/Rata-Marinela.jpg 494w\" sizes=\"auto, (max-width: 211px) 100vw, 211px\" \/><\/a><\/p>\n<p><strong>Cursuri de specialitate<\/strong><\/p>\n<p><a href=\"https:\/\/cadredidactice.ub.ro\/wp-content\/uploads\/sites\/55\/2015\/10\/rata-m-11.jpg\"><img loading=\"lazy\" decoding=\"async\" class=\"alignnone size-medium wp-image-19\" src=\"https:\/\/cadredidactice.ub.ro\/wp-content\/uploads\/sites\/55\/2015\/10\/rata-m-11-218x300.jpg\" alt=\"rata m (1)\" width=\"218\" height=\"300\" srcset=\"https:\/\/cadredidactice.ub.ro\/ratamarinela\/files\/2015\/10\/rata-m-11-218x300.jpg 218w, https:\/\/cadredidactice.ub.ro\/ratamarinela\/files\/2015\/10\/rata-m-11-746x1024.jpg 746w, https:\/\/cadredidactice.ub.ro\/ratamarinela\/files\/2015\/10\/rata-m-11.jpg 1719w\" sizes=\"auto, (max-width: 218px) 100vw, 218px\" \/><\/a> <a href=\"https:\/\/cadredidactice.ub.ro\/wp-content\/uploads\/sites\/55\/2015\/10\/rata-m-21.jpg\"><img loading=\"lazy\" decoding=\"async\" class=\"alignnone size-medium wp-image-20\" src=\"https:\/\/cadredidactice.ub.ro\/wp-content\/uploads\/sites\/55\/2015\/10\/rata-m-21-208x300.jpg\" alt=\"rata m (2)\" width=\"208\" height=\"300\" srcset=\"https:\/\/cadredidactice.ub.ro\/ratamarinela\/files\/2015\/10\/rata-m-21-208x300.jpg 208w, https:\/\/cadredidactice.ub.ro\/ratamarinela\/files\/2015\/10\/rata-m-21-709x1024.jpg 709w, https:\/\/cadredidactice.ub.ro\/ratamarinela\/files\/2015\/10\/rata-m-21.jpg 1642w\" sizes=\"auto, (max-width: 208px) 100vw, 208px\" \/><\/a> <a href=\"https:\/\/cadredidactice.ub.ro\/wp-content\/uploads\/sites\/55\/2015\/10\/rata-mar-2.jpg\"><img loading=\"lazy\" decoding=\"async\" class=\"alignnone size-medium wp-image-21\" src=\"https:\/\/cadredidactice.ub.ro\/wp-content\/uploads\/sites\/55\/2015\/10\/rata-mar-2-211x300.jpg\" alt=\"rata mar 2\" width=\"211\" height=\"300\" srcset=\"https:\/\/cadredidactice.ub.ro\/ratamarinela\/files\/2015\/10\/rata-mar-2-211x300.jpg 211w, https:\/\/cadredidactice.ub.ro\/ratamarinela\/files\/2015\/10\/rata-mar-2-722x1024.jpg 722w, https:\/\/cadredidactice.ub.ro\/ratamarinela\/files\/2015\/10\/rata-mar-2.jpg 1664w\" sizes=\"auto, (max-width: 211px) 100vw, 211px\" \/><\/a> <a href=\"https:\/\/cadredidactice.ub.ro\/wp-content\/uploads\/sites\/55\/2015\/10\/rata-mar-4.jpg\"><img loading=\"lazy\" decoding=\"async\" class=\"alignnone size-medium wp-image-22\" src=\"https:\/\/cadredidactice.ub.ro\/wp-content\/uploads\/sites\/55\/2015\/10\/rata-mar-4-216x300.jpg\" alt=\"rata mar 4\" width=\"216\" height=\"300\" srcset=\"https:\/\/cadredidactice.ub.ro\/ratamarinela\/files\/2015\/10\/rata-mar-4-216x300.jpg 216w, https:\/\/cadredidactice.ub.ro\/ratamarinela\/files\/2015\/10\/rata-mar-4-738x1024.jpg 738w, https:\/\/cadredidactice.ub.ro\/ratamarinela\/files\/2015\/10\/rata-mar-4.jpg 1719w\" sizes=\"auto, (max-width: 216px) 100vw, 216px\" \/><\/a><\/p>\n","protected":false},"excerpt":{"rendered":"<p>C\u0103r\u0163i de specialitate Cursuri de specialitate<\/p>\n","protected":false},"author":48,"featured_media":0,"parent":0,"menu_order":0,"comment_status":"closed","ping_status":"closed","template":"","meta":{"footnotes":""},"class_list":["post-13","page","type-page","status-publish","hentry"],"_links":{"self":[{"href":"https:\/\/cadredidactice.ub.ro\/ratamarinela\/wp-json\/wp\/v2\/pages\/13","targetHints":{"allow":["GET"]}}],"collection":[{"href":"https:\/\/cadredidactice.ub.ro\/ratamarinela\/wp-json\/wp\/v2\/pages"}],"about":[{"href":"https:\/\/cadredidactice.ub.ro\/ratamarinela\/wp-json\/wp\/v2\/types\/page"}],"author":[{"embeddable":true,"href":"https:\/\/cadredidactice.ub.ro\/ratamarinela\/wp-json\/wp\/v2\/users\/48"}],"replies":[{"embeddable":true,"href":"https:\/\/cadredidactice.ub.ro\/ratamarinela\/wp-json\/wp\/v2\/comments?post=13"}],"version-history":[{"count":0,"href":"https:\/\/cadredidactice.ub.ro\/ratamarinela\/wp-json\/wp\/v2\/pages\/13\/revisions"}],"wp:attachment":[{"href":"https:\/\/cadredidactice.ub.ro\/ratamarinela\/wp-json\/wp\/v2\/media?parent=13"}],"curies":[{"name":"wp","href":"https:\/\/api.w.org\/{rel}","templated":true}]}}