{"id":9,"date":"2011-02-25T21:26:54","date_gmt":"2011-02-25T19:26:54","guid":{"rendered":"http:\/\/cadredidactice.ub.ro\/raducaliman\/?page_id=9"},"modified":"2011-02-25T21:26:54","modified_gmt":"2011-02-25T19:26:54","slug":"teme-lucrari-licenta","status":"publish","type":"page","link":"https:\/\/cadredidactice.ub.ro\/raducaliman\/teme-lucrari-licenta\/","title":{"rendered":"Teme lucrari licenta"},"content":{"rendered":"<p>TEME\u00a0 PROPUSE\u00a0 PENTRU\u00a0 PROIECTUL\u00a0 DE\u00a0 DIPLOM\u0102<\/p>\n<p>anul\u00a0 universitar\u00a0 2010-2011<\/p>\n<p>\u015f. l. dr. ing. RADU C\u0102LIMAN<\/p>\n<p>1.\u00a0\u00a0\u00a0 POMP\u0102 CENTRIFUG\u0102 DE R\u0102CIRE PENTRU MOTOARE TERMICE<br \/>\n2.\u00a0\u00a0\u00a0 INSTALA\u0162IE EXPERIMENTAL\u0102 PENTRU DETERMINAREA<br \/>\nCOEFICIENTULUI DE CONVEC\u0162IE \u00ceN SPA\u0162IU NELIMITAT<br \/>\n3.\u00a0\u00a0\u00a0 STUDIU PRIVIND APARATELE PENTRU CONDI\u0162IONAREA AERULUI CU DEBITE MIJLOCII<br \/>\n4.\u00a0\u00a0\u00a0 INSTALA\u0162IE DE USCARE PRIN PULVERIZARE<br \/>\n5.\u00a0\u00a0\u00a0 STUDIU PRIVIND ALEGEREA \u015eI UTILIZAREA VENTILATOARELOR AXIALE \u00ceN INSTALA\u0162IILE DE VENTILARE \u015eI DE CONDI\u0162IONARE A AERULUI<br \/>\n6.\u00a0\u00a0\u00a0 STUDIU PRIVIND MOTOARELE TERMICE ROTATIVE<\/p>\n","protected":false},"excerpt":{"rendered":"<p>TEME\u00a0 PROPUSE\u00a0 PENTRU\u00a0 PROIECTUL\u00a0 DE\u00a0 DIPLOM\u0102 anul\u00a0 universitar\u00a0 2010-2011 \u015f. l. dr. ing. RADU C\u0102LIMAN 1.\u00a0\u00a0\u00a0 POMP\u0102 CENTRIFUG\u0102 DE R\u0102CIRE PENTRU MOTOARE TERMICE 2.\u00a0\u00a0\u00a0 INSTALA\u0162IE EXPERIMENTAL\u0102 PENTRU DETERMINAREA COEFICIENTULUI DE CONVEC\u0162IE \u00ceN SPA\u0162IU NELIMITAT 3.\u00a0\u00a0\u00a0 STUDIU PRIVIND APARATELE PENTRU CONDI\u0162IONAREA &hellip;<\/p>\n<p class=\"read-more\"><a href=\"https:\/\/cadredidactice.ub.ro\/raducaliman\/teme-lucrari-licenta\/\">Continue reading<\/a><\/p>\n","protected":false},"author":77,"featured_media":0,"parent":0,"menu_order":0,"comment_status":"closed","ping_status":"closed","template":"","meta":{"footnotes":""},"class_list":["post-9","page","type-page","status-publish","hentry"],"_links":{"self":[{"href":"https:\/\/cadredidactice.ub.ro\/raducaliman\/wp-json\/wp\/v2\/pages\/9","targetHints":{"allow":["GET"]}}],"collection":[{"href":"https:\/\/cadredidactice.ub.ro\/raducaliman\/wp-json\/wp\/v2\/pages"}],"about":[{"href":"https:\/\/cadredidactice.ub.ro\/raducaliman\/wp-json\/wp\/v2\/types\/page"}],"author":[{"embeddable":true,"href":"https:\/\/cadredidactice.ub.ro\/raducaliman\/wp-json\/wp\/v2\/users\/77"}],"replies":[{"embeddable":true,"href":"https:\/\/cadredidactice.ub.ro\/raducaliman\/wp-json\/wp\/v2\/comments?post=9"}],"version-history":[{"count":0,"href":"https:\/\/cadredidactice.ub.ro\/raducaliman\/wp-json\/wp\/v2\/pages\/9\/revisions"}],"wp:attachment":[{"href":"https:\/\/cadredidactice.ub.ro\/raducaliman\/wp-json\/wp\/v2\/media?parent=9"}],"curies":[{"name":"wp","href":"https:\/\/api.w.org\/{rel}","templated":true}]}}