{"id":6,"date":"2012-04-12T21:03:58","date_gmt":"2012-04-12T19:03:58","guid":{"rendered":"http:\/\/cadredidactice.ub.ro\/pruteanue\/?page_id=6"},"modified":"2012-04-16T22:49:37","modified_gmt":"2012-04-16T20:49:37","slug":"teme-proiecte","status":"publish","type":"page","link":"https:\/\/cadredidactice.ub.ro\/pruteanue\/teme-proiecte\/","title":{"rendered":"Teme Proiecte"},"content":{"rendered":"<p><strong><span style=\"color: #800000\">TEHNOLOGIA INFORMATIEI<\/span><\/strong><\/p>\n<p><strong><span style=\"color: #ff0000\">2013<\/span><\/strong><\/p>\n<p class=\"MsoNormal\" style=\"margin-bottom: .0001pt\"><span style=\"font-size: 12.0pt;font-family: &quot;Times New Roman&quot;,&quot;serif&quot;Times New Roman&#038;quot\" lang=\"RO\">1.Magic book pentru laborator de IOC<\/span><span style=\"font-size: 12.0pt;font-family: &quot;Times New Roman&quot;,&quot;serif&quot;Times New Roman&#038;quot\" lang=\"EN-AU\">. Evidenta lucrarilor de laborator semestru\/an, Prezenta la cursuri<\/span><\/p>\n<p class=\"MsoNormal\" style=\"margin-bottom: .0001pt\"><span style=\"font-size: 12.0pt;font-family: &quot;Times New Roman&quot;,&quot;serif&quot;Times New Roman&#038;quot\" lang=\"EN-AU\">2. Re<\/span><span style=\"font-size: 12.0pt;font-family: &quot;Cambria Math&quot;,&quot;serif&quot;Times New Roman&quot;Cambria Math&#038;quot\" lang=\"EN-AU\">\u021b<\/span><span style=\"font-size: 12.0pt;font-family: &quot;Times New Roman&quot;,&quot;serif&quot;Times New Roman&#038;quot\" lang=\"EN-AU\">ea neural pentru recunoasterea actelor de vorbire dintr-un dialog <\/span><span style=\"font-size: 12.0pt;font-family: &quot;Cambria Math&quot;,&quot;serif&quot;Times New Roman&quot;Cambria Math&#038;quot\" lang=\"EN-AU\">\u0219<\/span><span style=\"font-size: 12.0pt;font-family: &quot;Times New Roman&quot;,&quot;serif&quot;Times New Roman&#038;quot\" lang=\"EN-AU\">i a culorii.<\/span><\/p>\n<p class=\"MsoNormal\" style=\"margin-bottom: .0001pt\"><span style=\"font-size: 12.0pt;font-family: &quot;Times New Roman&quot;,&quot;serif&quot;Times New Roman&#038;quot\" lang=\"RO\">3. Procesarea semnalelor cu Retele neurale (Signal processing with Neural Network).<\/span><\/p>\n<p class=\"MsoNormal\" style=\"margin-bottom: .0001pt\"><span style=\"font-size: 12.0pt;font-family: &quot;Times New Roman&quot;,&quot;serif&quot;Times New Roman&#038;quot\" lang=\"RO\">4. Recunoasterea fizionomiei umane. Sistem de control acces.<\/span><\/p>\n<p class=\"MsoNormal\" style=\"margin-bottom: .0001pt\"><span style=\"font-size: 12.0pt;font-family: &quot;Times New Roman&quot;,&quot;serif&quot;Times New Roman&#038;quot\" lang=\"EN-AU\">5. Aplicatie software pentru supravegherea video a unei incintei Universit\u0103\u0163ii folosind reteaua <span> <\/span>INTERNET. <\/span><\/p>\n<p class=\"MsoNormal\" style=\"margin-bottom: .0001pt\"><span style=\"font-size: 12.0pt;font-family: &quot;Times New Roman&quot;,&quot;serif&quot;Times New Roman&#038;quot\" lang=\"EN-AU\">6. Evaluator examen. Sistem de testare automata a cunostinetlor implementat printr-un modul pentru verificare online<\/span><\/p>\n<p class=\"MsoNormal\" style=\"margin-bottom: .0001pt\"><span style=\"font-size: 12.0pt;font-family: &quot;Times New Roman&quot;,&quot;serif&quot;Times New Roman&#038;quot\" lang=\"RO\">7. Server web MATLAB si LABVIEW si aplicatii. <\/span><\/p>\n<p class=\"MsoNormal\" style=\"margin-bottom: .0001pt\"><span style=\"font-size: 12.0pt;font-family: &quot;Times New Roman&quot;,&quot;serif&quot;Times New Roman&#038;quot\" lang=\"EN-AU\">8. Descoperirea cunostintelor-data mining in Baze de date mari. Servicii internet<span> &#8211; <\/span>magazin virtual <\/span><\/p>\n<p class=\"MsoNormal\" style=\"margin-bottom: .0001pt\"><span style=\"font-size: 12.0pt;font-family: &quot;Times New Roman&quot;,&quot;serif&quot;Times New Roman&#038;quot\" lang=\"EN-AU\">9. Sistem distribuit de monitorizare si control a unui process on-line.<\/span><\/p>\n<p class=\"MsoNormal\" style=\"margin-bottom: .0001pt\"><span style=\"font-size: 12.0pt;font-family: &quot;Times New Roman&quot;,&quot;serif&quot;Times New Roman&#038;quot\" lang=\"EN-AU\">10.Aplica\u0163ie on-line pentru gestiunea temelor de licen\u0163\u0103 utiliz\u00e2nd ca BD MySQL sau ORACLE. <\/span><\/p>\n<p class=\"MsoNormal\" style=\"margin-bottom: .0001pt\"><span style=\"font-size: 12.0pt;font-family: &quot;Times New Roman&quot;,&quot;serif&quot;Times New Roman&#038;quot\" lang=\"FR\">11. Aplicatii si tehnologii pentru sisteme distribuite (Java) sau (.NET). <\/span><\/p>\n<p class=\"MsoNormal\" style=\"margin-bottom: .0001pt\"><span style=\"font-size: 12.0pt;font-family: &quot;Times New Roman&quot;,&quot;serif&quot;Times New Roman&#038;quot\" lang=\"EN-AU\">12. Sistem informatic pentru automatizarea activitatilor didactice.<\/span><\/p>\n<p class=\"MsoNormal\" style=\"margin-bottom: .0001pt\"><span style=\"font-size: 12.0pt;font-family: &quot;Times New Roman&quot;,&quot;serif&quot;Times New Roman&#038;quot\" lang=\"EN-AU\">13.Comunicatia in Sisteme Distribuite. Retea de calculatoare virtuala VLAN<\/span><\/p>\n<p class=\"MsoNormal\" style=\"margin-bottom: .0001pt\"><span style=\"font-size: 12.0pt;font-family: &quot;Times New Roman&quot;,&quot;serif&quot;Times New Roman&#038;quot\" lang=\"EN-AU\">14. Sistem informatic de localizare geographic GIS. Sistem controlabil de la distanta prin WEB <\/span><span style=\"font-size: 12.0pt;font-family: &quot;Cambria Math&quot;,&quot;serif&quot;Times New Roman&quot;Cambria Math&#038;quot\" lang=\"EN-AU\">\u0219<\/span><span style=\"font-size: 12.0pt;font-family: &quot;Times New Roman&quot;,&quot;serif&quot;Times New Roman&#038;quot\" lang=\"EN-AU\">i GPS.<\/span><\/p>\n<p class=\"MsoNormal\" style=\"margin-bottom: .0001pt\"><span style=\"font-size: 12.0pt;font-family: &quot;Times New Roman&quot;,&quot;serif&quot;Times New Roman&#038;quot\" lang=\"RO\">15. Proiectarea unui sistem multi-agent pentru inferenta distribuita cu Retele Bayesiene<\/span><\/p>\n<p class=\"MsoNormal\" style=\"margin-bottom: .0001pt\"><span style=\"font-size: 12.0pt;font-family: &quot;Times New Roman&quot;,&quot;serif&#038;quot\" lang=\"EN-AU\"> <\/span><\/p>\n","protected":false},"excerpt":{"rendered":"<p>TEHNOLOGIA INFORMATIEI 2013 1.Magic book pentru laborator de IOC. Evidenta lucrarilor de laborator semestru\/an, Prezenta la cursuri 2. Re\u021bea neural pentru recunoasterea actelor de vorbire dintr-un dialog \u0219i a culorii. 3. Procesarea semnalelor cu Retele neurale (Signal processing with Neural &hellip;<\/p>\n<p class=\"read-more\"><a href=\"https:\/\/cadredidactice.ub.ro\/pruteanue\/teme-proiecte\/\">Continue reading<\/a><\/p>\n","protected":false},"author":273,"featured_media":0,"parent":0,"menu_order":0,"comment_status":"open","ping_status":"open","template":"","meta":{"footnotes":""},"class_list":["post-6","page","type-page","status-publish","hentry"],"_links":{"self":[{"href":"https:\/\/cadredidactice.ub.ro\/pruteanue\/wp-json\/wp\/v2\/pages\/6","targetHints":{"allow":["GET"]}}],"collection":[{"href":"https:\/\/cadredidactice.ub.ro\/pruteanue\/wp-json\/wp\/v2\/pages"}],"about":[{"href":"https:\/\/cadredidactice.ub.ro\/pruteanue\/wp-json\/wp\/v2\/types\/page"}],"author":[{"embeddable":true,"href":"https:\/\/cadredidactice.ub.ro\/pruteanue\/wp-json\/wp\/v2\/users\/273"}],"replies":[{"embeddable":true,"href":"https:\/\/cadredidactice.ub.ro\/pruteanue\/wp-json\/wp\/v2\/comments?post=6"}],"version-history":[{"count":0,"href":"https:\/\/cadredidactice.ub.ro\/pruteanue\/wp-json\/wp\/v2\/pages\/6\/revisions"}],"wp:attachment":[{"href":"https:\/\/cadredidactice.ub.ro\/pruteanue\/wp-json\/wp\/v2\/media?parent=6"}],"curies":[{"name":"wp","href":"https:\/\/api.w.org\/{rel}","templated":true}]}}