{"id":2,"date":"2012-04-11T12:13:22","date_gmt":"2012-04-11T09:13:22","guid":{"rendered":""},"modified":"2012-04-12T21:56:04","modified_gmt":"2012-04-12T19:56:04","slug":"about","status":"publish","type":"page","link":"https:\/\/cadredidactice.ub.ro\/pruteanue\/about\/","title":{"rendered":"Info\/Contact"},"content":{"rendered":"<p><strong><span style=\"color: #800000\">Bun venit pe blobul peronal!<\/span><\/strong><\/p>\n<p><strong><\/strong>Aici pute\u0163i g\u0103si informa\u0163ii privind:<\/p>\n<ul>\n<li>activitatea didactic\u0103 (cursuri predate, tematica lucr\u0103rilor de diplom\u0103 \u015fi de diserta\u0163ie);<\/li>\n<li>cercetarea \u015ftiin\u0163ific\u0103 (teme de cercetare, articole \u015fi c\u0103r\u0163i publicate etc.)<\/li>\n<\/ul>\n<p><strong>Date despre mine:<\/strong><br \/>\nCV RO \u00a0 \u00a0 CV EN<\/p>\n<p><strong><span style=\"color: #800000\">Contact:<\/span><\/strong><br \/>\n<strong> Tel<\/strong>: 0234-542411\/198;<br \/>\n<strong> Fax<\/strong>: 0234-580170;<br \/>\n<strong> E-mail<\/strong>: pruteanue@yahoo.com<br \/>\n<strong>Webpage<\/strong>: http:\/\/cadredidactice.ub.ro\/pruteanue\/<\/p>\n<p><strong>Sala:<\/strong><br \/>\nAP19 \u00a0&#8211; Vizualizare orar orar sem II<\/p>\n","protected":false},"excerpt":{"rendered":"<p>Bun venit pe blobul peronal! Aici pute\u0163i g\u0103si informa\u0163ii privind: activitatea didactic\u0103 (cursuri predate, tematica lucr\u0103rilor de diplom\u0103 \u015fi de diserta\u0163ie); cercetarea \u015ftiin\u0163ific\u0103 (teme de cercetare, articole \u015fi c\u0103r\u0163i publicate etc.) Date despre mine: CV RO \u00a0 \u00a0 CV EN &hellip;<\/p>\n<p class=\"read-more\"><a href=\"https:\/\/cadredidactice.ub.ro\/pruteanue\/about\/\">Continue reading<\/a><\/p>\n","protected":false},"author":125,"featured_media":0,"parent":0,"menu_order":0,"comment_status":"open","ping_status":"open","template":"","meta":{"footnotes":""},"class_list":["post-2","page","type-page","status-publish","hentry"],"_links":{"self":[{"href":"https:\/\/cadredidactice.ub.ro\/pruteanue\/wp-json\/wp\/v2\/pages\/2","targetHints":{"allow":["GET"]}}],"collection":[{"href":"https:\/\/cadredidactice.ub.ro\/pruteanue\/wp-json\/wp\/v2\/pages"}],"about":[{"href":"https:\/\/cadredidactice.ub.ro\/pruteanue\/wp-json\/wp\/v2\/types\/page"}],"author":[{"embeddable":true,"href":"https:\/\/cadredidactice.ub.ro\/pruteanue\/wp-json\/wp\/v2\/users\/125"}],"replies":[{"embeddable":true,"href":"https:\/\/cadredidactice.ub.ro\/pruteanue\/wp-json\/wp\/v2\/comments?post=2"}],"version-history":[{"count":0,"href":"https:\/\/cadredidactice.ub.ro\/pruteanue\/wp-json\/wp\/v2\/pages\/2\/revisions"}],"wp:attachment":[{"href":"https:\/\/cadredidactice.ub.ro\/pruteanue\/wp-json\/wp\/v2\/media?parent=2"}],"curies":[{"name":"wp","href":"https:\/\/api.w.org\/{rel}","templated":true}]}}