{"id":2,"date":"2011-03-10T19:56:09","date_gmt":"2011-03-10T17:56:09","guid":{"rendered":""},"modified":"2011-03-17T00:03:07","modified_gmt":"2011-03-16T22:03:07","slug":"about","status":"publish","type":"page","link":"https:\/\/cadredidactice.ub.ro\/pravatcristina\/about\/","title":{"rendered":"Despre"},"content":{"rendered":"<p><strong>CV &amp; List\u0103 de lucr\u0103ri publicate<br \/>\n<\/strong><\/p>\n<ul>\n<li><a href=\"https:\/\/cadredidactice.ub.ro\/wp-content\/uploads\/sites\/164\/2011\/03\/cv_pravat_cristina.pdf\">Asist. univ. drd. Ionela Cristina PRAV\u0102\u0162<\/a><\/li>\n<\/ul>\n","protected":false},"excerpt":{"rendered":"<p>CV &amp; List\u0103 de lucr\u0103ri publicate Asist. univ. drd. Ionela Cristina PRAV\u0102\u0162<\/p>\n","protected":false},"author":152,"featured_media":0,"parent":0,"menu_order":0,"comment_status":"closed","ping_status":"closed","template":"","meta":{"footnotes":""},"class_list":["post-2","page","type-page","status-publish","hentry"],"_links":{"self":[{"href":"https:\/\/cadredidactice.ub.ro\/pravatcristina\/wp-json\/wp\/v2\/pages\/2","targetHints":{"allow":["GET"]}}],"collection":[{"href":"https:\/\/cadredidactice.ub.ro\/pravatcristina\/wp-json\/wp\/v2\/pages"}],"about":[{"href":"https:\/\/cadredidactice.ub.ro\/pravatcristina\/wp-json\/wp\/v2\/types\/page"}],"author":[{"embeddable":true,"href":"https:\/\/cadredidactice.ub.ro\/pravatcristina\/wp-json\/wp\/v2\/users\/152"}],"replies":[{"embeddable":true,"href":"https:\/\/cadredidactice.ub.ro\/pravatcristina\/wp-json\/wp\/v2\/comments?post=2"}],"version-history":[{"count":0,"href":"https:\/\/cadredidactice.ub.ro\/pravatcristina\/wp-json\/wp\/v2\/pages\/2\/revisions"}],"wp:attachment":[{"href":"https:\/\/cadredidactice.ub.ro\/pravatcristina\/wp-json\/wp\/v2\/media?parent=2"}],"curies":[{"name":"wp","href":"https:\/\/api.w.org\/{rel}","templated":true}]}}