{"id":84,"date":"2015-10-22T08:47:13","date_gmt":"2015-10-22T06:47:13","guid":{"rendered":"http:\/\/cadredidactice.ub.ro\/popacristina\/?page_id=84"},"modified":"2015-12-03T22:00:23","modified_gmt":"2015-12-03T20:00:23","slug":"contributii-stiintifice","status":"publish","type":"page","link":"https:\/\/cadredidactice.ub.ro\/popacristina\/contributii-stiintifice\/","title":{"rendered":"Contributii stiintifice"},"content":{"rendered":"<p><strong>Lista contribu\u0163iilor \u015ftiin\u0163ifice \u015fi de cercetare<\/strong><\/p>\n<p>A\t<strong>Teza de doctorat<\/strong><br \/>\n        Inciden\u0163a unor maladii genetice \u015fi malforma\u0163ii congenitale \u00een popula\u0163iile umane din jude\u0163ele Bac\u0103u \u015fi Vaslui. Utilizarea metodelor kinetoterapeutice \u00een ameliorarea unora din manifest\u0103rile lor<\/p>\n<p>B\t<strong>C\u0103r\u0163i publicate \u00een edituri na\u0163ionale, recunoscute CNCS, interna\u021bionale \u015fi capitole \u00een c\u0103r\u0163i  (articole \u00een volumele cu ISBN)<\/strong><br \/>\n\tM\u00e2rza D\u0103nil\u0103 Doina, Popa Cristina-Elena, Masaj \u015fi tehnici complementare\tEditura Alma Mater, Bac\u0103u, ISBN 978-606-527-453-2, 177 p., 2015<\/p>\n<p>C\t<strong>Articole in-extenso publicate \u00een reviste cotate ISI (cu sau f\u0103r\u0103 factor de impact) sau \u00een volumele \u201cproceedings\u201d indexate ISI Thomson<\/strong><br \/>\n\tPopa Cristina-Elena, Ghiorghi\u0163\u0103 Gogu\t&#8211; Journal of Genetics\tThe Frequency of Congenital Malformations and Chromosomal Disorders of Bacau and Vaslui Counties (Romania)\t, Indian Academy of Sciences, 2015, Impact factor 1.013(articol \u00een curs de publicare); http:\/\/www.ias.ac.in\/jgenet  <\/p>\n<p>\tC2\tPopa Cristina-Elena, Dobrescu Tatiana &#8211; Improving the Symptoms of Compensating Hyperlordosis in Female Gymnasts Through the Use of Postural  Reeducation Program, Elsevier, Procedia &#8211; Social and Behavioral Sciences, 117 ( 2014 ) 603 \u2013 609<\/p>\n<p>  D\tArticole in-extenso publicate \u00een reviste indexate BDI sau \u00een volumele \u201eproceedings\u201d indexate BDI<br \/>\n\t  D1\tPopa Cristina-Elena, Ghiorghi\u0163\u0103 Gogu &#8211; The effectiveness of physical therapy in developing the basic motor skills in children who have Down Syndrome\t&#8211; Gymnasium, Scientific Journal of Education, Sports and Health, Volum 14, 2014, p.42-50, ISSN 1877-0428<\/p>\n<p>\t  D2\tPopa Cristina-Elena, Study regarding the effectiveness of muscle energy techniques in treating cervicalgias &#8211; Sport and Society. Interdisciplinary Journal of Physical Education and Sport, Volum 14, 2014, p.61-66, ISSN 1877-0428<\/p>\n<p>\t  D3\tPopa Cristina-Elena, Comparative observations regarding the incidence of certain hereditary disorders and congenital malformations in Bacau and Vaslui counties, between 2006 and 2013 &#8211; Gymnasium, Scientific Journal of Education, Sports and Health, 2014, Volum 2, Nr.XV, p.261-   268, ISSN 1877-0428<\/p>\n<p>\t   D4\tDobrescu Tatiana, Popa Cristina-Elena, The role of applicative tracks in improving Down Syndrome symptoms in children, JPES, Journal of Physical Education and Sport, Volum 13, 2014 ISSN 1582-8131<\/p>\n<p>\t   D5\tPopa Cristina-Elena, Galeru Ovidiu, Study regarding the improvement of postural control in children who have Down Syndrome  through swimming &#8211; Gymnasium, Scientific Journal of Education, Sports and Health, vol. XIII, Nr.2, 2012, p.85-99, ISSN 1877-0428<\/p>\n<p>\t  D6\tStudy regarding the incidence of congenital malformations, on systems, from Vaslui county, over the period of 2006-2009\tPopa Cristina-Elena\tSport Medicine Journal, Sport Journal of Romanian Sports Medicine Society, Nr.4, 2011, p. 843 \u2013 846, ISSN 1841-0162<\/p>\n<p>\t   D7\tPopa Cristina-Elena, Balint Tatiana, Study regarding the incidence of congenital malformations, on systems, in human populations from Bacau county, over the period of 2006-2009 &#8211; Gymnasium, Scientific Journal of Education, Sports and Health, vol.XII, 2011, p.199-215, ISSN 1877-0428<\/p>\n<p>\t   D8\tBalint Tatiana, Popa Cristina-Elena, Possibilities of evaluation of the needs of a client in occupational performance &#8211; Gymnasium, Scientific Journal of Education, Sports and Health, Nr.1, Vol.XII, 2011, p.56 \u2013 64, ISSN 1877-0428<\/p>\n<p>\t   D9\tPopa Cristina-Elena, Ghiorghi\u0163\u0103 Gogu,\tOngoing study conducted on the importance of neuro-proprioceptive facilitation techniques applied to children with Down Syndrome &#8211; Gymnasium, Scientific Journal of Education, Sports and Health, Vol. XI, Nr.1, 2010, p.28-35, ISSN 1453-0201<\/p>\n<p>\t  D10\tPopa Cristina-Elena, Ghiorghi\u0163\u0103 Gogu, Study regarding the effectiveness of physical therapy in the case of an operated congenital Talipes Equinovarus &#8211; case study &#8211; Gymnasium, Scientific Journal of Education, Sports and Health, Nr.1, Vol.XIII,  2010, p. 47-61, ISSN 1877-04282012<\/p>\n<p>\t  D11\tPopa Cristina-Elena, A clinical study regarding the efficiency of the kinesitherapy practice in progressive muscular dystrophies &#8211; Sport Medicine Journal, Sport Journal of Romanian Sports Medicine Society, 2009, p.259-260, ISSN 1841-0162<\/p>\n<p>\t  D12\tPopa Cristina-Elena, Ongoing study conducted on the importance of the Kinesitherapy  in  Myotonic Dystrophy &#8211; Studia Universitatis Babes-Bolyai, Educatio Artis Gymnasticae, Nr.3, 2009, p. 93-99, ISSN 1453-4223<\/p>\n<p>E\tArticole \u00een-extenso publicate \u00een revistele sau volumele unor conferin\u0163e interna\u0163ionale (neindexate ISI sau BDI)<\/p>\n<p>\t   E1\tPopa Cristina-Elena, Dobreci Lucian Daniel, Galeru Ovidiu, Study regarding the effectiveness of physical therapy in treating the Locomotor Ataxia specific to the Saethre-Chotzen Syndrome &#8211; case study &#8211; Anuar \u015ftiin\u0163ific \u2013 Volumul Forumul \u015etiin\u0163ific Na\u0163ional Competi\u0163ional, 2012, p.195-203, ISSN*  2067 2934<\/p>\n<p>\t   E2\tPopa Cristina-Elena, Studiu comparativ privind inciden\u0163a unor boli ereditare \u015fi malforma\u0163ii congenitale pe aparate \u015fi sisteme din jude\u0163ele Bac\u0103u \u015fi Vaslui, \u00een perioada 2006-2009 &#8211; Volumul Conferin\u0163ei Na\u0163ionale: \u201eAbord\u0103ri interdisciplinare \u00een cercetarea \u015ftiin\u0163ific\u0103 focalizate pe excelen\u0163\u0103 \u00een Educa\u0163ie Fizic\u0103 \u015fi Sport\u201d, Editura Printech, Bucure\u015fti, 2011, p.321- 332, ISBN 978-606-521-760-7<\/p>\n<p>\t   E3\tPopa Cristina-Elena, Ascertainment study on the importance of the kinesitherapeutical intervention in patiens with lumbar disk hernia operations &#8211; Volumul Conferin\u0163ei Interna\u0163ionale \u201eInnovation and creation in the field of physical activity, sources of human performance\u201d, Ed. Zigotto Publ. House, Gala\u0163i, 2009, p.427-431, ISBN 978-973-1724-95-9<\/p>\n<p>\t  E4\tPopa Cristina-Elena, M\u00e2rza D\u0103nil\u0103 Doina, Contribu\u0163ia masajului antistres la atle\u0163ii de performan\u0163\u0103 \u00een perioada competi\u0163ional\u0103 &#8211; Volumul Sesiunii de comunic\u0103ri \u015ftiin\u0163ifice cu participare interna\u0163ional\u0103, \u201cActivit\u0103\u0163ile corporale \u00een \u00eenv\u0103\u0163\u0103m\u00e2ntul superior, prezent \u015fi perspective\u201d, Ed. Politehnica Press, Bucure\u015fti, 2009,  p.79-85, ISSN 1844-3923<\/p>\n<p>\t  E5\tPopa Cristina-Elena, M\u00e2rza D\u0103nil\u0103 Doina, The contribution of the reflex massage in the confined women`s recovery &#8211; Volumul Conferin\u0163ei Interna\u0163ionale \u201eInnovation and creation in the field of physical activity, sources of human performance\u201d, Ed. Zigotto Publ. House, Gala\u0163i, 2009, p.423-427, ISBN 978-973-1724-95-9<\/p>\n<p>Lucr\u0103ri prezentate la conferin\u0163e<\/p>\n<p>\u2022\tPopa Cristina-Elena, \u201eA clinical study regarding the efficiency of the kinesitherapy practice in progressive muscular dystrophies\u201d, Conferin\u0163a Interna\u0163ional\u0103 \u201ePhysical exercises a complex and modern way to promote healthy living\u201d,  Craiova, 22-25 octombrie 2009, Organizatori*  Universitatea din Craiova, Facultatea de Educa\u0163ie Fizic\u0103 \u015fi Sport; Centru de studiu \u015fi cercetare a motricit\u0103\u0163ii umane; Societatea rom\u00e2n\u0103 de medicin\u0103 sportiv\u0103;<\/p>\n<p>\u2022\t Popa Cristina-Elena, \u201eContribu\u0163ia masajului antistres la atle\u0163ii de performan\u0163\u0103 \u00een perioada competi\u0163ional\u0103\u201d, Sesiune de comunic\u0103ri \u015ftiin\u0163ifice cu participare interna\u0163ional\u0103, \u201eActivit\u0103\u0163ile corporale \u00een \u00eenv\u0103\u0163\u0103m\u00e2ntul superior, prezent \u015fi perspective\u201d, Bucure\u015fti, 8 mai 2009, Organizatori: Universitatea \u201ePolitehnica\u201d din Bucure\u015fti, Catedra de Educa\u0163ie fizic\u0103 \u015fi sport; <\/p>\n<p>\u2022\tPopa Cristina-Elena; Dobreci Lucian; Galeru Ovidiu, \u201eStudy Regarding the Effectiveness of Physical Therapy in Treating the Locomotor Ataxia Specific to the Saethre-Chotzen Syndrome &#8211; case study\u201d, Conferin\u0163\u0103 Na\u0163ional\u0103 \u201eImpactul finalit\u0103\u0163ilor sistemului educa\u0163ional \u015fi de cercetare \u015ftiin\u0163ific\u0103 asupra performan\u0163ei sportive din Rom\u00e2nia&#8221;; Organizatori: Societatea \u015etiin\u0163ei, Excelen\u0163ei Umane \u015fi Sportului Universitar \u2013 Departamentul \u015etiin\u0163ific, Bucure\u015fti 14-15 decembrie 2012;<\/p>\n<p>\u2022\tPopa Cristina-Elena, \u201eStudy regarding the effectiveness of physical therapy in developing the basic motor skills in children who have Down syndrome\u201d, Conferin\u0163\u0103 Interna\u0163ional\u0103 \u201eThe International Scientific Conference \u201eYouth in the Perspective of the Olympic Movement\u201d, Bra\u015fov, 14-16 februarie 2013; Organizatori: Transylvania University of Bra\u015fov; <\/p>\n<p>\u2022\tPopa Cristina-Elena; Dobrescu Tatiana, \u201cImproving the Symptoms of Compensating Hyperlordosis in Female Gymnasts through the Use of Postural Reeducation Programs\u201d, Conferin\u0163\u0103 Interna\u0163ional\u0103: The International Congress of Physical Education, Sports and Kinetotherapy, Bucure\u015fti, 14-15 iunie 2013; Organizatori: The National University of Physical Education and Sports from Bucharest; <\/p>\n<p>\u2022\tPopa Cristina-Elena, \u201eAscertainment study on the importance of the kinesitherapeutical intervention in patiens with lumbar disk hernia operations\u201d, Conferin\u0163\u0103 Interna\u0163ional\u0103 \u201cInnovation and creation in the field of physical activity, sources of human performance\u201d, Gala\u0163i, 29-30 mai 2009; Organizatori: Universitatea \u201eDun\u0103rea de jos\u201d din Gala\u0163i, Facultatea de Educa\u0163ie Fizic\u0103 \u015fi Sport; <\/p>\n<p>\u2022\tPopa Cristina-Elena, M\u00e2rza D\u0103nil\u0103 Doina, \u201cThe contribution of the reflex massage in the confined women`s recovery\u201d, Conferin\u0163\u0103 Interna\u0163ional\u0103 \u201cInnovation and creation in the field of physical activity, sources of human performance\u201d, Gala\u0163i, 29-30 mai 2009; Organizatori: Universitatea \u201eDun\u0103rea de jos\u201d din Gala\u0163i, Facultatea de Educa\u0163ie Fizic\u0103 \u015fi Sport; <\/p>\n<p>\u2022\tPopa Cristina-Elena, \u201eOngoing Study conducted on the importance of the kinesitherapy  in  myotonic dystrophy\u201d ,    Sesiune de comunic\u0103ri \u015ftiin\u0163ifice \u201e10 ani de kinetoterapie la Facultatea de Educa\u0163ie Fizic\u0103 \u015fi Sport a U.B.B din Cluj-Napoca\u201d, Cluj-Napoca, 20 noiembrie 2009, Organizatori: Universitatea Babe\u015f-Bolyai, Facultatea de Educa\u0163ie Fizic\u0103 \u015fi Sport; <\/p>\n<p>\u2022\tPopa Cristina-Elena; Galeru Ovidiu, \u201eStudy Regarding the Improvement of Postural Control in Children who have Down Syndrome  Through Swimming\u201d, Conferin\u0163\u0103 Interna\u0163ional\u0103 \u201eAchievements and prospects in the field of physical education and sports within the interdisciplinary European education system&#8221;, Bac\u0103u 9-10 noiembrie 2012, Organizatori: Universitatea \u201cVasile Alecsandri\u201d din Bac\u0103u, F\u015eMSS; <\/p>\n<p>\u2022\tBalint Tatiana; Popa Cristina-Elena, \u201cPossibilities of evaluation of the needs of a client in occupational performance\u201d , Conferin\u0163\u0103 Interna\u0163ional\u0103 \u201eAchievements and prospects in the field of physical education and sports within the interdisciplinary European education system&#8221;, Bac\u0103u 27-28 mai 2011, Organizatori: Universitatea \u201cVasile Alecsandri\u201d din Bac\u0103u, F\u015eMSS; <\/p>\n<p>\u2022\tPopa Cristina-Elena, Balint Tatiana; \u201eStudy regarding the incidence of congenital malformations, on systems, in human populations from Bacau county, over the period of 2006-2009\u201d, Conferin\u0163\u0103 Interna\u0163ional\u0103 \u201eAchievements and prospects in the field of physical education and sports within the interdisciplinary European education system&#8221;, Bac\u0103u 27-28 mai 2011, Organizatori: Universitatea \u201cVasile Alecsandri\u201d din Bac\u0103u, F\u015eMSS; <\/p>\n<p>\u2022\tPopa Cristina-Elena, \u201eStudiu comparativ privind inciden\u0163a unor boli ereditare \u015fi malforma\u0163ii congenitale pe aparate \u015fi sisteme din jude\u0163ele Bac\u0103u \u015fi Vaslui, \u00een perioada 2006-2009\u201d, Conferin\u0163\u0103 Na\u0163ional\u0103 cu participare interna\u0163ional\u0103 \u201eAbord\u0103ri interdisciplinare \u00een cercetarea \u015ftiin\u0163ific\u0103 focalizate pe excelen\u0163\u0103 \u00een Educa\u0163ie Fizic\u0103 \u015fi Sport\u201d, noiembrie 2011 Bucuresti, Universitatea de Medicin\u0103 \u015fi Farmacie  \u201eCarol Davila\u201d din Bucure\u015fti ; Catedra de Educa\u0163ie Fizic\u0103 \u015fi Sport <\/p>\n<p>Alte contribu\u0163ii<\/p>\n<p>Am participat ca \u015fi instructor-kinetoterapeut la proiectul &#8222;Nutri\u0163ie \u015fi Educa\u0163ie pentru S\u0103n\u0103tate (NES)\u201d organizat de c\u0103tre Asocia\u0163ia Sindrom Down Bac\u0103u \u015fi finan\u0163at de Comisia European\u0103 prin programul Tineret \u00een Ac\u0163iune, ac\u0163iunea \u00ab Ini\u021biative ale Tinerilor \u00bb, \u00een perioada 01 februarie \u2013 30 august 2013. \u00cen cadrul acestui proiect am realizat \u015fi partea experimental\u0103 a tezei de doctorat, iar la final am elaborat o bro\u015fur\u0103 care cuprinde modalit\u0103\u0163i de interrela\u0163ionare cu persoanele cu sindrom Down, informare privind dizabilitatea intelectual\u0103 \u015fi abord\u0103ri terapeutice prin kinetoterapie.<\/p>\n","protected":false},"excerpt":{"rendered":"<p>Lista contribu\u0163iilor \u015ftiin\u0163ifice \u015fi de cercetare A Teza de doctorat Inciden\u0163a unor maladii genetice \u015fi malforma\u0163ii congenitale \u00een popula\u0163iile umane din jude\u0163ele Bac\u0103u \u015fi Vaslui. Utilizarea metodelor kinetoterapeutice \u00een ameliorarea unora din manifest\u0103rile lor B C\u0103r\u0163i publicate \u00een edituri na\u0163ionale, &hellip;<\/p>\n<p class=\"read-more\"><a href=\"https:\/\/cadredidactice.ub.ro\/popacristina\/contributii-stiintifice\/\">Continue reading<\/a><\/p>\n","protected":false},"author":54,"featured_media":0,"parent":0,"menu_order":0,"comment_status":"closed","ping_status":"closed","template":"","meta":{"footnotes":""},"class_list":["post-84","page","type-page","status-publish","hentry"],"_links":{"self":[{"href":"https:\/\/cadredidactice.ub.ro\/popacristina\/wp-json\/wp\/v2\/pages\/84","targetHints":{"allow":["GET"]}}],"collection":[{"href":"https:\/\/cadredidactice.ub.ro\/popacristina\/wp-json\/wp\/v2\/pages"}],"about":[{"href":"https:\/\/cadredidactice.ub.ro\/popacristina\/wp-json\/wp\/v2\/types\/page"}],"author":[{"embeddable":true,"href":"https:\/\/cadredidactice.ub.ro\/popacristina\/wp-json\/wp\/v2\/users\/54"}],"replies":[{"embeddable":true,"href":"https:\/\/cadredidactice.ub.ro\/popacristina\/wp-json\/wp\/v2\/comments?post=84"}],"version-history":[{"count":0,"href":"https:\/\/cadredidactice.ub.ro\/popacristina\/wp-json\/wp\/v2\/pages\/84\/revisions"}],"wp:attachment":[{"href":"https:\/\/cadredidactice.ub.ro\/popacristina\/wp-json\/wp\/v2\/media?parent=84"}],"curies":[{"name":"wp","href":"https:\/\/api.w.org\/{rel}","templated":true}]}}