{"id":11,"date":"2011-03-16T10:39:51","date_gmt":"2011-03-16T08:39:51","guid":{"rendered":"http:\/\/cadredidactice.ub.ro\/petrulivinti\/?page_id=11"},"modified":"2011-05-30T14:37:30","modified_gmt":"2011-05-30T12:37:30","slug":"temelucrari-licenta","status":"publish","type":"page","link":"https:\/\/cadredidactice.ub.ro\/petrulivinti\/temelucrari-licenta\/","title":{"rendered":"Teme\/lucrari licenta"},"content":{"rendered":"<p>Aici vor fi publicate temele si lucrarile de licenta<\/p>\n<p class=\"MsoNormal\" style=\"margin: 0mm 0mm 10pt\"><strong><span style=\"font-size: 16pt;font-family: &quot;Times New Roman&quot;,&quot;serif&amp;quot\"><span>\u00a0\u00a0\u00a0\u00a0\u00a0\u00a0\u00a0\u00a0 <\/span><\/span><\/strong><strong><span style=\"font-size: 12pt;font-family: &quot;Times New Roman&quot;,&quot;serif&amp;quot\">Energetic\u0103 industrial\u0103 <\/span><\/strong><\/p>\n<p class=\"MsoNormal\" style=\"margin: 0mm 0mm 10pt\"><strong><span style=\"font-size: 12pt;font-family: &quot;Times New Roman&quot;,&quot;serif&amp;quot\">\u00a0<\/span><\/strong><\/p>\n<p class=\"MsoListParagraphCxSpFirst\" style=\"margin: 0mm 0mm 0pt 36pt\"><span style=\"font-size: 12pt;font-family: &quot;Times New Roman&quot;,&quot;serif&amp;quot\"><span>1.<span style=\"font-family: &quot;Times New Roman&amp;quot\">\u00a0\u00a0\u00a0\u00a0\u00a0 <\/span><\/span><\/span><span style=\"font-size: 12pt;font-family: &quot;Times New Roman&quot;,&quot;serif&amp;quot\">Reglarea vitezei motoarelor asincrone trifazate<\/span><\/p>\n<p class=\"MsoListParagraphCxSpFirst\" style=\"margin: 0mm 0mm 0pt 36pt\"><span style=\"font-size: 12pt;font-family: &quot;Times New Roman&quot;,&quot;serif&amp;quot\"><span>2.<span style=\"font-family: &quot;Times New Roman&amp;quot\">\u00a0\u00a0\u00a0\u00a0\u00a0 <\/span><\/span><\/span><span style=\"font-size: 12pt;font-family: &quot;Times New Roman&quot;,&quot;serif&amp;quot\">Sistem automat de reglare a tura\u0163iei unui motor de curent continuu <\/span><\/p>\n<p class=\"MsoListParagraphCxSpMiddle\" style=\"margin: 0mm 0mm 0pt 36pt\"><span style=\"font-size: 12pt;font-family: &quot;Times New Roman&quot;,&quot;serif&amp;quot\"><span>3.<span style=\"font-family: &quot;Times New Roman&amp;quot\">\u00a0\u00a0\u00a0\u00a0\u00a0 <\/span><\/span><\/span><span style=\"font-size: 12pt;font-family: &quot;Times New Roman&quot;,&quot;serif&amp;quot\">Sistem de conducere a unei ma\u015fini sincrone cu magne\u0163i permanen\u0163i\u00a0<\/span><span style=\"font-size: 12pt;font-family: &quot;Times New Roman&quot;,&quot;serif&amp;quot\">\u00a0<\/span><\/p>\n<p class=\"MsoListParagraphCxSpMiddle\" style=\"margin: 0mm 0mm 0pt 36pt\"><span style=\"font-size: 12pt;font-family: &quot;Times New Roman&quot;,&quot;serif&amp;quot\"><span>4.<span style=\"font-family: &quot;Times New Roman&amp;quot\">\u00a0\u00a0\u00a0\u00a0\u00a0 <\/span><\/span><\/span><span style=\"font-size: 12pt;font-family: &quot;Times New Roman&quot;,&quot;serif&amp;quot\">Studiul generatoarelor sincrone trifazate utilizate \u00een construc\u0163ia centralelor eoliene\u00a0<\/span><span style=\"font-size: 12pt;font-family: &quot;Times New Roman&quot;,&quot;serif&amp;quot\">\u00a0<\/span><\/p>\n<p class=\"MsoListParagraphCxSpMiddle\" style=\"margin: 0mm 0mm 0pt 36pt\"><span style=\"font-size: 12pt;font-family: &quot;Times New Roman&quot;,&quot;serif&amp;quot\"><span>5.<span style=\"font-family: &quot;Times New Roman&amp;quot\">\u00a0\u00a0\u00a0\u00a0\u00a0 <\/span><\/span><\/span><span style=\"font-size: 12pt;font-family: &quot;Times New Roman&quot;,&quot;serif&amp;quot\">Stand pentru studiul generatoarelor de curent continuu de putere mic\u0103 <span>\u00a0<\/span><\/span><\/p>\n<p class=\"MsoListParagraphCxSpLast\" style=\"margin: 0mm 0mm 10pt 144pt\">\u00a0<\/p>\n","protected":false},"excerpt":{"rendered":"<p>Aici vor fi publicate temele si lucrarile de licenta \u00a0\u00a0\u00a0\u00a0\u00a0\u00a0\u00a0\u00a0 Energetic\u0103 industrial\u0103 \u00a0 1.\u00a0\u00a0\u00a0\u00a0\u00a0 Reglarea vitezei motoarelor asincrone trifazate 2.\u00a0\u00a0\u00a0\u00a0\u00a0 Sistem automat de reglare a tura\u0163iei unui motor de curent continuu 3.\u00a0\u00a0\u00a0\u00a0\u00a0 Sistem de conducere a unei ma\u015fini sincrone cu &hellip;<\/p>\n<p class=\"read-more\"><a href=\"https:\/\/cadredidactice.ub.ro\/petrulivinti\/temelucrari-licenta\/\">Continue reading<\/a><\/p>\n","protected":false},"author":194,"featured_media":0,"parent":0,"menu_order":0,"comment_status":"closed","ping_status":"closed","template":"","meta":{"footnotes":""},"class_list":["post-11","page","type-page","status-publish","hentry"],"_links":{"self":[{"href":"https:\/\/cadredidactice.ub.ro\/petrulivinti\/wp-json\/wp\/v2\/pages\/11","targetHints":{"allow":["GET"]}}],"collection":[{"href":"https:\/\/cadredidactice.ub.ro\/petrulivinti\/wp-json\/wp\/v2\/pages"}],"about":[{"href":"https:\/\/cadredidactice.ub.ro\/petrulivinti\/wp-json\/wp\/v2\/types\/page"}],"author":[{"embeddable":true,"href":"https:\/\/cadredidactice.ub.ro\/petrulivinti\/wp-json\/wp\/v2\/users\/194"}],"replies":[{"embeddable":true,"href":"https:\/\/cadredidactice.ub.ro\/petrulivinti\/wp-json\/wp\/v2\/comments?post=11"}],"version-history":[{"count":0,"href":"https:\/\/cadredidactice.ub.ro\/petrulivinti\/wp-json\/wp\/v2\/pages\/11\/revisions"}],"wp:attachment":[{"href":"https:\/\/cadredidactice.ub.ro\/petrulivinti\/wp-json\/wp\/v2\/media?parent=11"}],"curies":[{"name":"wp","href":"https:\/\/api.w.org\/{rel}","templated":true}]}}