{"id":35,"date":"2011-03-04T13:54:32","date_gmt":"2011-03-04T11:54:32","guid":{"rendered":"http:\/\/cadredidactice.ub.ro\/pavelsilviu\/?page_id=35"},"modified":"2011-03-04T15:58:59","modified_gmt":"2011-03-04T13:58:59","slug":"imagini-din-activitatea-practica","status":"publish","type":"page","link":"https:\/\/cadredidactice.ub.ro\/pavelsilviu\/imagini-din-activitatea-practica\/","title":{"rendered":"Galerie media"},"content":{"rendered":"<h2 style=\"text-align: center\"><span style=\"color: #0000ff\">Cadre didactice la cursul de schi &#8211; Vatra Dornei 2009<\/span><\/h2>\n<p style=\"text-align: center\"><a href=\"https:\/\/cadredidactice.ub.ro\/wp-content\/uploads\/sites\/79\/2011\/03\/100_2095.jpg\"><img loading=\"lazy\" decoding=\"async\" class=\"alignnone size-medium wp-image-42\" src=\"https:\/\/cadredidactice.ub.ro\/wp-content\/uploads\/sites\/79\/2011\/03\/100_2095-300x225.jpg\" alt=\"\" width=\"300\" height=\"225\" \/><\/a><\/p>\n<h3 style=\"text-align: center\"><span style=\"color: #0000ff\">Lector univ.dr. Ciocan C\u0103t\u0103lin; Conf.univ.dr. M\u00e2rza-D\u0103nil\u0103 D\u0103nu\u0163 Nicu; <\/span><\/h3>\n<h3 style=\"text-align: center\"><span style=\"color: #0000ff\">Asistent univ. Pavel Silviu Ioan; Conf.univ.dr. Ra\u0163\u0103 Bogdan Constantin; <\/span><\/h3>\n<h3 style=\"text-align: center\"><span style=\"color: #0000ff\">Prof.univ.dr. Balint Gheorghe<\/span><\/h3>\n<p style=\"text-align: center\">\u00a0<\/p>\n<h2 style=\"text-align: center\"><span style=\"color: #0000ff\">Cadre didactice la cursul de schi &#8211; Vatra Dornei 2010<\/span><\/h2>\n<p style=\"text-align: center\"><a href=\"https:\/\/cadredidactice.ub.ro\/wp-content\/uploads\/sites\/79\/2011\/03\/sany1904.jpg\"><img loading=\"lazy\" decoding=\"async\" class=\"alignnone size-medium wp-image-44\" src=\"https:\/\/cadredidactice.ub.ro\/wp-content\/uploads\/sites\/79\/2011\/03\/sany1904-300x225.jpg\" alt=\"\" width=\"300\" height=\"225\" \/><\/a><\/p>\n<h3 style=\"text-align: center\"><span style=\"color: #0000ff\">Asist.univ.dr. \u015eufaru Constantin; Studenta Isac Alina &#8211; \u015eefa anului I; <\/span><\/h3>\n<h3 style=\"text-align: center\"><span style=\"color: #0000ff\">Conf.univ.dr. Ra\u0163\u0103 Bogdan Constantin; Asistent univ. Pavel Silviu Ioan;<\/span><\/h3>\n<h3 style=\"text-align: center\"><span style=\"color: #0000ff\">Asistent univ. Milon Alexandra; Prof.univ.dr. Ra\u0163\u0103 Gloria<\/span><\/h3>\n<p style=\"text-align: center\">\u00a0<\/p>\n<h2 style=\"text-align: center\"><span style=\"color: #0000ff\">Campionatul Na\u0163ional Universitar de Schi 2009<\/span><\/h2>\n<p style=\"text-align: center\"><a href=\"https:\/\/cadredidactice.ub.ro\/wp-content\/uploads\/sites\/79\/2011\/03\/picture-201.jpg\"><img loading=\"lazy\" decoding=\"async\" class=\"alignnone size-medium wp-image-46\" src=\"https:\/\/cadredidactice.ub.ro\/wp-content\/uploads\/sites\/79\/2011\/03\/picture-201-300x225.jpg\" alt=\"\" width=\"300\" height=\"225\" \/><\/a><\/p>\n<h3 style=\"text-align: center\"><span style=\"color: #0000ff\">Edith Miklos &#8211; student\u0103 anul II &#8211; Campioan\u0103 Na\u0163ional\u0103 Universitar\u0103 2009<\/span><\/h3>\n<h3 style=\"text-align: center\"><span style=\"color: #0000ff\">Asist.univ. Pavel Silviu &#8211; Conduc\u0103torul delega\u0163iei Universit\u0103\u0163ii din Bac\u0103u<\/span><\/h3>\n<h3 style=\"text-align: center\"><span style=\"color: #0000ff\">Cr\u0103ciun Iulia Petru\u0163a &#8211; student\u0103 anul I &#8211; Locul III<\/span><\/h3>\n","protected":false},"excerpt":{"rendered":"<p>Cadre didactice la cursul de schi &#8211; Vatra Dornei 2009 Lector univ.dr. Ciocan C\u0103t\u0103lin; Conf.univ.dr. M\u00e2rza-D\u0103nil\u0103 D\u0103nu\u0163 Nicu; Asistent univ. Pavel Silviu Ioan; Conf.univ.dr. Ra\u0163\u0103 Bogdan Constantin; Prof.univ.dr. Balint Gheorghe \u00a0 Cadre didactice la cursul de schi &#8211; Vatra Dornei &hellip;<\/p>\n<p class=\"read-more\"><a href=\"https:\/\/cadredidactice.ub.ro\/pavelsilviu\/imagini-din-activitatea-practica\/\">Continue reading<\/a><\/p>\n","protected":false},"author":72,"featured_media":0,"parent":0,"menu_order":0,"comment_status":"open","ping_status":"open","template":"","meta":{"footnotes":""},"class_list":["post-35","page","type-page","status-publish","hentry"],"_links":{"self":[{"href":"https:\/\/cadredidactice.ub.ro\/pavelsilviu\/wp-json\/wp\/v2\/pages\/35","targetHints":{"allow":["GET"]}}],"collection":[{"href":"https:\/\/cadredidactice.ub.ro\/pavelsilviu\/wp-json\/wp\/v2\/pages"}],"about":[{"href":"https:\/\/cadredidactice.ub.ro\/pavelsilviu\/wp-json\/wp\/v2\/types\/page"}],"author":[{"embeddable":true,"href":"https:\/\/cadredidactice.ub.ro\/pavelsilviu\/wp-json\/wp\/v2\/users\/72"}],"replies":[{"embeddable":true,"href":"https:\/\/cadredidactice.ub.ro\/pavelsilviu\/wp-json\/wp\/v2\/comments?post=35"}],"version-history":[{"count":0,"href":"https:\/\/cadredidactice.ub.ro\/pavelsilviu\/wp-json\/wp\/v2\/pages\/35\/revisions"}],"wp:attachment":[{"href":"https:\/\/cadredidactice.ub.ro\/pavelsilviu\/wp-json\/wp\/v2\/media?parent=35"}],"curies":[{"name":"wp","href":"https:\/\/api.w.org\/{rel}","templated":true}]}}