{"id":21,"date":"2011-03-04T13:42:16","date_gmt":"2011-03-04T11:42:16","guid":{"rendered":"http:\/\/cadredidactice.ub.ro\/pavelsilviu\/?page_id=21"},"modified":"2011-03-04T14:26:54","modified_gmt":"2011-03-04T12:26:54","slug":"indru","status":"publish","type":"page","link":"https:\/\/cadredidactice.ub.ro\/pavelsilviu\/indru\/","title":{"rendered":"\u00cendrumare de lucr\u0103ri practice"},"content":{"rendered":"<h2 style=\"text-align: center\"><\/h2>\n<h2 style=\"text-align: center\"><\/h2>\n<h2 style=\"text-align: center\"><span style=\"color: #0000ff\">Aplica\u0163ii \u00een discipline sportive de iarn\u0103 I (stagiu de practic\u0103 \u00een tabere de preg\u0103tire) \u2013 LP<\/span><\/h2>\n<h2 style=\"text-align: center\"><span style=\"color: #0000ff\">GHID METODIC PENTRU CADRE DIDACTICE<\/span><\/h2>\n<h2 style=\"text-align: center\"><span style=\"color: #0000ff\"><a href=\"https:\/\/cadredidactice.ub.ro\/wp-content\/uploads\/sites\/79\/2011\/03\/ghid-metodic-an-i.jpg\"><img loading=\"lazy\" decoding=\"async\" class=\"alignnone size-medium wp-image-25\" src=\"https:\/\/cadredidactice.ub.ro\/wp-content\/uploads\/sites\/79\/2011\/03\/ghid-metodic-an-i.jpg\" alt=\"\" width=\"209\" height=\"292\" \/><\/a><\/span><\/h2>\n<h2 style=\"text-align: center\"><span style=\"color: #0000ff\"><a href=\"https:\/\/cadredidactice.ub.ro\/wp-content\/uploads\/sites\/79\/2011\/03\/ghid-metodic-schi-an-i-2011.pdf\">Descarc\u0103 liber<\/a><\/span><\/h2>\n<p style=\"text-align: center\">\u00a0<\/p>\n<h2 style=\"text-align: center\"><span style=\"color: #0000ff\">Aplica\u0163ii \u00een discipline sportive de iarn\u0103 II (stagiu de practic\u0103 \u00een tabere de preg\u0103tire) \u2013 LP<\/span><\/h2>\n<h2 style=\"text-align: center\"><span style=\"color: #0000ff\">GHID METODIC PENTRU CADRE DIDACTICE<\/span><\/h2>\n<p style=\"text-align: center\"><a href=\"https:\/\/cadredidactice.ub.ro\/wp-content\/uploads\/sites\/79\/2011\/03\/ghid-metodic-an-ii.jpg\"><img loading=\"lazy\" decoding=\"async\" class=\"alignnone size-medium wp-image-28\" src=\"https:\/\/cadredidactice.ub.ro\/wp-content\/uploads\/sites\/79\/2011\/03\/ghid-metodic-an-ii.jpg\" alt=\"\" width=\"209\" height=\"293\" \/><\/a><\/p>\n<h2 style=\"text-align: center\"><a href=\"https:\/\/cadredidactice.ub.ro\/wp-content\/uploads\/sites\/79\/2011\/03\/ghid_metodic_schi_an_ii-2011.pdf\"><span style=\"color: #0000ff\">Descarc\u0103 liber<\/span><\/a><\/h2>\n<p style=\"text-align: center\">\u00a0<\/p>\n","protected":false},"excerpt":{"rendered":"<p>Aplica\u0163ii \u00een discipline sportive de iarn\u0103 I (stagiu de practic\u0103 \u00een tabere de preg\u0103tire) \u2013 LP GHID METODIC PENTRU CADRE DIDACTICE Descarc\u0103 liber \u00a0 Aplica\u0163ii \u00een discipline sportive de iarn\u0103 II (stagiu de practic\u0103 \u00een tabere de preg\u0103tire) \u2013 LP &hellip;<\/p>\n<p class=\"read-more\"><a href=\"https:\/\/cadredidactice.ub.ro\/pavelsilviu\/indru\/\">Continue reading<\/a><\/p>\n","protected":false},"author":72,"featured_media":0,"parent":0,"menu_order":1,"comment_status":"open","ping_status":"open","template":"","meta":{"footnotes":""},"class_list":["post-21","page","type-page","status-publish","hentry"],"_links":{"self":[{"href":"https:\/\/cadredidactice.ub.ro\/pavelsilviu\/wp-json\/wp\/v2\/pages\/21","targetHints":{"allow":["GET"]}}],"collection":[{"href":"https:\/\/cadredidactice.ub.ro\/pavelsilviu\/wp-json\/wp\/v2\/pages"}],"about":[{"href":"https:\/\/cadredidactice.ub.ro\/pavelsilviu\/wp-json\/wp\/v2\/types\/page"}],"author":[{"embeddable":true,"href":"https:\/\/cadredidactice.ub.ro\/pavelsilviu\/wp-json\/wp\/v2\/users\/72"}],"replies":[{"embeddable":true,"href":"https:\/\/cadredidactice.ub.ro\/pavelsilviu\/wp-json\/wp\/v2\/comments?post=21"}],"version-history":[{"count":0,"href":"https:\/\/cadredidactice.ub.ro\/pavelsilviu\/wp-json\/wp\/v2\/pages\/21\/revisions"}],"wp:attachment":[{"href":"https:\/\/cadredidactice.ub.ro\/pavelsilviu\/wp-json\/wp\/v2\/media?parent=21"}],"curies":[{"name":"wp","href":"https:\/\/api.w.org\/{rel}","templated":true}]}}