{"id":3,"date":"2011-03-16T04:22:31","date_gmt":"2011-03-16T02:22:31","guid":{"rendered":"http:\/\/cadredidactice.ub.ro\/patriciuoanairina\/?page_id=3"},"modified":"2013-03-18T21:32:57","modified_gmt":"2013-03-18T19:32:57","slug":"info-contact","status":"publish","type":"page","link":"https:\/\/cadredidactice.ub.ro\/patriciuoanairina\/","title":{"rendered":"Info \/ Contact"},"content":{"rendered":"<p><img loading=\"lazy\" decoding=\"async\" class=\"alignleft\" src=\"http:\/\/cisapm.inginerie.ub.ro\/images\/stories\/poze_cisapm\/patriciu_oana_irina.jpg\" alt=\"\" width=\"156\" height=\"203\" \/><\/p>\n<div class=\"postContent\">\n<h1><strong>Bine a\u0163i venit,<\/strong><\/h1>\n<p style=\"text-align: left;padding-left: 180px\"><strong>Pe pagina mea  personal\u0103, m\u0103 numesc Patriciu Oana-Irina sunt doctor inginer cu functia  \u015eef lucr\u0103ri la Universitatea \u201cVasile Alecsandri\u201d din Bac\u0103u, Facultatea  de Inginerie, Departamentul Chimia \u015fi Ingineria Siguran\u0163ei Alimentare \u015fi  Protec\u0163iei Mediului (CISAPM), <\/strong><\/p>\n<p style=\"text-align: left;padding-left: 180px\"><strong>disciplinele &#8230;<\/strong><\/p>\n<p style=\"padding-left: 120px\">\n<p style=\"padding-left: 150px\"><strong>Pe aceast\u0103 pagina g\u0103si\u0163i \u2026.. <\/strong><\/p>\n<p><strong>Citat preferat:<\/strong><\/p>\n<blockquote><p>Citat<\/p><\/blockquote>\n<ul>\n<li>\n<h3>Date despre mine:<\/h3>\n<\/li>\n<\/ul>\n<address><strong>CV <\/strong>&#8211; <a rel=\"attachment wp-att-36\" href=\"http:\/\/cadredidactice.ub.ro\/patriciuoanairina\/info-contact\/cv_europass_patriciu-oana-irina-2\/\">CV_Europass_PATRICIU Oana-Irina<\/a><\/address>\n<address><a rel=\"attachment wp-att-37\" href=\"http:\/\/cadredidactice.ub.ro\/patriciuoanairina\/info-contact\/activitate-stiintifica-_patriciu-oana-irina\/\">Activitate stiintifica_PATRICIU Oana-Irina<\/a><\/address>\n<address> <\/address>\n<address> <\/address>\n<ul>\n<li>\n<h3>Contact:<\/h3>\n<\/li>\n<\/ul>\n<address><strong>Tel:<\/strong> <em>0234 542 411 int. 148;<\/em><br \/>\n<strong>Fax:<\/strong> <em>0234 580 170;<\/em><br \/>\n<strong>E-mail: <\/strong><a title=\"E-mail Patriciu Oana-Irina\" href=\"mailto:oana.patriciu@ub.ro\" target=\"_blank\">oana.patriciu@ub.ro<\/a><strong><br \/>\n<\/strong><\/address>\n<address><strong>Webpage: <\/strong> <a title=\"Webpage Patriciu Oana-Irina\" href=\"http:\/\/cadredidactice.ub.ro\/patriciuoanairina\" target=\"_blank\">http:\/\/cadredidactice.ub.ro\/patriciuoanairina<\/a><\/address>\n<address> <\/address>\n<address> <\/address>\n<ul>\n<li>\n<h3>Sala:<\/h3>\n<\/li>\n<\/ul>\n<h3 style=\"padding-left: 60px\">AI 5\u00a0 &#8211; mar\u0163i\u00a010:00 &#8211; 12:00<\/h3>\n<h3 style=\"padding-left: 90px\">&#8211; vineri 11:00 &#8211; 14:00<\/h3>\n<\/div>\n","protected":false},"excerpt":{"rendered":"<p>Bine a\u0163i venit, Pe pagina mea personal\u0103, m\u0103 numesc Patriciu Oana-Irina sunt doctor inginer cu functia \u015eef lucr\u0103ri la Universitatea \u201cVasile Alecsandri\u201d din Bac\u0103u, Facultatea de Inginerie, Departamentul Chimia \u015fi Ingineria Siguran\u0163ei Alimentare \u015fi Protec\u0163iei Mediului (CISAPM), disciplinele &#8230; Pe &hellip;<\/p>\n<p class=\"read-more\"><a href=\"https:\/\/cadredidactice.ub.ro\/patriciuoanairina\/\">Continue reading<\/a><\/p>\n","protected":false},"author":192,"featured_media":0,"parent":0,"menu_order":0,"comment_status":"open","ping_status":"open","template":"","meta":{"footnotes":""},"class_list":["post-3","page","type-page","status-publish","hentry"],"_links":{"self":[{"href":"https:\/\/cadredidactice.ub.ro\/patriciuoanairina\/wp-json\/wp\/v2\/pages\/3","targetHints":{"allow":["GET"]}}],"collection":[{"href":"https:\/\/cadredidactice.ub.ro\/patriciuoanairina\/wp-json\/wp\/v2\/pages"}],"about":[{"href":"https:\/\/cadredidactice.ub.ro\/patriciuoanairina\/wp-json\/wp\/v2\/types\/page"}],"author":[{"embeddable":true,"href":"https:\/\/cadredidactice.ub.ro\/patriciuoanairina\/wp-json\/wp\/v2\/users\/192"}],"replies":[{"embeddable":true,"href":"https:\/\/cadredidactice.ub.ro\/patriciuoanairina\/wp-json\/wp\/v2\/comments?post=3"}],"version-history":[{"count":0,"href":"https:\/\/cadredidactice.ub.ro\/patriciuoanairina\/wp-json\/wp\/v2\/pages\/3\/revisions"}],"wp:attachment":[{"href":"https:\/\/cadredidactice.ub.ro\/patriciuoanairina\/wp-json\/wp\/v2\/media?parent=3"}],"curies":[{"name":"wp","href":"https:\/\/api.w.org\/{rel}","templated":true}]}}