{"id":12,"date":"2011-10-24T08:48:40","date_gmt":"2011-10-24T06:48:40","guid":{"rendered":"http:\/\/cadredidactice.ub.ro\/ochiananicolae\/?page_id=12"},"modified":"2011-10-24T12:45:07","modified_gmt":"2011-10-24T10:45:07","slug":"contact","status":"publish","type":"page","link":"https:\/\/cadredidactice.ub.ro\/ochiananicolae\/contact\/","title":{"rendered":"Contact"},"content":{"rendered":"<h2>&nbsp;<\/h2>\n<h2><strong>Ochiana Nicolae<\/strong><\/h2>\n<p>Lect.univ.dr., Facultatea de \u015etiin\u0163e ale Mi\u015fc\u0103rii, Sportului \u015fi S\u0103n\u0103t\u0103\u0163ii,<\/p>\n<p>Catedra Jocuri Sportive,<\/p>\n<p>Universitatea &#8222;Vasile Alecsandri&#8221; din Bac\u0103u<\/p>\n<p><strong>Adresa:<\/strong> Calea M\u0103r\u0103\u015fe\u015fti, nr, 157, corp D, et. 3, cam. 313<\/p>\n<p><strong>Telefon\/fax:<\/strong> 0234 &#8211; 517715<\/p>\n<p><strong>Email:<\/strong> <a href=\"mailto:sochiana@yahoo.com\">sochiana@yahoo.com<\/a><\/p>\n<p><a href=\"http:\/\/fsmss.ub.ro\/images\/stories\/catedra_de_jocuri_sportive\/program_zilnic\/program_zilnic_ochiana.pdf\">Program de lucru<\/a><\/p>\n","protected":false},"excerpt":{"rendered":"<p>&nbsp; Ochiana Nicolae Lect.univ.dr., Facultatea de \u015etiin\u0163e ale Mi\u015fc\u0103rii, Sportului \u015fi S\u0103n\u0103t\u0103\u0163ii, Catedra Jocuri Sportive, Universitatea &#8222;Vasile Alecsandri&#8221; din Bac\u0103u Adresa: Calea M\u0103r\u0103\u015fe\u015fti, nr, 157, corp D, et. 3, cam. 313 Telefon\/fax: 0234 &#8211; 517715 Email: sochiana@yahoo.com Program de lucru<\/p>\n","protected":false},"author":65,"featured_media":0,"parent":0,"menu_order":3,"comment_status":"closed","ping_status":"closed","template":"","meta":{"footnotes":""},"class_list":["post-12","page","type-page","status-publish","hentry"],"_links":{"self":[{"href":"https:\/\/cadredidactice.ub.ro\/ochiananicolae\/wp-json\/wp\/v2\/pages\/12","targetHints":{"allow":["GET"]}}],"collection":[{"href":"https:\/\/cadredidactice.ub.ro\/ochiananicolae\/wp-json\/wp\/v2\/pages"}],"about":[{"href":"https:\/\/cadredidactice.ub.ro\/ochiananicolae\/wp-json\/wp\/v2\/types\/page"}],"author":[{"embeddable":true,"href":"https:\/\/cadredidactice.ub.ro\/ochiananicolae\/wp-json\/wp\/v2\/users\/65"}],"replies":[{"embeddable":true,"href":"https:\/\/cadredidactice.ub.ro\/ochiananicolae\/wp-json\/wp\/v2\/comments?post=12"}],"version-history":[{"count":0,"href":"https:\/\/cadredidactice.ub.ro\/ochiananicolae\/wp-json\/wp\/v2\/pages\/12\/revisions"}],"wp:attachment":[{"href":"https:\/\/cadredidactice.ub.ro\/ochiananicolae\/wp-json\/wp\/v2\/media?parent=12"}],"curies":[{"name":"wp","href":"https:\/\/api.w.org\/{rel}","templated":true}]}}