{"id":10,"date":"2011-10-24T08:48:27","date_gmt":"2011-10-24T06:48:27","guid":{"rendered":"http:\/\/cadredidactice.ub.ro\/ochiananicolae\/?page_id=10"},"modified":"2011-10-24T12:44:55","modified_gmt":"2011-10-24T10:44:55","slug":"studen%c8%9bi","status":"publish","type":"page","link":"https:\/\/cadredidactice.ub.ro\/ochiananicolae\/studen%c8%9bi\/","title":{"rendered":"Didactic"},"content":{"rendered":"<p>&nbsp;<\/p>\n<h3>Cursuri, seminarii \u015fi activit\u0103\u0163i practice &#8211; Facultatea de \u015etiin\u0163e ale Mi\u015fc\u0103rii, Sportului \u015fi S\u0103n\u0103t\u0103\u0163ii<\/h3>\n<p>&nbsp;<\/p>\n<ul>\n<li>Politici na\u0163ionale \u00een activit\u0103\u0163ile motrice de timp liber (Curs + Seminar) &#8211; Master AMCTL, zi <\/li>\n<li>Dopingul \u015fi aportul de substan\u0163e energogene (Curs + Seminar) &#8211; PS, zi<\/li>\n<li>Dopajul \u00een sport \u2013 prevenire \u015fi combatere (Curs) &#8211; Master SPM, zi<\/li>\n<li>Activit\u0103\u0163i de timp liber \/ Sporturi cu paleta \u015fi racheta (Curs) &#8211; EFS, zi<\/li>\n<li>Activit\u0103\u0163i de timp liber \/ Jocuri dinamice (Curs) &#8211; EFS, zi<\/li>\n<li>Tenis de mas\u0103, Badminton (elemente folosite \u00een kinetoterapie) (Curs) &#8211; KMS, zi<\/li>\n<li>Activit\u0103\u0163i de timp liber \/ Sporturi cu paleta \u015fi racheta (Lucr\u0103ri practice) &#8211; EFS, zi<\/li>\n<li>Tenis de mas\u0103, Badminton (elemente folosite \u00een kinetoterapie) (Lucr\u0103ri practice) &#8211; KMS, zi<\/li>\n<\/ul>\n","protected":false},"excerpt":{"rendered":"<p>&nbsp; Cursuri, seminarii \u015fi activit\u0103\u0163i practice &#8211; Facultatea de \u015etiin\u0163e ale Mi\u015fc\u0103rii, Sportului \u015fi S\u0103n\u0103t\u0103\u0163ii &nbsp; Politici na\u0163ionale \u00een activit\u0103\u0163ile motrice de timp liber (Curs + Seminar) &#8211; Master AMCTL, zi Dopingul \u015fi aportul de substan\u0163e energogene (Curs + Seminar) &hellip;<\/p>\n<p class=\"read-more\"><a href=\"https:\/\/cadredidactice.ub.ro\/ochiananicolae\/studen%c8%9bi\/\">Continue reading<\/a><\/p>\n","protected":false},"author":65,"featured_media":0,"parent":0,"menu_order":2,"comment_status":"closed","ping_status":"closed","template":"","meta":{"footnotes":""},"class_list":["post-10","page","type-page","status-publish","hentry"],"_links":{"self":[{"href":"https:\/\/cadredidactice.ub.ro\/ochiananicolae\/wp-json\/wp\/v2\/pages\/10","targetHints":{"allow":["GET"]}}],"collection":[{"href":"https:\/\/cadredidactice.ub.ro\/ochiananicolae\/wp-json\/wp\/v2\/pages"}],"about":[{"href":"https:\/\/cadredidactice.ub.ro\/ochiananicolae\/wp-json\/wp\/v2\/types\/page"}],"author":[{"embeddable":true,"href":"https:\/\/cadredidactice.ub.ro\/ochiananicolae\/wp-json\/wp\/v2\/users\/65"}],"replies":[{"embeddable":true,"href":"https:\/\/cadredidactice.ub.ro\/ochiananicolae\/wp-json\/wp\/v2\/comments?post=10"}],"version-history":[{"count":0,"href":"https:\/\/cadredidactice.ub.ro\/ochiananicolae\/wp-json\/wp\/v2\/pages\/10\/revisions"}],"wp:attachment":[{"href":"https:\/\/cadredidactice.ub.ro\/ochiananicolae\/wp-json\/wp\/v2\/media?parent=10"}],"curies":[{"name":"wp","href":"https:\/\/api.w.org\/{rel}","templated":true}]}}