{"id":5,"date":"2011-10-24T16:01:05","date_gmt":"2011-10-24T14:01:05","guid":{"rendered":"http:\/\/cadredidactice.ub.ro\/ochianagabriela\/activitate-didactica\/"},"modified":"2011-10-24T16:15:34","modified_gmt":"2011-10-24T14:15:34","slug":"activitate-didactica","status":"publish","type":"page","link":"https:\/\/cadredidactice.ub.ro\/ochianagabriela\/activitate-didactica\/","title":{"rendered":"Activitate didactica"},"content":{"rendered":"<p><a href=\"http:\/\/fsmss.ub.ro\/images\/stories\/catedra_de_kineto\/ochiana_gabi_lista_lucrarilor_mai_2011_pdf.pdf\">Lista contribu\u0163iilor \u015ftiin\u0163ifice \u015fi de cercetare<\/a><\/p>\n","protected":false},"excerpt":{"rendered":"<p>Lista contribu\u0163iilor \u015ftiin\u0163ifice \u015fi de cercetare<\/p>\n","protected":false},"author":57,"featured_media":0,"parent":0,"menu_order":0,"comment_status":"open","ping_status":"open","template":"","meta":{"footnotes":""},"class_list":["post-5","page","type-page","status-publish","hentry"],"_links":{"self":[{"href":"https:\/\/cadredidactice.ub.ro\/ochianagabriela\/wp-json\/wp\/v2\/pages\/5","targetHints":{"allow":["GET"]}}],"collection":[{"href":"https:\/\/cadredidactice.ub.ro\/ochianagabriela\/wp-json\/wp\/v2\/pages"}],"about":[{"href":"https:\/\/cadredidactice.ub.ro\/ochianagabriela\/wp-json\/wp\/v2\/types\/page"}],"author":[{"embeddable":true,"href":"https:\/\/cadredidactice.ub.ro\/ochianagabriela\/wp-json\/wp\/v2\/users\/57"}],"replies":[{"embeddable":true,"href":"https:\/\/cadredidactice.ub.ro\/ochianagabriela\/wp-json\/wp\/v2\/comments?post=5"}],"version-history":[{"count":0,"href":"https:\/\/cadredidactice.ub.ro\/ochianagabriela\/wp-json\/wp\/v2\/pages\/5\/revisions"}],"wp:attachment":[{"href":"https:\/\/cadredidactice.ub.ro\/ochianagabriela\/wp-json\/wp\/v2\/media?parent=5"}],"curies":[{"name":"wp","href":"https:\/\/api.w.org\/{rel}","templated":true}]}}