{"id":2,"date":"2011-03-08T12:05:01","date_gmt":"2011-03-08T10:05:01","guid":{"rendered":""},"modified":"2021-12-10T13:26:07","modified_gmt":"2021-12-10T11:26:07","slug":"about","status":"publish","type":"page","link":"https:\/\/cadredidactice.ub.ro\/nicoletaplaton\/","title":{"rendered":"Despre"},"content":{"rendered":"<p>&nbsp;<\/p>\r\n<p>&nbsp;<\/p>\r\n<p><em><strong>\u00a0 \u00a0 \u00a0 \u00a0 \u00a0 \u00a0 \u00a0 \u00a0 <\/strong><strong>Nicoleta PLATON<\/strong> este numele meu \u015fi sunt cadru didactic la Universitatea Vasile Alecsandri din Bac\u0103u, Facultatea de Inginerie, Departamentul Inginerie Chimic\u0103 \u015fi Alimentar\u0103 (ICA)<\/em><em>. Mai multe detalii pute\u0163i afla acces\u00e2nd\u00a0 CV &#8211; ul \u015fi lista de lucr\u0103ri .<\/em><\/p>\r\n<p><strong><em>\u00a0\u00a0\u00a0\u00a0\u00a0\u00a0\u00a0\u00a0\u00a0\u00a0\u00a0\u00a0\u00a0\u00a0\u00a0\u00a0\u00a0\u00a0\u00a0\u00a0\u00a0\u00a0\u00a0\u00a0\u00a0\u00a0\u00a0\u00a0\u00a0\u00a0\u00a0 \u00a0 \u00a0 \u00a0 \u00a0 \u00a0 \u00a0 \u00a0 \u00a0 \u00a0 \u00a0 \u00a0 \u00a0 \u00a0 \u00a0 \u00a0 \u00a0 \u00a0 \u00a0 \u00a0\u201eNu invatam pentru scoala, ci pentru viata.&#8221; <\/em><\/strong><strong><em>(Seneca)<\/em><\/strong><\/p>\r\n<p>&nbsp;<\/p>\r\n<p><a href=\"http:\/\/cadredidactice.ub.ro\/nicoletaplaton\/2021\/05\/27\/lista-de-lucrari\/llsta-lucrari-platon-nicoleta-2021\/\" rel=\"attachment wp-att-210\">Lista de\u00a0 lucr\u0103ri &#8211;\u00a0 PLATON Nicoleta_2021<\/a><\/p>\r\n<p><a href=\"http:\/\/cadredidactice.ub.ro\/nicoletaplaton\/2021\/12\/10\/cv-nicoleta-platon\/\" rel=\"attachment wp-att-206\">CV Nicoleta PLATON<\/a><\/p>\r\n<p>&nbsp;<\/p>\r\n<p>&nbsp;<\/p>\r\n\r\n<p>&nbsp;<\/p>\r\n","protected":false},"excerpt":{"rendered":"<p>&nbsp; &nbsp; \u00a0 \u00a0 \u00a0 \u00a0 \u00a0 \u00a0 \u00a0 \u00a0 Nicoleta PLATON este numele meu \u015fi sunt cadru didactic la Universitatea Vasile Alecsandri din Bac\u0103u, Facultatea de Inginerie, Departamentul Inginerie Chimic\u0103 \u015fi Alimentar\u0103 (ICA). Mai multe detalii pute\u0163i afla acces\u00e2nd\u00a0 CV &#8211; ul \u015fi lista de lucr\u0103ri . \u00a0\u00a0\u00a0\u00a0\u00a0\u00a0\u00a0\u00a0\u00a0\u00a0\u00a0\u00a0\u00a0\u00a0\u00a0\u00a0\u00a0\u00a0\u00a0\u00a0\u00a0\u00a0\u00a0\u00a0\u00a0\u00a0\u00a0\u00a0\u00a0\u00a0\u00a0 \u00a0 \u00a0 \u00a0 \u00a0 \u00a0 \u00a0 [&hellip;]<\/p>\n","protected":false},"author":128,"featured_media":222,"parent":0,"menu_order":0,"comment_status":"closed","ping_status":"closed","template":"","meta":{"footnotes":""},"class_list":["post-2","page","type-page","status-publish","has-post-thumbnail","hentry"],"_links":{"self":[{"href":"https:\/\/cadredidactice.ub.ro\/nicoletaplaton\/wp-json\/wp\/v2\/pages\/2","targetHints":{"allow":["GET"]}}],"collection":[{"href":"https:\/\/cadredidactice.ub.ro\/nicoletaplaton\/wp-json\/wp\/v2\/pages"}],"about":[{"href":"https:\/\/cadredidactice.ub.ro\/nicoletaplaton\/wp-json\/wp\/v2\/types\/page"}],"author":[{"embeddable":true,"href":"https:\/\/cadredidactice.ub.ro\/nicoletaplaton\/wp-json\/wp\/v2\/users\/128"}],"replies":[{"embeddable":true,"href":"https:\/\/cadredidactice.ub.ro\/nicoletaplaton\/wp-json\/wp\/v2\/comments?post=2"}],"version-history":[{"count":15,"href":"https:\/\/cadredidactice.ub.ro\/nicoletaplaton\/wp-json\/wp\/v2\/pages\/2\/revisions"}],"predecessor-version":[{"id":228,"href":"https:\/\/cadredidactice.ub.ro\/nicoletaplaton\/wp-json\/wp\/v2\/pages\/2\/revisions\/228"}],"wp:featuredmedia":[{"embeddable":true,"href":"https:\/\/cadredidactice.ub.ro\/nicoletaplaton\/wp-json\/wp\/v2\/media\/222"}],"wp:attachment":[{"href":"https:\/\/cadredidactice.ub.ro\/nicoletaplaton\/wp-json\/wp\/v2\/media?parent=2"}],"curies":[{"name":"wp","href":"https:\/\/api.w.org\/{rel}","templated":true}]}}