{"id":12,"date":"2011-03-14T01:38:54","date_gmt":"2011-03-13T23:38:54","guid":{"rendered":"http:\/\/cadredidactice.ub.ro\/nicoletaciucescu\/?page_id=12"},"modified":"2020-03-30T17:44:46","modified_gmt":"2020-03-30T15:44:46","slug":"teme-lucrari-licenta","status":"publish","type":"page","link":"https:\/\/cadredidactice.ub.ro\/nicoletaciucescu\/teme-lucrari-licenta\/","title":{"rendered":"teme lucrari licenta"},"content":{"rendered":"\n<p><strong>TEMATICA PROPUS\u0102 PENTRU EXAMENUL DE LICEN\u0162\u0102 <\/strong><\/p>\n\n\n\n<p><strong>la programul de studii Administrarea Afacerilor \u00ceF<\/strong><\/p>\n\n\n\n<p><strong>&#8211; SESIUNEA IULIE 2020 &#8211; <\/strong><\/p>\n\n\n\n<p>1. Analiza mediului organiza\u0163iilor nonprofit.\nCercetare realizat\u0103 la&#8230;&#8230;&#8230;.<\/p>\n\n\n\n<p>2. Func\u0163iunile \u00eentreprinderii. Cercetare\nrealizat\u0103 la&#8230;&#8230;&#8230;. <\/p>\n\n\n\n<p>3. Strategia\n\u00een aprovizionarea material\u0103. Studiu de caz la S:C:&#8230;&#8230;&#8230;&#8230;<\/p>\n\n\n\n<p>4. Metode \u0219i tehnici manageriale. Cercetare\nrealizat\u0103 la\u2026..<\/p>\n\n\n\n<p>5. Optimizarea organiz\u0103rii interne \u00een IMM-uri.\nCercetare realizat\u0103 la&#8230;&#8230;&#8230;.<\/p>\n\n\n\n<p>6. Importan\u0163a planific\u0103rii strategice \u00een\norganiza\u0163ii. Cercetare realizat\u0103 la&#8230;&#8230;&#8230;.<\/p>\n\n\n\n<p>7. Strategia \u015fi managementul strategic \u00een\nIMM-uri. Cercetare realizat\u0103 la&#8230;&#8230;&#8230;.<\/p>\n\n\n\n<p>8. Strategii manageriale ce vizeaz\u0103\n\u00eembun\u0103t\u0103\u0163irea activit\u0103\u0163ii firmei. Cercetare realizat\u0103 la&#8230;<\/p>\n\n\n\n<p>9. Gestiunea economic\u0103 a stocurilor. Cercetare\nrealizat\u0103 la&#8230;&#8230;&#8230;. <\/p>\n\n\n\n<p>10. Managementul aprovizion\u0103rii la\nSC&#8230;&#8230;&#8230;&#8230;&#8230;&#8230; <\/p>\n","protected":false},"excerpt":{"rendered":"<p>TEMATICA PROPUS\u0102 PENTRU EXAMENUL DE LICEN\u0162\u0102 la programul de studii Administrarea Afacerilor \u00ceF &#8211; SESIUNEA IULIE 2020 &#8211; 1. Analiza mediului organiza\u0163iilor nonprofit. Cercetare realizat\u0103 la&#8230;&#8230;&#8230;. 2. Func\u0163iunile \u00eentreprinderii. Cercetare realizat\u0103 la&#8230;&#8230;&#8230;. 3. Strategia \u00een aprovizionarea material\u0103. Studiu de caz &hellip;<\/p>\n<p class=\"read-more\"><a href=\"https:\/\/cadredidactice.ub.ro\/nicoletaciucescu\/teme-lucrari-licenta\/\">Continue reading<\/a><\/p>\n","protected":false},"author":159,"featured_media":0,"parent":0,"menu_order":0,"comment_status":"closed","ping_status":"closed","template":"","meta":{"footnotes":""},"class_list":["post-12","page","type-page","status-publish","hentry"],"_links":{"self":[{"href":"https:\/\/cadredidactice.ub.ro\/nicoletaciucescu\/wp-json\/wp\/v2\/pages\/12","targetHints":{"allow":["GET"]}}],"collection":[{"href":"https:\/\/cadredidactice.ub.ro\/nicoletaciucescu\/wp-json\/wp\/v2\/pages"}],"about":[{"href":"https:\/\/cadredidactice.ub.ro\/nicoletaciucescu\/wp-json\/wp\/v2\/types\/page"}],"author":[{"embeddable":true,"href":"https:\/\/cadredidactice.ub.ro\/nicoletaciucescu\/wp-json\/wp\/v2\/users\/159"}],"replies":[{"embeddable":true,"href":"https:\/\/cadredidactice.ub.ro\/nicoletaciucescu\/wp-json\/wp\/v2\/comments?post=12"}],"version-history":[{"count":2,"href":"https:\/\/cadredidactice.ub.ro\/nicoletaciucescu\/wp-json\/wp\/v2\/pages\/12\/revisions"}],"predecessor-version":[{"id":36,"href":"https:\/\/cadredidactice.ub.ro\/nicoletaciucescu\/wp-json\/wp\/v2\/pages\/12\/revisions\/36"}],"wp:attachment":[{"href":"https:\/\/cadredidactice.ub.ro\/nicoletaciucescu\/wp-json\/wp\/v2\/media?parent=12"}],"curies":[{"name":"wp","href":"https:\/\/api.w.org\/{rel}","templated":true}]}}