{"id":9,"date":"2011-03-16T02:44:39","date_gmt":"2011-03-16T00:44:39","guid":{"rendered":"http:\/\/cadredidactice.ub.ro\/nichiforvasile\/?page_id=9"},"modified":"2017-10-27T12:27:17","modified_gmt":"2017-10-27T10:27:17","slug":"teme-lucrari-licenta","status":"publish","type":"page","link":"https:\/\/cadredidactice.ub.ro\/nichiforvasile\/teme-lucrari-licenta\/","title":{"rendered":"Teme lucr\u0103ri licen\u0163\u0103 si disertatie"},"content":{"rendered":"","protected":false},"excerpt":{"rendered":"","protected":false},"author":155,"featured_media":0,"parent":0,"menu_order":0,"comment_status":"closed","ping_status":"closed","template":"","meta":{"footnotes":""},"class_list":["post-9","page","type-page","status-publish","hentry"],"_links":{"self":[{"href":"https:\/\/cadredidactice.ub.ro\/nichiforvasile\/wp-json\/wp\/v2\/pages\/9","targetHints":{"allow":["GET"]}}],"collection":[{"href":"https:\/\/cadredidactice.ub.ro\/nichiforvasile\/wp-json\/wp\/v2\/pages"}],"about":[{"href":"https:\/\/cadredidactice.ub.ro\/nichiforvasile\/wp-json\/wp\/v2\/types\/page"}],"author":[{"embeddable":true,"href":"https:\/\/cadredidactice.ub.ro\/nichiforvasile\/wp-json\/wp\/v2\/users\/155"}],"replies":[{"embeddable":true,"href":"https:\/\/cadredidactice.ub.ro\/nichiforvasile\/wp-json\/wp\/v2\/comments?post=9"}],"version-history":[{"count":1,"href":"https:\/\/cadredidactice.ub.ro\/nichiforvasile\/wp-json\/wp\/v2\/pages\/9\/revisions"}],"predecessor-version":[{"id":27,"href":"https:\/\/cadredidactice.ub.ro\/nichiforvasile\/wp-json\/wp\/v2\/pages\/9\/revisions\/27"}],"wp:attachment":[{"href":"https:\/\/cadredidactice.ub.ro\/nichiforvasile\/wp-json\/wp\/v2\/media?parent=9"}],"curies":[{"name":"wp","href":"https:\/\/api.w.org\/{rel}","templated":true}]}}