{"id":12,"date":"2011-03-16T02:45:13","date_gmt":"2011-03-16T00:45:13","guid":{"rendered":"http:\/\/cadredidactice.ub.ro\/nichiforvasile\/?page_id=12"},"modified":"2017-10-27T12:26:43","modified_gmt":"2017-10-27T10:26:43","slug":"anunturi","status":"publish","type":"page","link":"https:\/\/cadredidactice.ub.ro\/nichiforvasile\/anunturi\/","title":{"rendered":"Anun\u0163uri"},"content":{"rendered":"<p>Aici vor fi postate anun\u0163urile pentru studen\u0163i.<\/p>\n","protected":false},"excerpt":{"rendered":"<p>Aici vor fi postate anun\u0163urile pentru studen\u0163i.<\/p>\n","protected":false},"author":155,"featured_media":0,"parent":0,"menu_order":0,"comment_status":"closed","ping_status":"closed","template":"","meta":{"footnotes":""},"class_list":["post-12","page","type-page","status-publish","hentry"],"_links":{"self":[{"href":"https:\/\/cadredidactice.ub.ro\/nichiforvasile\/wp-json\/wp\/v2\/pages\/12","targetHints":{"allow":["GET"]}}],"collection":[{"href":"https:\/\/cadredidactice.ub.ro\/nichiforvasile\/wp-json\/wp\/v2\/pages"}],"about":[{"href":"https:\/\/cadredidactice.ub.ro\/nichiforvasile\/wp-json\/wp\/v2\/types\/page"}],"author":[{"embeddable":true,"href":"https:\/\/cadredidactice.ub.ro\/nichiforvasile\/wp-json\/wp\/v2\/users\/155"}],"replies":[{"embeddable":true,"href":"https:\/\/cadredidactice.ub.ro\/nichiforvasile\/wp-json\/wp\/v2\/comments?post=12"}],"version-history":[{"count":1,"href":"https:\/\/cadredidactice.ub.ro\/nichiforvasile\/wp-json\/wp\/v2\/pages\/12\/revisions"}],"predecessor-version":[{"id":25,"href":"https:\/\/cadredidactice.ub.ro\/nichiforvasile\/wp-json\/wp\/v2\/pages\/12\/revisions\/25"}],"wp:attachment":[{"href":"https:\/\/cadredidactice.ub.ro\/nichiforvasile\/wp-json\/wp\/v2\/media?parent=12"}],"curies":[{"name":"wp","href":"https:\/\/api.w.org\/{rel}","templated":true}]}}