{"id":17,"date":"2015-10-24T22:12:25","date_gmt":"2015-10-24T20:12:25","guid":{"rendered":"http:\/\/cadredidactice.ub.ro\/milonalexandra\/?page_id=17"},"modified":"2015-10-24T22:12:25","modified_gmt":"2015-10-24T20:12:25","slug":"carti-si-cursuri-de-specialitate","status":"publish","type":"page","link":"https:\/\/cadredidactice.ub.ro\/milonalexandra\/carti-si-cursuri-de-specialitate\/","title":{"rendered":"C\u0103r\u0163i \u015fi cursuri de specialitate"},"content":{"rendered":"<p><strong>C\u0103r\u0163i de specialitate<\/strong><\/p>\n<p><a href=\"https:\/\/cadredidactice.ub.ro\/wp-content\/uploads\/sites\/77\/2015\/10\/acsinte-ale.jpg\"><img loading=\"lazy\" decoding=\"async\" class=\"alignnone size-medium wp-image-18\" src=\"https:\/\/cadredidactice.ub.ro\/wp-content\/uploads\/sites\/77\/2015\/10\/acsinte-ale-208x300.jpg\" alt=\"acsinte ale\" width=\"208\" height=\"300\" srcset=\"https:\/\/cadredidactice.ub.ro\/milonalexandra\/files\/2015\/10\/acsinte-ale-208x300.jpg 208w, https:\/\/cadredidactice.ub.ro\/milonalexandra\/files\/2015\/10\/acsinte-ale-710x1024.jpg 710w, https:\/\/cadredidactice.ub.ro\/milonalexandra\/files\/2015\/10\/acsinte-ale.jpg 1737w\" sizes=\"auto, (max-width: 208px) 100vw, 208px\" \/><\/a><\/p>\n<p><strong>Cursuri de specialitate<\/strong><\/p>\n","protected":false},"excerpt":{"rendered":"<p>C\u0103r\u0163i de specialitate Cursuri de specialitate<\/p>\n","protected":false},"author":70,"featured_media":0,"parent":0,"menu_order":0,"comment_status":"closed","ping_status":"closed","template":"","meta":{"footnotes":""},"class_list":["post-17","page","type-page","status-publish","hentry"],"_links":{"self":[{"href":"https:\/\/cadredidactice.ub.ro\/milonalexandra\/wp-json\/wp\/v2\/pages\/17","targetHints":{"allow":["GET"]}}],"collection":[{"href":"https:\/\/cadredidactice.ub.ro\/milonalexandra\/wp-json\/wp\/v2\/pages"}],"about":[{"href":"https:\/\/cadredidactice.ub.ro\/milonalexandra\/wp-json\/wp\/v2\/types\/page"}],"author":[{"embeddable":true,"href":"https:\/\/cadredidactice.ub.ro\/milonalexandra\/wp-json\/wp\/v2\/users\/70"}],"replies":[{"embeddable":true,"href":"https:\/\/cadredidactice.ub.ro\/milonalexandra\/wp-json\/wp\/v2\/comments?post=17"}],"version-history":[{"count":0,"href":"https:\/\/cadredidactice.ub.ro\/milonalexandra\/wp-json\/wp\/v2\/pages\/17\/revisions"}],"wp:attachment":[{"href":"https:\/\/cadredidactice.ub.ro\/milonalexandra\/wp-json\/wp\/v2\/media?parent=17"}],"curies":[{"name":"wp","href":"https:\/\/api.w.org\/{rel}","templated":true}]}}