{"id":13,"date":"2015-10-24T21:56:50","date_gmt":"2015-10-24T19:56:50","guid":{"rendered":"http:\/\/cadredidactice.ub.ro\/milonalexandra\/?page_id=13"},"modified":"2015-10-24T22:20:32","modified_gmt":"2015-10-24T20:20:32","slug":"curriculum-vitae-2","status":"publish","type":"page","link":"https:\/\/cadredidactice.ub.ro\/milonalexandra\/curriculum-vitae-2\/","title":{"rendered":"Curriculum Vitae"},"content":{"rendered":"<p>EUROPEAN<br \/>\nCURRICULUM VITAE<br \/>\nINFORMA\u0162II PERSONALE<\/p>\n<p>Nume \u015fi prenume MILON ALEXANDRA GABRIELA<br \/>\nAdres\u0103 Str. Dorului, nr. 35 D<br \/>\nTelefon 0748. 34.06.69<br \/>\nE-mail Milon.alexandra@yahoo.ro<br \/>\nNa\u0163ionalitate Rom\u00e2n\u0103<br \/>\nData na\u015fterii 11 noiembrie 1982<br \/>\nEXPERIEN\u0162\u0102 PROFESIONAL\u0102 (\u00ceNCEP\u00c2ND CU CEA MAI RECENT\u0102)<\/p>\n<p>\u2022 Data (de la \u2013 p\u00e2n\u0103 la) 1 sept. 2013 &#8211; prezent<br \/>\n\u2022 Numele \u015fi adresa angajatorului CSS Bac\u0103u<br \/>\n\u2022 Tipul activit\u0103\u0163ii sau sectorul de activitate Cadru didactic<br \/>\n\u2022 Func\u0163ia sau postul ocupat Profesor badminton<br \/>\n\u2022 Principalele activit\u0103\u0163i \u015fi responsabilit\u0103\u0163i antrenorat<\/p>\n<p>\u2022 Data (de la \u2013 p\u00e2n\u0103 la) 2009 \u2013 prezent<br \/>\n\u2022 Numele \u015fi adresa angajatorului Universitatea \u201eV. Alecsandri\u201d din Bac\u0103u<br \/>\n\u2022 Tipul activit\u0103\u0163ii sau sectorul de activitate Cadru didactic<br \/>\n\u2022 Func\u0163ia sau postul ocupat Asistent universitar dr.<\/p>\n<p>\u2022 Data (de la \u2013 p\u00e2n\u0103 la) 2007 \u2013 2009<br \/>\n\u2022 Numele \u015fi adresa angajatorului Universitatea \u201eV. Alecsandri\u201d din Bac\u0103u<br \/>\n\u2022 Tipul activit\u0103\u0163ii sau sectorul de activitate Cadru didactic<br \/>\n\u2022 Func\u0163ia sau postul ocupat Preparator universitar<br \/>\n\u2022 Principalele activit\u0103\u0163i \u015fi responsabilit\u0103\u0163i<\/p>\n<p>EDUCA\u0162IE \u015eI FORMARE (\u00ceNCEP\u00c2ND CU CEA MAI RECENT\u0102)<br \/>\n\u2022 Perioada (de la \u2013 p\u00e2n\u0103 la) Iulie 2015<br \/>\nNumele \u015fi tipul institu\u0163iei de \u00eenv\u0103\u0163\u0103m\u00e2nt \u015fi al organiza\u0163iei prin care s-a realizat formarea profesional\u0103 Ministerul Educatiei si Cercetarii \u015etiintifice<br \/>\nDomeniul studiat \/ aptitudini ocupa\u0163ionale Educa\u0163ie fizic\u0103 \u015fi sport<br \/>\nTipul calific\u0103rii \/ diploma ob\u0163inut\u0103 Definitivat in invatamantul preuniversitar<br \/>\n\u2022 Perioada (de la \u2013 p\u00e2n\u0103 la) 2009 \u2013 2013<\/p>\n<p>\u2022 Numele \u015fi tipul institu\u0163iei de \u00eenv\u0103\u0163\u0103m\u00e2nt \u015fi al organiza\u0163iei prin care s-a realizat formarea profesional\u0103 Universitatea din Pite\u015fti<br \/>\n\u2022 Domeniul studiat \/ aptitudini ocupa\u0163ionale Educa\u0163ie fizic\u0103 \u015fi sport<br \/>\n\u2022 Tipul calific\u0103rii \/ diploma ob\u0163inut\u0103 Doctor<br \/>\n\u2022 Nivelul de clasificare a formei de instruire \/ \u00eenv\u0103\u0163\u0103m\u00e2nt<\/p>\n<p>\u2022 Perioada (de la \u2013 p\u00e2n\u0103 la) 2006 &#8211; 2008<\/p>\n<p>\u2022 Numele \u015fi tipul institu\u0163iei de \u00eenv\u0103\u0163\u0103m\u00e2nt \u015fi al organiza\u0163iei prin care s-a realizat formarea profesional\u0103 Universitatea Bac\u0103u, Facultatea de \u015etiin\u0163e ale Mi\u015fc\u0103rii, Sportului \u015fi S\u0103n\u0103t\u0103\u0163ii<br \/>\n\u2022 Domeniul studiat \/ aptitudini ocupa\u0163ionale Informatizare \u015fi modelare \u00een Educa\u0163ie Fizic\u0103 \u015fi Sport<br \/>\n\u2022 Tipul calific\u0103rii \/ diploma ob\u0163inut\u0103 Master<br \/>\n\u2022 Nivelul de clasificare a formei de instruire \/ \u00eenv\u0103\u0163\u0103m\u00e2nt<\/p>\n<p>\u2022 Perioada (de la \u2013 p\u00e2n\u0103 la) 2005<\/p>\n<p>\u2022 Numele \u015fi tipul institu\u0163iei de \u00eenv\u0103\u0163\u0103m\u00e2nt \u015fi al organiza\u0163iei prin care s-a realizat formarea profesional\u0103 Centrul Na\u0163ional de Formare \u015fi Perfec\u0163ionare al Antrenorilor<br \/>\n\u2022 Domeniul studiat \/ aptitudini ocupa\u0163ionale Badminton<br \/>\n\u2022 Tipul calific\u0103rii \/ diploma ob\u0163inut\u0103 Antrenor categoria a IV a, certificat de clasificare profesional\u0103 conferit de MTS, seria A, nr. 0000658, cu num\u0103r de \u00eenregistrare 423 din 06 decembrie 2005<br \/>\n\u2022 Nivelul de clasificare a formei de instruire \/ \u00eenv\u0103\u0163\u0103m\u00e2nt<br \/>\n\u2022 Perioada (de la \u2013 p\u00e2n\u0103 la) 2001 \u2013 2005, examen de licen\u0163\u0103 sus\u0163inut \u00een sesiunea iulie 2005, media 8,42<\/p>\n<p>\u2022 Numele \u015fi tipul institu\u0163iei de \u00eenv\u0103\u0163\u0103m\u00e2nt \u015fi al organiza\u0163iei prin care s-a realizat formarea profesional\u0103 Universitatea Bac\u0103u, Facultatea de Educa\u0163ie Fizic\u0103 \u015fi Sport, specializarea Educa\u0163ie Fizic\u0103 \u015fi Sport<br \/>\n\u2022 Domeniul studiat \/ aptitudini ocupa\u0163ionale Educa\u0163ie fizic\u0103 \u015fi Sport<br \/>\n\u2022 Tipul calific\u0103rii \/ diploma ob\u0163inut\u0103 Licen\u0163\u0103<br \/>\n\u2022 Nivelul de clasificare a formei de instruire \/ \u00eenv\u0103\u0163\u0103m\u00e2nt<\/p>\n<p>\u2022 Perioada (de la \u2013 p\u00e2n\u0103 la) 1999 \u2013 2001 , jud. Bac\u0103u, studii liceale<\/p>\n<p>\u2022 Numele \u015fi tipul institu\u0163iei de \u00eenv\u0103\u0163\u0103m\u00e2nt \u015fi al organiza\u0163iei prin care s-a realizat formarea profesional\u0103 Liceul cu Program de Educa\u0163ie Fizic\u0103 \u015fi Sport Bac\u0103u<br \/>\n\u2022 Domeniul studiat \/ aptitudini ocupa\u0163ionale Biologie \u2013 Chimie<br \/>\n\u2022 Tipul calific\u0103rii \/ diploma ob\u0163inut\u0103 Bacalaureat<br \/>\n\u2022 Nivelul de clasificare a formei de instruire \/ \u00eenv\u0103\u0163\u0103m\u00e2nt<\/p>\n<p>\u2022 Perioada (de la \u2013 p\u00e2n\u0103 la) 1997- 1999, jud. Bac\u0103u, studii liceale<\/p>\n<p>\u2022 Numele \u015fi tipul institu\u0163iei de \u00eenv\u0103\u0163\u0103m\u00e2nt \u015fi al organiza\u0163iei prin care s-a realizat formarea profesional\u0103 Liceul cu Program Sportiv \u201c Nadia Com\u0103neci \u201d One\u015fti<\/p>\n<p>\u2022 Domeniul studiat \/ aptitudini ocupa\u0163ionale Educa\u0163ie fizic\u0103 \u015fi Sport<br \/>\n\u2022 Tipul calific\u0103rii \/ diploma ob\u0163inut\u0103<br \/>\n\u2022 Nivelul de clasificare a formei de instruire \/ \u00eenv\u0103\u0163\u0103m\u00e2nt<\/p>\n<p>\u2022 Perioada (de la \u2013 p\u00e2n\u0103 la) 1996 \u2013 1997<\/p>\n<p>\u2022 Numele \u015fi tipul institu\u0163iei de \u00eenv\u0103\u0163\u0103m\u00e2nt \u015fi al organiza\u0163iei prin care s-a realizat formarea profesional\u0103 \u015ecoala general\u0103 nr. 8 One\u015fti<br \/>\n\u2022 Domeniul studiat \/ aptitudini ocupa\u0163ionale<br \/>\n\u2022 Tipul calific\u0103rii \/ diploma ob\u0163inut\u0103 Studii gimnaziale<br \/>\n\u2022 Nivelul de clasificare a formei de instruire \/ \u00eenv\u0103\u0163\u0103m\u00e2nt<\/p>\n<p>\u2022 Perioada (de la \u2013 p\u00e2n\u0103 la) 1989 \u2013 1996<\/p>\n<p>\u2022 Numele \u015fi tipul institu\u0163iei de \u00eenv\u0103\u0163\u0103m\u00e2nt \u015fi al organiza\u0163iei prin care s-a realizat formarea profesional\u0103 \u015ecoala general\u0103 nr. 19 Bac\u0103u<\/p>\n<p>\u2022 Domeniul studiat \/ aptitudini ocupa\u0163ionale<br \/>\n\u2022 Tipul calific\u0103rii \/ diploma ob\u0163inut\u0103 Studii primare \u015fi gimnaziale<br \/>\n\u2022 Nivelul de clasificare a formei de instruire \/ \u00eenv\u0103\u0163\u0103m\u00e2nt<\/p>\n<p>APTITUDINI \u015eI COMPETEN\u0162E PERSONALE<br \/>\ndob\u00e2ndite \u00een cursul vie\u0163ii \u015fi carierei dar care nu sunt recunoscute neap\u0103rat printr-un<br \/>\ncertificat sau o diplom\u0103<br \/>\nLimba matern\u0103 Rom\u00e2n\u0103<\/p>\n<p>Limbi str\u0103ine cunoscute<br \/>\nEngleza<br \/>\n\u2022 abilitatea de a citi Foarte bine<br \/>\n\u2022 abilitatea de a scrie Bine<br \/>\n\u2022 abilitatea de a vorbi Foarte bine<\/p>\n<p>APTITUDINI \u015eI COMPETEN\u0162E ARTISTICE<br \/>\n(Descrie\u0163i aceste aptitudini \u015fi indica\u0163i<br \/>\n\u00een ce context le-a\u0163i dob\u00e2ndit)<br \/>\nMuzic\u0103, desen, literatur\u0103 etc. &#8211;<br \/>\nAPTITUDINI \u015eI COMPETEN\u0162E SOCIALE<br \/>\nCapacitate de interrela\u0163ionare<br \/>\nAbilit\u0103\u0163i de comunicare<br \/>\nAdaptabilitate<br \/>\nCapacitate de lucru \u00een echip\u0103, spirit de echip\u0103<\/p>\n<p>APTITUDINI \u015eI COMPETEN\u0162E ORGANIZATORICE<br \/>\nCapacitate de rezolvare a problemelor<br \/>\nCapacitate de organizare \u015fi coordonare<br \/>\nCapacitate de autocontrol \u015fi de adaptare la situa\u0163ii diverse<br \/>\nSpirit de observa\u0163ie<br \/>\nHot\u0103r\u00e2re, tenacitate, vitez\u0103 de decizie<\/p>\n<p>ABILIT\u0102\u0162I \u015eI COMPETEN\u0162E TEHNICE<br \/>\nPERMIS DE CONDUCERE Categoria B<\/p>\n<p>INFORMA\u0162II SUPLIMENTARE<\/p>\n<p>DATA<br \/>\n1. 10. 2015<\/p>\n","protected":false},"excerpt":{"rendered":"<p>EUROPEAN CURRICULUM VITAE INFORMA\u0162II PERSONALE Nume \u015fi prenume MILON ALEXANDRA GABRIELA Adres\u0103 Str. Dorului, nr. 35 D Telefon 0748. 34.06.69 E-mail Milon.alexandra@yahoo.ro Na\u0163ionalitate Rom\u00e2n\u0103 Data na\u015fterii 11 noiembrie 1982 EXPERIEN\u0162\u0102 PROFESIONAL\u0102 (\u00ceNCEP\u00c2ND CU CEA MAI RECENT\u0102) \u2022 Data (de la &hellip;<\/p>\n<p class=\"read-more\"><a href=\"https:\/\/cadredidactice.ub.ro\/milonalexandra\/curriculum-vitae-2\/\">Continue reading<\/a><\/p>\n","protected":false},"author":70,"featured_media":0,"parent":0,"menu_order":0,"comment_status":"closed","ping_status":"closed","template":"","meta":{"footnotes":""},"class_list":["post-13","page","type-page","status-publish","hentry"],"_links":{"self":[{"href":"https:\/\/cadredidactice.ub.ro\/milonalexandra\/wp-json\/wp\/v2\/pages\/13","targetHints":{"allow":["GET"]}}],"collection":[{"href":"https:\/\/cadredidactice.ub.ro\/milonalexandra\/wp-json\/wp\/v2\/pages"}],"about":[{"href":"https:\/\/cadredidactice.ub.ro\/milonalexandra\/wp-json\/wp\/v2\/types\/page"}],"author":[{"embeddable":true,"href":"https:\/\/cadredidactice.ub.ro\/milonalexandra\/wp-json\/wp\/v2\/users\/70"}],"replies":[{"embeddable":true,"href":"https:\/\/cadredidactice.ub.ro\/milonalexandra\/wp-json\/wp\/v2\/comments?post=13"}],"version-history":[{"count":0,"href":"https:\/\/cadredidactice.ub.ro\/milonalexandra\/wp-json\/wp\/v2\/pages\/13\/revisions"}],"wp:attachment":[{"href":"https:\/\/cadredidactice.ub.ro\/milonalexandra\/wp-json\/wp\/v2\/media?parent=13"}],"curies":[{"name":"wp","href":"https:\/\/api.w.org\/{rel}","templated":true}]}}