{"id":2,"date":"2011-03-10T20:09:30","date_gmt":"2011-03-10T18:09:30","guid":{"rendered":""},"modified":"2025-10-13T06:57:48","modified_gmt":"2025-10-13T04:57:48","slug":"about","status":"publish","type":"page","link":"https:\/\/cadredidactice.ub.ro\/mihaelaenachi\/about\/","title":{"rendered":"Despre"},"content":{"rendered":"<p><strong>CV<\/strong><\/p>\n<ul>\n<li><a href=\"https:\/\/www.ub.ro\/fsec\/st\/CVLISTE_MM\/Enachi_Mihaela_CV_10.10.2025.pdf\">Lect. univ. dr. Mihaela ENACHI<\/a><a href=\"https:\/\/cadredidactice.ub.ro\/wp-content\/uploads\/sites\/176\/2011\/03\/Enachi-A.-Mihaela-CV.pdf\"><br \/>\n<\/a><\/li>\n<\/ul>\n<p><strong>List\u0103 lucr\u0103rilor \u015ftiin\u0163ifice publicate<\/strong><\/p>\n<ul>\n<li><a href=\"https:\/\/www.ub.ro\/fsec\/st\/CVLISTE_MM\/Enachi_Mihaela_Lista_de_lucr%C4%83ri_10.10.2025.pdf\">Lect. univ. dr. Mihaela ENACHI<\/a><\/li>\n<\/ul>\n","protected":false},"excerpt":{"rendered":"<p>CV Lect. univ. dr. Mihaela ENACHI List\u0103 lucr\u0103rilor \u015ftiin\u0163ifice publicate Lect. univ. dr. Mihaela ENACHI<\/p>\n","protected":false},"author":164,"featured_media":0,"parent":0,"menu_order":0,"comment_status":"closed","ping_status":"closed","template":"","meta":{"footnotes":""},"class_list":["post-2","page","type-page","status-publish","hentry"],"_links":{"self":[{"href":"https:\/\/cadredidactice.ub.ro\/mihaelaenachi\/wp-json\/wp\/v2\/pages\/2","targetHints":{"allow":["GET"]}}],"collection":[{"href":"https:\/\/cadredidactice.ub.ro\/mihaelaenachi\/wp-json\/wp\/v2\/pages"}],"about":[{"href":"https:\/\/cadredidactice.ub.ro\/mihaelaenachi\/wp-json\/wp\/v2\/types\/page"}],"author":[{"embeddable":true,"href":"https:\/\/cadredidactice.ub.ro\/mihaelaenachi\/wp-json\/wp\/v2\/users\/164"}],"replies":[{"embeddable":true,"href":"https:\/\/cadredidactice.ub.ro\/mihaelaenachi\/wp-json\/wp\/v2\/comments?post=2"}],"version-history":[{"count":13,"href":"https:\/\/cadredidactice.ub.ro\/mihaelaenachi\/wp-json\/wp\/v2\/pages\/2\/revisions"}],"predecessor-version":[{"id":104,"href":"https:\/\/cadredidactice.ub.ro\/mihaelaenachi\/wp-json\/wp\/v2\/pages\/2\/revisions\/104"}],"wp:attachment":[{"href":"https:\/\/cadredidactice.ub.ro\/mihaelaenachi\/wp-json\/wp\/v2\/media?parent=2"}],"curies":[{"name":"wp","href":"https:\/\/api.w.org\/{rel}","templated":true}]}}