{"id":12,"date":"2011-03-14T23:52:12","date_gmt":"2011-03-14T21:52:12","guid":{"rendered":"http:\/\/cadredidactice.ub.ro\/mihaelaenachi\/?page_id=12"},"modified":"2025-10-11T12:17:51","modified_gmt":"2025-10-11T10:17:51","slug":"anunturi","status":"publish","type":"page","link":"https:\/\/cadredidactice.ub.ro\/mihaelaenachi\/anunturi\/","title":{"rendered":"Anun\u0163uri"},"content":{"rendered":"<p><strong>Program consulta\u0163ii<\/strong>: an universitar 2025-2026, semestrul I<\/p>\n<p><em>LUNI, 13:00-15:00 (s\u0103pt\u0103m\u00e2na par\u0103), Sala C117 (Cabinet)\/Online<\/em><\/p>\n<p><em>VINERI, 12:00-13:00, Sala C117 (Cabinet)\/Online<\/em><\/p>\n<p>&nbsp;<\/p>\n","protected":false},"excerpt":{"rendered":"<p>Program consulta\u0163ii: an universitar 2025-2026, semestrul I LUNI, 13:00-15:00 (s\u0103pt\u0103m\u00e2na par\u0103), Sala C117 (Cabinet)\/Online VINERI, 12:00-13:00, Sala C117 (Cabinet)\/Online &nbsp;<\/p>\n","protected":false},"author":164,"featured_media":0,"parent":0,"menu_order":0,"comment_status":"closed","ping_status":"closed","template":"","meta":{"footnotes":""},"class_list":["post-12","page","type-page","status-publish","hentry"],"_links":{"self":[{"href":"https:\/\/cadredidactice.ub.ro\/mihaelaenachi\/wp-json\/wp\/v2\/pages\/12","targetHints":{"allow":["GET"]}}],"collection":[{"href":"https:\/\/cadredidactice.ub.ro\/mihaelaenachi\/wp-json\/wp\/v2\/pages"}],"about":[{"href":"https:\/\/cadredidactice.ub.ro\/mihaelaenachi\/wp-json\/wp\/v2\/types\/page"}],"author":[{"embeddable":true,"href":"https:\/\/cadredidactice.ub.ro\/mihaelaenachi\/wp-json\/wp\/v2\/users\/164"}],"replies":[{"embeddable":true,"href":"https:\/\/cadredidactice.ub.ro\/mihaelaenachi\/wp-json\/wp\/v2\/comments?post=12"}],"version-history":[{"count":12,"href":"https:\/\/cadredidactice.ub.ro\/mihaelaenachi\/wp-json\/wp\/v2\/pages\/12\/revisions"}],"predecessor-version":[{"id":103,"href":"https:\/\/cadredidactice.ub.ro\/mihaelaenachi\/wp-json\/wp\/v2\/pages\/12\/revisions\/103"}],"wp:attachment":[{"href":"https:\/\/cadredidactice.ub.ro\/mihaelaenachi\/wp-json\/wp\/v2\/media?parent=12"}],"curies":[{"name":"wp","href":"https:\/\/api.w.org\/{rel}","templated":true}]}}