{"id":10,"date":"2011-03-14T23:51:36","date_gmt":"2011-03-14T21:51:36","guid":{"rendered":"http:\/\/cadredidactice.ub.ro\/mihaelaenachi\/?page_id=10"},"modified":"2025-10-11T12:33:39","modified_gmt":"2025-10-11T10:33:39","slug":"teme-lucrari-licenta","status":"publish","type":"page","link":"https:\/\/cadredidactice.ub.ro\/mihaelaenachi\/teme-lucrari-licenta\/","title":{"rendered":"Teme lucr\u0103ri licen\u0163\u0103 &#8211; sesiunea IULIE 2026"},"content":{"rendered":"<p>&nbsp;<\/p>\n<p><strong>CONTABILITATE FINANCIAR<\/strong><strong>\u0102 I<\/strong><\/p>\n<p>Contabilitatea datoriilor pe termen lung. Studiu de caz la societatea&#8230;<\/p>\n<p>Contabilitatea stocurilor de m\u0103rfuri \u015fi ambalaje. Studiu de caz la societatea&#8230;<\/p>\n<p>&nbsp;<\/p>\n<p><strong>EXPERTIZ\u0102 CONTABIL\u0102 \u0218I CONSULTAN\u021a\u0102 FISCAL\u0102<\/strong><\/p>\n<p>Calitatea profesional\u0103 de expert contabil \u00een Rom\u00e2nia<\/p>\n<p>Misiunea de expertiz\u0103 contabil\u0103 judiciar\u0103<\/p>\n<p>&nbsp;<\/p>\n<p><strong>AUDIT FINANCIAR<\/strong><\/p>\n<p>Calitatea profesional\u0103 de auditor financiar \u00een Rom\u00e2nia<\/p>\n<p>Misiunea de audit statutar<\/p>\n<p>&nbsp;<\/p>\n<p><strong>POLITICI \u015eI OP\u0162IUNI CONTABILE<\/strong><\/p>\n<p>Politici contabile privind imobiliz\u0103rile corporale. Studiu de caz la societatea&#8230;<\/p>\n<p>Politici contabile privind stocurile. Studiu de caz la societatea&#8230;<\/p>\n<p>Politici contabile privind fluxurile de trezorerie. Studiu de caz la societatea&#8230;<\/p>\n<p>Politici contabile privind \u00eentocmirea \u015fi prezentarea situa\u0163iilor financiare. Studiu de caz la societatea&#8230;<\/p>\n<p>&nbsp;<\/p>\n<p><strong>SISTEME INFORMATICE DE GESTIUNE<\/strong><\/p>\n<p>Proiectarea unui sistem informatic privind gestiunea imobiliz\u0103rilor societ\u0103\u0163ii\u2026<\/p>\n<p>Proiectarea unui sistem informatic privind gestiunea stocurilor societ\u0103\u0163ii\u2026<\/p>\n<p>Proiectarea unui sistem informatic privind eviden\u021ba salaria\u021bilor societ\u0103\u0163ii&#8230;<\/p>\n<p>Proiectarea unui sistem informatic privind gestiunea opera\u021biunilor bancare ale societ\u0103\u021bii\u2026<\/p>\n","protected":false},"excerpt":{"rendered":"<p>&nbsp; CONTABILITATE FINANCIAR\u0102 I Contabilitatea datoriilor pe termen lung. Studiu de caz la societatea&#8230; Contabilitatea stocurilor de m\u0103rfuri \u015fi ambalaje. Studiu de caz la societatea&#8230; &nbsp; EXPERTIZ\u0102 CONTABIL\u0102 \u0218I CONSULTAN\u021a\u0102 FISCAL\u0102 Calitatea profesional\u0103 de expert contabil \u00een Rom\u00e2nia Misiunea de expertiz\u0103 contabil\u0103 judiciar\u0103 &nbsp; AUDIT FINANCIAR Calitatea profesional\u0103 de auditor financiar \u00een Rom\u00e2nia Misiunea de [&hellip;]<\/p>\n","protected":false},"author":164,"featured_media":0,"parent":0,"menu_order":0,"comment_status":"closed","ping_status":"closed","template":"","meta":{"footnotes":""},"class_list":["post-10","page","type-page","status-publish","hentry"],"_links":{"self":[{"href":"https:\/\/cadredidactice.ub.ro\/mihaelaenachi\/wp-json\/wp\/v2\/pages\/10","targetHints":{"allow":["GET"]}}],"collection":[{"href":"https:\/\/cadredidactice.ub.ro\/mihaelaenachi\/wp-json\/wp\/v2\/pages"}],"about":[{"href":"https:\/\/cadredidactice.ub.ro\/mihaelaenachi\/wp-json\/wp\/v2\/types\/page"}],"author":[{"embeddable":true,"href":"https:\/\/cadredidactice.ub.ro\/mihaelaenachi\/wp-json\/wp\/v2\/users\/164"}],"replies":[{"embeddable":true,"href":"https:\/\/cadredidactice.ub.ro\/mihaelaenachi\/wp-json\/wp\/v2\/comments?post=10"}],"version-history":[{"count":11,"href":"https:\/\/cadredidactice.ub.ro\/mihaelaenachi\/wp-json\/wp\/v2\/pages\/10\/revisions"}],"predecessor-version":[{"id":111,"href":"https:\/\/cadredidactice.ub.ro\/mihaelaenachi\/wp-json\/wp\/v2\/pages\/10\/revisions\/111"}],"wp:attachment":[{"href":"https:\/\/cadredidactice.ub.ro\/mihaelaenachi\/wp-json\/wp\/v2\/media?parent=10"}],"curies":[{"name":"wp","href":"https:\/\/api.w.org\/{rel}","templated":true}]}}