{"id":8,"date":"2011-03-14T21:25:36","date_gmt":"2011-03-14T19:25:36","guid":{"rendered":"http:\/\/cadredidactice.ub.ro\/marcelinamocanu\/?page_id=8"},"modified":"2012-11-29T09:11:51","modified_gmt":"2012-11-29T07:11:51","slug":"teme-de-licenta","status":"publish","type":"page","link":"https:\/\/cadredidactice.ub.ro\/marcelinamocanu\/teme-de-licenta\/","title":{"rendered":"Teme de licenta"},"content":{"rendered":"<p>Lista temelor de licen\u0163\u0103 pentru anul universitar 2012-2013, specializarea Matematic\u0103, se g\u0103se\u015fte la avizierul Facult\u0103\u0163ii de \u015etiin\u0163e, corpul D, etajul II.<\/p>\n<p>Pentru a confirma alegerea unei tem\u0103 de licen\u0163\u0103 trebuie s\u0103 v\u0103 adresa\u0163i directorului Departamentului de Matematic\u0103, Informatic\u0103 \u015fi \u015etiin\u0163ele Educa\u0163iei, domnul Iulian Furdu.<\/p>\n","protected":false},"excerpt":{"rendered":"<p>Lista temelor de licen\u0163\u0103 pentru anul universitar 2012-2013, specializarea Matematic\u0103, se g\u0103se\u015fte la avizierul Facult\u0103\u0163ii de \u015etiin\u0163e, corpul D, etajul II. Pentru a confirma alegerea unei tem\u0103 de licen\u0163\u0103 trebuie s\u0103 v\u0103 adresa\u0163i directorului Departamentului de Matematic\u0103, Informatic\u0103 \u015fi \u015etiin\u0163ele &hellip;<\/p>\n<p class=\"read-more\"><a href=\"https:\/\/cadredidactice.ub.ro\/marcelinamocanu\/teme-de-licenta\/\">Continue reading<\/a><\/p>\n","protected":false},"author":172,"featured_media":0,"parent":0,"menu_order":0,"comment_status":"open","ping_status":"open","template":"","meta":{"footnotes":""},"class_list":["post-8","page","type-page","status-publish","hentry"],"_links":{"self":[{"href":"https:\/\/cadredidactice.ub.ro\/marcelinamocanu\/wp-json\/wp\/v2\/pages\/8","targetHints":{"allow":["GET"]}}],"collection":[{"href":"https:\/\/cadredidactice.ub.ro\/marcelinamocanu\/wp-json\/wp\/v2\/pages"}],"about":[{"href":"https:\/\/cadredidactice.ub.ro\/marcelinamocanu\/wp-json\/wp\/v2\/types\/page"}],"author":[{"embeddable":true,"href":"https:\/\/cadredidactice.ub.ro\/marcelinamocanu\/wp-json\/wp\/v2\/users\/172"}],"replies":[{"embeddable":true,"href":"https:\/\/cadredidactice.ub.ro\/marcelinamocanu\/wp-json\/wp\/v2\/comments?post=8"}],"version-history":[{"count":0,"href":"https:\/\/cadredidactice.ub.ro\/marcelinamocanu\/wp-json\/wp\/v2\/pages\/8\/revisions"}],"wp:attachment":[{"href":"https:\/\/cadredidactice.ub.ro\/marcelinamocanu\/wp-json\/wp\/v2\/media?parent=8"}],"curies":[{"name":"wp","href":"https:\/\/api.w.org\/{rel}","templated":true}]}}