{"id":10,"date":"2011-03-14T21:25:44","date_gmt":"2011-03-14T19:25:44","guid":{"rendered":"http:\/\/cadredidactice.ub.ro\/marcelinamocanu\/?page_id=10"},"modified":"2012-11-28T14:47:51","modified_gmt":"2012-11-28T12:47:51","slug":"anunturi","status":"publish","type":"page","link":"https:\/\/cadredidactice.ub.ro\/marcelinamocanu\/anunturi\/","title":{"rendered":"Anunturi"},"content":{"rendered":"<p><strong>An universitar 2012-2013,<\/strong> <strong>Semestrul I<br \/>\nConsulta\u0163ii <\/strong><br \/>\nLuni 14-16: Consulta\u0163ii la disciplinele predate<br \/>\nVineri 12-14: Consulta\u0163ii pentru lucr\u0103rile de finalizare a studiilor <\/p>\n","protected":false},"excerpt":{"rendered":"<p>An universitar 2012-2013, Semestrul I Consulta\u0163ii Luni 14-16: Consulta\u0163ii la disciplinele predate Vineri 12-14: Consulta\u0163ii pentru lucr\u0103rile de finalizare a studiilor<\/p>\n","protected":false},"author":172,"featured_media":0,"parent":0,"menu_order":0,"comment_status":"open","ping_status":"open","template":"","meta":{"footnotes":""},"class_list":["post-10","page","type-page","status-publish","hentry"],"_links":{"self":[{"href":"https:\/\/cadredidactice.ub.ro\/marcelinamocanu\/wp-json\/wp\/v2\/pages\/10","targetHints":{"allow":["GET"]}}],"collection":[{"href":"https:\/\/cadredidactice.ub.ro\/marcelinamocanu\/wp-json\/wp\/v2\/pages"}],"about":[{"href":"https:\/\/cadredidactice.ub.ro\/marcelinamocanu\/wp-json\/wp\/v2\/types\/page"}],"author":[{"embeddable":true,"href":"https:\/\/cadredidactice.ub.ro\/marcelinamocanu\/wp-json\/wp\/v2\/users\/172"}],"replies":[{"embeddable":true,"href":"https:\/\/cadredidactice.ub.ro\/marcelinamocanu\/wp-json\/wp\/v2\/comments?post=10"}],"version-history":[{"count":0,"href":"https:\/\/cadredidactice.ub.ro\/marcelinamocanu\/wp-json\/wp\/v2\/pages\/10\/revisions"}],"wp:attachment":[{"href":"https:\/\/cadredidactice.ub.ro\/marcelinamocanu\/wp-json\/wp\/v2\/media?parent=10"}],"curies":[{"name":"wp","href":"https:\/\/api.w.org\/{rel}","templated":true}]}}