{"id":8,"date":"2011-03-14T00:22:27","date_gmt":"2011-03-13T22:22:27","guid":{"rendered":"http:\/\/cadredidactice.ub.ro\/luminitazait\/?page_id=8"},"modified":"2011-03-14T00:23:19","modified_gmt":"2011-03-13T22:23:19","slug":"teme-lucrari-licenta","status":"publish","type":"page","link":"https:\/\/cadredidactice.ub.ro\/luminitazait\/teme-lucrari-licenta\/","title":{"rendered":"teme lucrari licenta"},"content":{"rendered":"<p style=\"text-align: left\">TEME DE LICENTA<br \/>\nASIST.UNIV.DRD. ZAIT LUMINI\u0162A<\/p>\n<p>1.\u00a0\u00a0\u00a0 Analiza pie\u0163ei \u00eentreprinderii S.C. \u2026&#8230;\u2026 \u015fi a posibilit\u0103\u0163ilor de extindere a acesteia.<br \/>\n2.\u00a0\u00a0\u00a0 Analiza pietei produsului &#8230;&#8230;&#8230; Studiu de caz la S.C. &#8230;&#8230;&#8230;&#8230;&#8230;&#8230;&#8230;&#8230;&#8230;&#8230;&#8230;&#8230;&#8230;&#8230;..<br \/>\n3.\u00a0\u00a0\u00a0 Analiza contextului concuren\u0163ial la nivelul pie\u0163ei produsului (generic)\/ pietei \u00eentreprinderii&#8230;&#8230;&#8230;&#8230;&#8230;&#8230;<br \/>\n4.\u00a0\u00a0\u00a0 Diagnoza mediului de marketing. Studiu de caz la nivelul S.C. &#8230;&#8230;&#8230;&#8230;&#8230;&#8230;&#8230;&#8230;&#8230;&#8230;.<br \/>\n5.\u00a0\u00a0\u00a0 Managementul rela\u0163iilor cu clien\u0163ii \u00een cadrul S.C&#8230;&#8230;&#8230;&#8230;&#8230;&#8230;&#8230;&#8230;&#8230;&#8230;&#8230;&#8230;&#8230;&#8230;&#8230;&#8230;&#8230;&#8230;<br \/>\n6.\u00a0\u00a0\u00a0 Managementul rela\u0163iilor cu clien\u0163ii \u00een sistemul public. Opera\u0163ionalizarea conceptului de rela\u0163ionare cu p\u0103r\u0163ile interesate prin intermediul platformelor de e-guvernare.<br \/>\n7.\u00a0\u00a0\u00a0 Analiza si gestiunea portofoliului de clien\u0163i. Studiu de caz la nivelul S.C. &#8230;&#8230;&#8230;&#8230;&#8230;&#8230;&#8230;&#8230;&#8230;<br \/>\n8.\u00a0\u00a0\u00a0 Aplica\u0163ii ale Internetului \u00een activitatea de marketing a organiza\u0163iilor moderne.<br \/>\n9.\u00a0\u00a0\u00a0 Organizarea activit\u0103\u0163ii de marketing la nivelul S.C. &#8230;&#8230;&#8230;&#8230;&#8230;&#8230;&#8230;&#8230;&#8230;&#8230;&#8230;&#8230;&#8230;&#8230;&#8230;&#8230;.<br \/>\n10.\u00a0\u00a0\u00a0 Procesul decizional de marketing \u00een cadrul unit\u0103\u0163ii de activitate. Studiu de caz la nivelul S.C&#8230;&#8230;&#8230;&#8230;&#8230;&#8230;&#8230;.<br \/>\n11.\u00a0\u00a0\u00a0 Fundamentarea, elaborarea \u015fi implementarea unui plan de marketing la nivelul S.C&#8230;&#8230;&#8230;&#8230;&#8230;&#8230;&#8230;&#8230;&#8230;&#8230;&#8230;&#8230;&#8230;&#8230;..<br \/>\n12.\u00a0\u00a0\u00a0 Strategii concuren\u0163iale pe pia\u0163a &#8230;&#8230;&#8230;&#8230;&#8230;&#8230;&#8230;.<br \/>\n13.\u00a0\u00a0\u00a0 Modele de analiz\u0103 a competitivit\u0103\u0163ii organiza\u0163iei. Studiu de caz la nivelul S.C&#8230;&#8230;&#8230;&#8230;&#8230;&#8230;.<br \/>\n14.\u00a0\u00a0\u00a0 Strategii de marketing pe pia\u0163a &#8230;&#8230;&#8230;&#8230;&#8230;&#8230;&#8230;&#8230;&#8230;&#8230;&#8230;.. \u00een contextul crizei mondiale.<br \/>\n15.\u00a0\u00a0\u00a0 Strategii de marketing la nivelul pie\u0163ei de afaceri. Aplica\u0163ie practic\u0103 la S.C&#8230;&#8230;&#8230;&#8230;<br \/>\n16.\u00a0\u00a0\u00a0 Strategii de marketing la nivelul \u00eentreprinderilor mici \u015fi mijlocii. Aplica\u0163ie la nivelul S.C&#8230;&#8230;&#8230;&#8230;&#8230;&#8230;.<br \/>\n17.\u00a0\u00a0\u00a0 Politica de produs la nivelul S.C&#8230;&#8230;&#8230;&#8230;&#8230;&#8230;&#8230;&#8230;&#8230;&#8230;&#8230;&#8230;&#8230;&#8230;&#8230;&#8230;&#8230;&#8230;&#8230;&#8230;&#8230;&#8230;&#8230;&#8230;&#8230;&#8230;..<br \/>\n18.\u00a0\u00a0\u00a0 Politica de pre\u0163 la nivelul S.C&#8230;&#8230;&#8230;&#8230;&#8230;&#8230;&#8230;&#8230;&#8230; &#8230;&#8230;&#8230;&#8230;&#8230;&#8230;&#8230;&#8230;&#8230;&#8230;&#8230;&#8230;&#8230;&#8230;&#8230;&#8230;&#8230;&#8230;..<br \/>\n19.\u00a0\u00a0\u00a0 Politica de distribu\u0163ie la nivelul S.C. &#8230;&#8230;&#8230;&#8230;&#8230;&#8230;&#8230;&#8230;&#8230;&#8230;&#8230;&#8230;&#8230;&#8230;&#8230;&#8230;&#8230;&#8230;&#8230;&#8230;&#8230;&#8230;&#8230;&#8230;<br \/>\n20.\u00a0\u00a0\u00a0 Politica de comunicare la nivelul S.C. &#8230;&#8230;&#8230;&#8230;&#8230;&#8230;&#8230;&#8230;&#8230;&#8230;&#8230;&#8230;&#8230;&#8230;&#8230;&#8230;&#8230;&#8230;&#8230;&#8230;&#8230;&#8230;&#8230;.<\/p>\n<p>Data \u00a0\u00a0\u00a0 \u00a0\u00a0\u00a0 \u00a0\u00a0\u00a0 \u00a0\u00a0\u00a0 \u00a0\u00a0\u00a0 \u00a0\u00a0\u00a0 \u00a0\u00a0\u00a0 \u00a0\u00a0\u00a0 \u00a0\u00a0\u00a0 Intocmit<br \/>\n01.10.2010\u00a0\u00a0\u00a0 \u00a0\u00a0\u00a0 \u00a0\u00a0\u00a0 \u00a0\u00a0\u00a0 \u00a0\u00a0\u00a0 \u00a0\u00a0\u00a0 \u00a0\u00a0\u00a0 Asist.univ.drd. Zait Luminita<\/p>\n","protected":false},"excerpt":{"rendered":"<p>TEME DE LICENTA ASIST.UNIV.DRD. ZAIT LUMINI\u0162A 1.\u00a0\u00a0\u00a0 Analiza pie\u0163ei \u00eentreprinderii S.C. \u2026&#8230;\u2026 \u015fi a posibilit\u0103\u0163ilor de extindere a acesteia. 2.\u00a0\u00a0\u00a0 Analiza pietei produsului &#8230;&#8230;&#8230; Studiu de caz la S.C. &#8230;&#8230;&#8230;&#8230;&#8230;&#8230;&#8230;&#8230;&#8230;&#8230;&#8230;&#8230;&#8230;&#8230;.. 3.\u00a0\u00a0\u00a0 Analiza contextului concuren\u0163ial la nivelul pie\u0163ei produsului (generic)\/ pietei &hellip;<\/p>\n<p class=\"read-more\"><a href=\"https:\/\/cadredidactice.ub.ro\/luminitazait\/teme-lucrari-licenta\/\">Continue reading<\/a><\/p>\n","protected":false},"author":160,"featured_media":0,"parent":0,"menu_order":0,"comment_status":"closed","ping_status":"closed","template":"","meta":{"footnotes":""},"class_list":["post-8","page","type-page","status-publish","hentry"],"_links":{"self":[{"href":"https:\/\/cadredidactice.ub.ro\/luminitazait\/wp-json\/wp\/v2\/pages\/8","targetHints":{"allow":["GET"]}}],"collection":[{"href":"https:\/\/cadredidactice.ub.ro\/luminitazait\/wp-json\/wp\/v2\/pages"}],"about":[{"href":"https:\/\/cadredidactice.ub.ro\/luminitazait\/wp-json\/wp\/v2\/types\/page"}],"author":[{"embeddable":true,"href":"https:\/\/cadredidactice.ub.ro\/luminitazait\/wp-json\/wp\/v2\/users\/160"}],"replies":[{"embeddable":true,"href":"https:\/\/cadredidactice.ub.ro\/luminitazait\/wp-json\/wp\/v2\/comments?post=8"}],"version-history":[{"count":0,"href":"https:\/\/cadredidactice.ub.ro\/luminitazait\/wp-json\/wp\/v2\/pages\/8\/revisions"}],"wp:attachment":[{"href":"https:\/\/cadredidactice.ub.ro\/luminitazait\/wp-json\/wp\/v2\/media?parent=8"}],"curies":[{"name":"wp","href":"https:\/\/api.w.org\/{rel}","templated":true}]}}