{"id":2,"date":"2011-03-10T20:05:23","date_gmt":"2011-03-10T18:05:23","guid":{"rendered":""},"modified":"2011-03-14T00:20:09","modified_gmt":"2011-03-13T22:20:09","slug":"about","status":"publish","type":"page","link":"https:\/\/cadredidactice.ub.ro\/luminitazait\/about\/","title":{"rendered":"Despre"},"content":{"rendered":"<p><strong>CV<\/strong><\/p>\n<ul>\n<li><a href=\"https:\/\/cadredidactice.ub.ro\/wp-content\/uploads\/sites\/172\/2011\/03\/cv-zait-luminita.pdf\">Asist. univ. drd. Lumini\u0163a ZAI\u0162<\/a><\/li>\n<\/ul>\n<p><strong>Lista lucrari stiintifice<\/strong><\/p>\n<ul>\n<li><a href=\"https:\/\/cadredidactice.ub.ro\/wp-content\/uploads\/sites\/172\/2011\/03\/activitate-stiintifica-zait-luminita.pdf\">Asist. univ. drd. Lumini\u0163a ZAI\u0162<\/a><\/li>\n<\/ul>\n","protected":false},"excerpt":{"rendered":"<p>CV Asist. univ. drd. Lumini\u0163a ZAI\u0162 Lista lucrari stiintifice Asist. univ. drd. Lumini\u0163a ZAI\u0162<\/p>\n","protected":false},"author":160,"featured_media":0,"parent":0,"menu_order":0,"comment_status":"closed","ping_status":"closed","template":"","meta":{"footnotes":""},"class_list":["post-2","page","type-page","status-publish","hentry"],"_links":{"self":[{"href":"https:\/\/cadredidactice.ub.ro\/luminitazait\/wp-json\/wp\/v2\/pages\/2","targetHints":{"allow":["GET"]}}],"collection":[{"href":"https:\/\/cadredidactice.ub.ro\/luminitazait\/wp-json\/wp\/v2\/pages"}],"about":[{"href":"https:\/\/cadredidactice.ub.ro\/luminitazait\/wp-json\/wp\/v2\/types\/page"}],"author":[{"embeddable":true,"href":"https:\/\/cadredidactice.ub.ro\/luminitazait\/wp-json\/wp\/v2\/users\/160"}],"replies":[{"embeddable":true,"href":"https:\/\/cadredidactice.ub.ro\/luminitazait\/wp-json\/wp\/v2\/comments?post=2"}],"version-history":[{"count":0,"href":"https:\/\/cadredidactice.ub.ro\/luminitazait\/wp-json\/wp\/v2\/pages\/2\/revisions"}],"wp:attachment":[{"href":"https:\/\/cadredidactice.ub.ro\/luminitazait\/wp-json\/wp\/v2\/media?parent=2"}],"curies":[{"name":"wp","href":"https:\/\/api.w.org\/{rel}","templated":true}]}}