{"id":2,"date":"2016-02-15T22:39:02","date_gmt":"2016-02-15T20:39:02","guid":{"rendered":"http:\/\/cadredidactice.ub.ro\/liviananiminet\/about\/"},"modified":"2016-04-05T21:39:16","modified_gmt":"2016-04-05T19:39:16","slug":"about","status":"publish","type":"page","link":"https:\/\/cadredidactice.ub.ro\/liviananiminet\/about\/","title":{"rendered":"Despre"},"content":{"rendered":"<p><strong><a href=\"https:\/\/cadredidactice.ub.ro\/wp-content\/uploads\/sites\/163\/2016\/04\/CV-Liviana-Niminet-2016.pdf\" rel=\"\">CV Liviana Niminet 2016<\/a><\/strong><\/p>\n<p><strong><a href=\"https:\/\/cadredidactice.ub.ro\/wp-content\/uploads\/sites\/163\/2016\/04\/LISTA-DE-LUCRARI-pentru-site.pdf\" rel=\"\">LISTA DE LUCRARI pentru site<\/a><\/strong><\/p>\n<p>&nbsp;<\/p>\n<ul>\n<li><em>Lect.univ.dr. <a href=\"https:\/\/cadredidactice.ub.ro\/wp-content\/uploads\/sites\/163\/2011\/03\/niminet_liviana.pdf\">Liviana Andreea NIMINE\u0162<\/a><\/em><\/li>\n<\/ul>\n<p><strong>List\u0103 lucr\u0103ri publicate<\/strong><\/p>\n<div><em>Lect.univ.dr. <a href=\"https:\/\/cadredidactice.ub.ro\/wp-content\/uploads\/sites\/163\/2011\/03\/niminet_liviana_lista_lucrari.pdf\">Liviana Andreea\u00a0NIMINE\u0162<\/a><\/em><\/div>\n","protected":false},"excerpt":{"rendered":"<p>CV Liviana Niminet 2016 LISTA DE LUCRARI pentru site &nbsp; Lect.univ.dr. Liviana Andreea NIMINE\u0162 List\u0103 lucr\u0103ri publicate Lect.univ.dr. Liviana Andreea\u00a0NIMINE\u0162<\/p>\n","protected":false},"author":151,"featured_media":0,"parent":0,"menu_order":0,"comment_status":"closed","ping_status":"closed","template":"","meta":{"footnotes":""},"class_list":["post-2","page","type-page","status-publish","hentry"],"_links":{"self":[{"href":"https:\/\/cadredidactice.ub.ro\/liviananiminet\/wp-json\/wp\/v2\/pages\/2","targetHints":{"allow":["GET"]}}],"collection":[{"href":"https:\/\/cadredidactice.ub.ro\/liviananiminet\/wp-json\/wp\/v2\/pages"}],"about":[{"href":"https:\/\/cadredidactice.ub.ro\/liviananiminet\/wp-json\/wp\/v2\/types\/page"}],"author":[{"embeddable":true,"href":"https:\/\/cadredidactice.ub.ro\/liviananiminet\/wp-json\/wp\/v2\/users\/151"}],"replies":[{"embeddable":true,"href":"https:\/\/cadredidactice.ub.ro\/liviananiminet\/wp-json\/wp\/v2\/comments?post=2"}],"version-history":[{"count":5,"href":"https:\/\/cadredidactice.ub.ro\/liviananiminet\/wp-json\/wp\/v2\/pages\/2\/revisions"}],"predecessor-version":[{"id":32,"href":"https:\/\/cadredidactice.ub.ro\/liviananiminet\/wp-json\/wp\/v2\/pages\/2\/revisions\/32"}],"wp:attachment":[{"href":"https:\/\/cadredidactice.ub.ro\/liviananiminet\/wp-json\/wp\/v2\/media?parent=2"}],"curies":[{"name":"wp","href":"https:\/\/api.w.org\/{rel}","templated":true}]}}