{"id":10,"date":"2011-03-01T21:07:43","date_gmt":"2011-03-01T19:07:43","guid":{"rendered":"http:\/\/cadredidactice.ub.ro\/lilianatopliceanu\/?page_id=10"},"modified":"2011-03-01T21:07:43","modified_gmt":"2011-03-01T19:07:43","slug":"teme-lucrari-licenta","status":"publish","type":"page","link":"https:\/\/cadredidactice.ub.ro\/lilianatopliceanu\/teme-lucrari-licenta\/","title":{"rendered":"teme lucrari licenta"},"content":{"rendered":"<p>TEME DE LICEN\u021a\u0102 2010-2011<\/p>\n<p>1. STUDII PRIVIND ALIMENTAREA CU LUBRIFIANT A GHIDAJELOR HIDROSTATICE<br \/>\nCuprins:<br \/>\nCap.1. No\u0163iuni introductive<br \/>\n1.1\u00a0\u00a0\u00a0 Clasificarea ghidajelor<br \/>\n1.2\u00a0\u00a0\u00a0 \u00a0Materiale pentru ghidajele ma\u015finilor-unelte<br \/>\nCap. 2 Ghidaje hidrostatice<br \/>\n2.1 Avantaje \u015fi dezavantaje ale ghidajelor hidrostatice<br \/>\n2.2 Aplica\u0163ii ale sistemelor hidrostatice \u00een construc\u0163ia de ma\u015fini<br \/>\nCap.3 Sisteme de alimentare cu lubrifiant a ghidajelor hidrostatice<br \/>\n3.1 Alimentarea cu debit constant a ghidajelor hidrostatice<br \/>\n3.2 Alimentarea cu presiune constant\u0103 a ghidajelor hidrostatice<br \/>\n3.3 Alimentarea prin regulatoare automate de debit a ghidajelor hidrostatice.<br \/>\nCap.4 Calculul elementelor componente ale schemei hidraulice<br \/>\nCap.5 Concluzii<\/p>\n<p>2. CERCET\u0102RI PRIVIND EFICIEN\u0162A ENERGETIC\u0102 A SISTEMELOR HIDROSTATICE CU REGLAJ SECUNDAR<br \/>\nCuprins:<br \/>\nCap.1 No\u0163iuni introductive<br \/>\nDefini\u0163ia ac\u0163ion\u0103rilor hidrostatice. Avantajele \u015fi dezavantajele sistemelor \u00a0\u00a0\u00a0 de\u00a0 ac\u0163ionare hidrostatice.<br \/>\nPrincipiul de func\u0163ionare al sistemelor de ac\u0163ionare hidrostatice<br \/>\nCap.2 Reglarea secundar\u0103 \u00een ac\u0163ion\u0103rile hidrostatice<br \/>\n2.1 Principiile reglajului secundar<br \/>\n2.2 Modele conceptuale de realizare a regl\u0103rii secundare<br \/>\n2.3 Eficien\u0163a energetic\u0103 a sistemelor hidrostatice cu reglaj secundar<br \/>\nCap.3 Modelarea \u015fi simularea unui sistem hidrostatic cu reglaj secundar cu ajutorul programului SimHydraulics<br \/>\n3.1 Mediul de programare SimHydraulics<br \/>\n3.2 Construc\u0163ia \u015fi simularea sistemului hidrostatic cu reglaj secundar \u00een SimHydraulics.<\/p>\n<p>3. DETERMINAREA GRADULUI DE UZUR\u0102 LA POMPELE CU RO\u0162I DIN\u0162ATE<br \/>\nCuprins:<br \/>\nCap.1 No\u0163iuni introductive<br \/>\n1.1\u00a0\u00a0\u00a0 Clasificarea constructiv-func\u0163ional\u0103 a ma\u015finilor hidrostatice volumice<br \/>\nCap.2 Pompe cu ro\u0163i din\u0163ate<br \/>\n2.1 Clasificarea \u015fi principiul de func\u0163ionare a pompelor cu ro\u0163i din\u0163ate<br \/>\n2.1.1 Pompe cu angrenare exterioar\u0103<br \/>\n2.1.2 Pompe cu angrenare interioar\u0103<br \/>\n2.1.3 Modalit\u0103\u0163i de instalare a pompei cu ro\u0163i din\u0163ate<br \/>\n2.2\u00a0 Probleme specifice func\u0163ion\u0103rii pompelor cu ro\u0163i di\u0163ate<br \/>\n2.2.1 Comprimarea lichidului de lucru \u00een dantur\u0103<br \/>\n2.2.2 Aspira\u0163ia \u015fi influen\u0163a vitezei periferice asupra umplerii\u00a0\u00a0\u00a0 golurilor dintre din\u0163i<br \/>\n2.2.3 Probleme de calcul \u015fi proiectare la pompele cu ro\u0163i din\u0163ate<br \/>\n2.3 Materiale, defec\u0163iuni \u015fi modul de remediere la pompele cu ro\u0163i\u00a0\u00a0\u00a0\u00a0 din\u0163ate<br \/>\nCap.3 \u00cencercarea pompelor cu ro\u0163i din\u0163ate<br \/>\n3.1 Concep\u0163ia schemei hidraulice a standului de prob\u0103<br \/>\n3.2 Modul de lucru<br \/>\n3.3 Rezultatele \u00eencerc\u0103rilor<br \/>\nCap.4 Concluzii<\/p>\n<p>4. SISTEM PNEUMATIC DE AMBALARE ECOLEAN EL1<br \/>\nCuprins:<br \/>\nCap. 1 Utilizarea sistemelor ac\u0163ion\u0103rilor hidraulice \u015fi pneumatice \u00een industrie<br \/>\n1.1\u00a0\u00a0\u00a0 Domenii de utilizare specifice ac\u0163ion\u0103rilor pneumatice<br \/>\n1.2\u00a0\u00a0\u00a0 Avantaje \u015fi limit\u0103ri \u00een utilizarea ac\u0163ion\u0103rilor pneumatice<br \/>\nCap.2 Structura sistemelor de ac\u0163ionare pneumatic\u0103<br \/>\n2.1 No\u0163iuni teoretice privind func\u0163ionarea sistemelor pneumatice<br \/>\n2.2 Principiul de func\u0163ionare \u015fi elemente componente<br \/>\nCap.3 Sistemul pneumatic de ambalare ECOLEAN EL1<br \/>\n3.1 Linii de ambalare pneumatice<br \/>\n3.2 Sistemul ECOLEAN EL 1<br \/>\n-principiul de func\u0163ionare<br \/>\n-schema pneumatic\u0103<br \/>\n-elemente componente<br \/>\n3.3 Calculul elementelor liniei de ambalare ECOLEAN EL 1<br \/>\nCap.4 Concluzii<\/p>\n<p>5. PRESE HIDRAULICE<br \/>\nCuprins:<br \/>\nCap. 1 Introducere<br \/>\n1.1\u00a0\u00a0\u00a0 Utilizarea ac\u0163ion\u0103rilor hidraulice \u00een industrie<br \/>\n1.2\u00a0\u00a0\u00a0 Avantaje \u015fi dezavantaje ale ac\u0163ion\u0103rilor hidraulice<br \/>\nCap. 2\u00a0 Prese hidraulice<br \/>\n2.1 Domenii de utilizare-tipuri de prese<br \/>\n2.2 Schema hidraulic\u0103 \u015fi elementele componente<br \/>\nCap.3 Presa hidraulic\u0103 tip HCP 30<br \/>\n3.1 Calculul presei<br \/>\n&#8211; stabilirea for\u0163ei de presare<br \/>\n&#8211; calculul cilindrului hidraulic<br \/>\n&#8211; elementele componente ale schemei<br \/>\n-calculul conductelor<br \/>\nCap.4 Standul experimental<br \/>\nCap.5 Concluzii<\/p>\n<p>6. SISTEM PNEUMATIC DE AC\u0162IONARE CU MOTOR LINIAR<br \/>\nCuprins:<br \/>\nCap.1 Introducere<br \/>\n1.1\u00a0\u00a0\u00a0 Defini\u0163ia ac\u0163ion\u0103rilor pneumatice. Avantaje \u015fi dezavantaje.<br \/>\n1.2\u00a0\u00a0\u00a0 Prescrip\u0163ii de proiectare a sistemelor pneumatice<br \/>\nCap.2 Mediul de lucru \u00een ac\u0163ion\u0103rile pneumatice<br \/>\n2.1 Fenomene specifice<br \/>\nCap.3 Proiectarea unui sistem pneumatic cu motor liniar<br \/>\n3.1 Schema pneumatic\u0103<br \/>\n3.2 Calculul elementelor pneumatice<br \/>\nCap.4 Standul demonstrativ<\/p>\n","protected":false},"excerpt":{"rendered":"<p>TEME DE LICEN\u021a\u0102 2010-2011 1. STUDII PRIVIND ALIMENTAREA CU LUBRIFIANT A GHIDAJELOR HIDROSTATICE Cuprins: Cap.1. No\u0163iuni introductive 1.1\u00a0\u00a0\u00a0 Clasificarea ghidajelor 1.2\u00a0\u00a0\u00a0 \u00a0Materiale pentru ghidajele ma\u015finilor-unelte Cap. 2 Ghidaje hidrostatice 2.1 Avantaje \u015fi dezavantaje ale ghidajelor hidrostatice 2.2 Aplica\u0163ii ale sistemelor &hellip;<\/p>\n<p class=\"read-more\"><a href=\"https:\/\/cadredidactice.ub.ro\/lilianatopliceanu\/teme-lucrari-licenta\/\">Continue reading<\/a><\/p>\n","protected":false},"author":84,"featured_media":0,"parent":0,"menu_order":0,"comment_status":"closed","ping_status":"closed","template":"","meta":{"footnotes":""},"class_list":["post-10","page","type-page","status-publish","hentry"],"_links":{"self":[{"href":"https:\/\/cadredidactice.ub.ro\/lilianatopliceanu\/wp-json\/wp\/v2\/pages\/10","targetHints":{"allow":["GET"]}}],"collection":[{"href":"https:\/\/cadredidactice.ub.ro\/lilianatopliceanu\/wp-json\/wp\/v2\/pages"}],"about":[{"href":"https:\/\/cadredidactice.ub.ro\/lilianatopliceanu\/wp-json\/wp\/v2\/types\/page"}],"author":[{"embeddable":true,"href":"https:\/\/cadredidactice.ub.ro\/lilianatopliceanu\/wp-json\/wp\/v2\/users\/84"}],"replies":[{"embeddable":true,"href":"https:\/\/cadredidactice.ub.ro\/lilianatopliceanu\/wp-json\/wp\/v2\/comments?post=10"}],"version-history":[{"count":0,"href":"https:\/\/cadredidactice.ub.ro\/lilianatopliceanu\/wp-json\/wp\/v2\/pages\/10\/revisions"}],"wp:attachment":[{"href":"https:\/\/cadredidactice.ub.ro\/lilianatopliceanu\/wp-json\/wp\/v2\/media?parent=10"}],"curies":[{"name":"wp","href":"https:\/\/api.w.org\/{rel}","templated":true}]}}